{"id":331,"date":"2022-04-19T12:52:56","date_gmt":"2022-04-19T12:52:56","guid":{"rendered":"https:\/\/exceltic.serquo.com\/?page_id=331"},"modified":"2022-12-19T16:16:23","modified_gmt":"2022-12-19T16:16:23","slug":"kunstliche-intelligenz","status":"publish","type":"page","link":"https:\/\/exceltic.serquo.com\/de\/kunstliche-intelligenz\/","title":{"rendered":"K\u00fcnstliche Intelligenz"},"content":{"rendered":"","protected":false},"excerpt":{"rendered":"","protected":false},"author":1,"featured_media":2480,"parent":0,"menu_order":0,"comment_status":"closed","ping_status":"closed","template":"inteligencia-artificial","meta":{"footnotes":""},"class_list":["post-331","page","type-page","status-publish","has-post-thumbnail","hentry"],"yoast_head":"<!-- This site is optimized with the Yoast SEO plugin v26.9 - https:\/\/yoast.com\/product\/yoast-seo-wordpress\/ -->\n<title>Inteligencia artificial -<\/title>\n<meta name=\"description\" content=\"Saca el m\u00e1ximo potencial de tus datos a trav\u00e9s de tecnolog\u00edas como Machine Learning o Deep Learning, y resuelve problemas de tu compa\u00f1\u00eda\" \/>\n<meta name=\"robots\" content=\"index, follow, max-snippet:-1, max-image-preview:large, max-video-preview:-1\" \/>\n<link rel=\"canonical\" href=\"https:\/\/exceltic.serquo.com\/de\/kunstliche-intelligenz\/\" \/>\n<meta property=\"og:locale\" content=\"de_DE\" \/>\n<meta property=\"og:type\" content=\"article\" \/>\n<meta property=\"og:title\" content=\"Inteligencia artificial -\" \/>\n<meta property=\"og:description\" content=\"Saca el m\u00e1ximo potencial de tus datos a trav\u00e9s de tecnolog\u00edas como Machine Learning o Deep Learning, y resuelve problemas de tu compa\u00f1\u00eda\" \/>\n<meta property=\"og:url\" content=\"https:\/\/exceltic.serquo.com\/de\/kunstliche-intelligenz\/\" \/>\n<meta property=\"article:publisher\" content=\"https:\/\/www.facebook.com\/exceltic\/\" \/>\n<meta property=\"article:modified_time\" content=\"2022-12-19T16:16:23+00:00\" \/>\n<meta property=\"og:image\" content=\"https:\/\/exceltic.serquo.com\/wp-content\/uploads\/2022\/12\/Inteligencia-Artificial-1024x725.jpg\" \/>\n\t<meta property=\"og:image:width\" content=\"1024\" \/>\n\t<meta property=\"og:image:height\" content=\"725\" \/>\n\t<meta property=\"og:image:type\" content=\"image\/jpeg\" \/>\n<meta name=\"twitter:card\" content=\"summary_large_image\" \/>\n<meta name=\"twitter:site\" content=\"@exceltic\" \/>\n<script type=\"application\/ld+json\" class=\"yoast-schema-graph\">{\"@context\":\"https:\/\/schema.org\",\"@graph\":[{\"@type\":\"WebPage\",\"@id\":\"https:\/\/exceltic.serquo.com\/inteligencia-artificial\/\",\"url\":\"https:\/\/exceltic.serquo.com\/inteligencia-artificial\/\",\"name\":\"Inteligencia artificial -\",\"isPartOf\":{\"@id\":\"https:\/\/exceltic.serquo.com\/#website\"},\"primaryImageOfPage\":{\"@id\":\"https:\/\/exceltic.serquo.com\/inteligencia-artificial\/#primaryimage\"},\"image\":{\"@id\":\"https:\/\/exceltic.serquo.com\/inteligencia-artificial\/#primaryimage\"},\"thumbnailUrl\":\"https:\/\/exceltic.serquo.com\/wp-content\/uploads\/2022\/12\/Inteligencia-Artificial-scaled.jpg\",\"datePublished\":\"2022-04-19T12:52:56+00:00\",\"dateModified\":\"2022-12-19T16:16:23+00:00\",\"description\":\"Saca el m\u00e1ximo potencial de tus datos a trav\u00e9s de tecnolog\u00edas como Machine Learning o Deep Learning, y resuelve problemas de tu compa\u00f1\u00eda\",\"breadcrumb\":{\"@id\":\"https:\/\/exceltic.serquo.com\/inteligencia-artificial\/#breadcrumb\"},\"inLanguage\":\"de\",\"potentialAction\":[{\"@type\":\"ReadAction\",\"target\":[\"https:\/\/exceltic.serquo.com\/inteligencia-artificial\/\"]}]},{\"@type\":\"ImageObject\",\"inLanguage\":\"de\",\"@id\":\"https:\/\/exceltic.serquo.com\/inteligencia-artificial\/#primaryimage\",\"url\":\"https:\/\/exceltic.serquo.com\/wp-content\/uploads\/2022\/12\/Inteligencia-Artificial-scaled.jpg\",\"contentUrl\":\"https:\/\/exceltic.serquo.com\/wp-content\/uploads\/2022\/12\/Inteligencia-Artificial-scaled.jpg\",\"width\":2560,\"height\":1813,\"caption\":\"Inteligencia-Artificial\"},{\"@type\":\"BreadcrumbList\",\"@id\":\"https:\/\/exceltic.serquo.com\/inteligencia-artificial\/#breadcrumb\",\"itemListElement\":[{\"@type\":\"ListItem\",\"position\":1,\"name\":\"Portada\",\"item\":\"https:\/\/exceltic.serquo.com\/\"},{\"@type\":\"ListItem\",\"position\":2,\"name\":\"Inteligencia artificial\"}]},{\"@type\":\"WebSite\",\"@id\":\"https:\/\/exceltic.serquo.com\/#website\",\"url\":\"https:\/\/exceltic.serquo.com\/\",\"name\":\"\",\"description\":\"Ingenier\u00eda y Consultor\u00eda\",\"potentialAction\":[{\"@type\":\"SearchAction\",\"target\":{\"@type\":\"EntryPoint\",\"urlTemplate\":\"https:\/\/exceltic.serquo.com\/?s={search_term_string}\"},\"query-input\":{\"@type\":\"PropertyValueSpecification\",\"valueRequired\":true,\"valueName\":\"search_term_string\"}}],\"inLanguage\":\"de\"}]}<\/script>\n<!-- \/ Yoast SEO plugin. -->","yoast_head_json":{"title":"K\u00fcnstliche Intelligenz","description":"Holen Sie mithilfe von Technologien wie maschinellem Lernen oder Deep Learning das Beste aus Ihren Daten heraus und l\u00f6sen Sie die Probleme Ihres Unternehmens.","robots":{"index":"index","follow":"follow","max-snippet":"max-snippet:-1","max-image-preview":"max-image-preview:large","max-video-preview":"max-video-preview:-1"},"canonical":"https:\/\/exceltic.serquo.com\/de\/kunstliche-intelligenz\/","og_locale":"de_DE","og_type":"article","og_title":"Inteligencia artificial -","og_description":"Saca el m\u00e1ximo potencial de tus datos a trav\u00e9s de tecnolog\u00edas como Machine Learning o Deep Learning, y resuelve problemas de tu compa\u00f1\u00eda","og_url":"https:\/\/exceltic.serquo.com\/de\/kunstliche-intelligenz\/","article_publisher":"https:\/\/www.facebook.com\/exceltic\/","article_modified_time":"2022-12-19T16:16:23+00:00","og_image":[{"width":1024,"height":725,"url":"https:\/\/exceltic.serquo.com\/wp-content\/uploads\/2022\/12\/Inteligencia-Artificial-1024x725.jpg","type":"image\/jpeg"}],"twitter_card":"summary_large_image","twitter_site":"@exceltic","schema":{"@context":"https:\/\/schema.org","@graph":[{"@type":"WebPage","@id":"https:\/\/exceltic.serquo.com\/inteligencia-artificial\/","url":"https:\/\/exceltic.serquo.com\/inteligencia-artificial\/","name":"K\u00fcnstliche Intelligenz","isPartOf":{"@id":"https:\/\/exceltic.serquo.com\/#website"},"primaryImageOfPage":{"@id":"https:\/\/exceltic.serquo.com\/inteligencia-artificial\/#primaryimage"},"image":{"@id":"https:\/\/exceltic.serquo.com\/inteligencia-artificial\/#primaryimage"},"thumbnailUrl":"https:\/\/exceltic.serquo.com\/wp-content\/uploads\/2022\/12\/Inteligencia-Artificial-scaled.jpg","datePublished":"2022-04-19T12:52:56+00:00","dateModified":"2022-12-19T16:16:23+00:00","description":"Holen Sie mithilfe von Technologien wie maschinellem Lernen oder Deep Learning das Beste aus Ihren Daten heraus und l\u00f6sen Sie die Probleme Ihres Unternehmens.","breadcrumb":{"@id":"https:\/\/exceltic.serquo.com\/inteligencia-artificial\/#breadcrumb"},"inLanguage":"de","potentialAction":[{"@type":"ReadAction","target":["https:\/\/exceltic.serquo.com\/inteligencia-artificial\/"]}]},{"@type":"ImageObject","inLanguage":"de","@id":"https:\/\/exceltic.serquo.com\/inteligencia-artificial\/#primaryimage","url":"https:\/\/exceltic.serquo.com\/wp-content\/uploads\/2022\/12\/Inteligencia-Artificial-scaled.jpg","contentUrl":"https:\/\/exceltic.serquo.com\/wp-content\/uploads\/2022\/12\/Inteligencia-Artificial-scaled.jpg","width":2560,"height":1813,"caption":"Inteligencia-Artificial"},{"@type":"BreadcrumbList","@id":"https:\/\/exceltic.serquo.com\/inteligencia-artificial\/#breadcrumb","itemListElement":[{"@type":"ListItem","position":1,"name":"Portada","item":"https:\/\/exceltic.serquo.com\/"},{"@type":"ListItem","position":2,"name":"Inteligencia artificial"}]},{"@type":"WebSite","@id":"https:\/\/exceltic.serquo.com\/#website","url":"https:\/\/exceltic.serquo.com\/","name":"","description":"Engineering und Beratung","potentialAction":[{"@type":"SearchAction","target":{"@type":"EntryPoint","urlTemplate":"https:\/\/exceltic.serquo.com\/?s={search_term_string}"},"query-input":{"@type":"PropertyValueSpecification","valueRequired":true,"valueName":"search_term_string"}}],"inLanguage":"de"}]}},"_links":{"self":[{"href":"https:\/\/exceltic.serquo.com\/de\/wp-json\/wp\/v2\/pages\/331","targetHints":{"allow":["GET"]}}],"collection":[{"href":"https:\/\/exceltic.serquo.com\/de\/wp-json\/wp\/v2\/pages"}],"about":[{"href":"https:\/\/exceltic.serquo.com\/de\/wp-json\/wp\/v2\/types\/page"}],"author":[{"embeddable":true,"href":"https:\/\/exceltic.serquo.com\/de\/wp-json\/wp\/v2\/users\/1"}],"replies":[{"embeddable":true,"href":"https:\/\/exceltic.serquo.com\/de\/wp-json\/wp\/v2\/comments?post=331"}],"version-history":[{"count":1,"href":"https:\/\/exceltic.serquo.com\/de\/wp-json\/wp\/v2\/pages\/331\/revisions"}],"predecessor-version":[{"id":2481,"href":"https:\/\/exceltic.serquo.com\/de\/wp-json\/wp\/v2\/pages\/331\/revisions\/2481"}],"wp:featuredmedia":[{"embeddable":true,"href":"https:\/\/exceltic.serquo.com\/de\/wp-json\/wp\/v2\/media\/2480"}],"wp:attachment":[{"href":"https:\/\/exceltic.serquo.com\/de\/wp-json\/wp\/v2\/media?parent=331"}],"curies":[{"name":"wp","href":"https:\/\/api.w.org\/{rel}","templated":true}]}}