{"id":3613,"date":"2025-05-19T13:06:53","date_gmt":"2025-05-19T11:06:53","guid":{"rendered":"https:\/\/exceltic.com\/?page_id=3613"},"modified":"2025-05-19T13:06:58","modified_gmt":"2025-05-19T11:06:58","slug":"qualitatspolitik","status":"publish","type":"page","link":"https:\/\/exceltic.serquo.com\/de\/qualitatspolitik\/","title":{"rendered":"Qualit\u00e4tspolitik"},"content":{"rendered":"<p class=\"has-medium-font-size\">Die Direktion f\u00fcr <strong>EXCELTIC<\/strong> in ihrem Bestreben, die Erbringung von Dienstleistungen zu gew\u00e4hrleisten und ihren Kunden im Rahmen ihrer T\u00e4tigkeiten eine immer bessere Qualit\u00e4t der Dienstleistungen und Produkte zu bieten:<\/p>\n\n\n\n<p class=\"has-text-align-center has-medium-font-size\"><br>\"<strong>TECHNISCHE UNTERST\u00dcTZUNG, INGENIEURDIENSTLEISTUNGEN UND ENTWICKLUNG VON TECHNOLOGIEPROJEKTEN\".<\/strong> <\/p>\n\n\n\n<p class=\"has-medium-font-size\">EXCELTIC ist ein konsolidiertes Unternehmen auf europ\u00e4ischer Ebene, das sich bem\u00fcht, neue Qualit\u00e4tsparadigmen in den Sektoren, in denen es t\u00e4tig ist, einzuf\u00fchren. EXCELTIC hat schon immer sein Interesse und sein Engagement daf\u00fcr gezeigt, seinen Kunden den besten Service zu bieten. Dies wurde dank einer Politik erreicht, die sich der Qualit\u00e4t und Exzellenz verschrieben hat und stets die geeigneten Mittel f\u00fcr den Aufbau eines idealen Umfelds bereitstellt, in dem Kreativit\u00e4t, Talent, Vielfalt und Gleichheit zusammenkommen. Die Qualit\u00e4tspolitik von EXCELTIC, in \u00dcbereinstimmung mit der Norm UNE-EN-ISO 9001, basiert auf den folgenden Prinzipien\/Verpflichtungen:<\/p>\n\n\n\n<p class=\"has-medium-font-size\"><br>Engagement f\u00fcr alle unsere Mitarbeiter, F\u00f6rderung einer Unternehmenskultur, die auf einem guten Arbeitsumfeld basiert, F\u00f6rderung von Gleichheit, Nichtdiskriminierung und gegenseitigem Respekt, Teamarbeit, Integrit\u00e4t und proaktivem und partizipativem Management aller Mitarbeiter.<br><\/p>\n\n\n\n<p class=\"has-medium-font-size\">Verpflichtung zur Einhaltung aller Anforderungen des Integrierten Managementsystems und aller f\u00fcr unsere T\u00e4tigkeit geltenden (gesetzlichen und beh\u00f6rdlichen) Anforderungen gem\u00e4\u00df der Norm UNE EN ISO 9001.<br><\/p>\n\n\n\n<p class=\"has-medium-font-size\">Verpflichtung zur kontinuierlichen Verbesserung des Integrierten Managementsystems, um dessen Leistung zu steigern.<br><\/p>\n\n\n\n<p class=\"has-medium-font-size\">Verpflichtung zur effizienten Kontrolle aller Prozesse und ihrer m\u00f6glichen Auswirkungen auf die Qualit\u00e4t unserer Dienstleistungen, mit besonderem Schwerpunkt auf:<\/p>\n\n\n\n<p class=\"has-medium-font-size\"><br>             \u25aa Kundenbeziehungen<br>             Qualit\u00e4t der Dienstleistungen und ein hohes Ma\u00df an Anpassung an die Bed\u00fcrfnisse unserer Kunden.<br>             \u25aa Einhaltung der Lieferfristen<br><\/p>\n\n\n\n<p class=\"has-medium-font-size\">Verpflichtung zur Festlegung der Qualit\u00e4tspolitik unserer Organisation, F\u00f6rderung ihrer Kenntnis, ihres Verst\u00e4ndnisses und ihrer Anwendung durch das Personal der Organisation.<br><\/p>\n\n\n\n<p class=\"has-medium-font-size\">\u2713 Verpflichtung zur F\u00f6rderung des Engagements und des Bewusstseins der Mitarbeiter durch kontinuierliche Schulungen, so dass das Prinzip \"Qualit\u00e4t ist jedermanns Sache\" von den Mitarbeitern \u00fcbernommen wird.<br><\/p>\n\n\n\n<p class=\"has-medium-font-size\">Engagement f\u00fcr die Chancengleichheit durch Pl\u00e4ne und Ma\u00dfnahmen, die zur Beseitigung der Unterschiede zwischen Frauen und M\u00e4nnern in allen Prozessen unserer Wertsch\u00f6pfungskette beitragen, von der Auswahl und Einstellung unserer Mitarbeiter bis hin zum Zugang zu Ausbildung, Lohnpolitik und Arbeitsbedingungen.<\/p>\n\n\n\n<p class=\"has-medium-font-size\"><br>Diese Politik bietet einen Bezugsrahmen f\u00fcr die Festlegung von Zielen, die auf kontinuierliche Verbesserung und Kundenzufriedenheit ausgerichtet sind. Das Management von EXCELTIC wird \u00fcber ausreichende Mittel verf\u00fcgen und seinen Mitarbeitern ausreichende Ressourcen f\u00fcr die Erf\u00fcllung dieser Ziele zur Verf\u00fcgung stellen.<\/p>\n\n\n\n<p class=\"has-small-font-size\"><br>    In Madrid, 25. Februar 2025<br>    D.<strong> Jos\u00e9 Antonio Su\u00e1rez <\/strong>und D. <strong>Eduardo Requejo<\/strong><br>    EXCELTIC Allgemeine Verwaltung<\/p>\n\n\n\n<p class=\"has-small-font-size\"><\/p>\n\n\n\n<div class=\"wp-block-columns is-layout-flex wp-container-core-columns-is-layout-e0659f76 wp-block-columns-is-layout-flex\" style=\"padding-top:50px\">\n<div class=\"wp-block-column is-layout-flow wp-block-column-is-layout-flow\" style=\"padding-right:0px;flex-basis:120px\">\n<figure class=\"wp-block-image aligncenter size-full is-resized\"><img loading=\"lazy\" decoding=\"async\" width=\"530\" height=\"925\" src=\"https:\/\/exceltic.com\/wp-content\/uploads\/2022\/08\/ISO_9001_RGB.png\" alt=\"\" class=\"wp-image-2029\" style=\"width:99px;height:172px\" srcset=\"https:\/\/exceltic.serquo.com\/wp-content\/uploads\/2022\/08\/ISO_9001_RGB.png 530w, https:\/\/exceltic.serquo.com\/wp-content\/uploads\/2022\/08\/ISO_9001_RGB-172x300.png 172w, https:\/\/exceltic.serquo.com\/wp-content\/uploads\/2022\/08\/ISO_9001_RGB-7x12.png 7w\" sizes=\"auto, (max-width: 530px) 100vw, 530px\" \/><\/figure>\n<\/div>\n\n\n\n<div class=\"wp-block-column is-layout-flow wp-block-column-is-layout-flow\">\n<p><strong>EXCELTIC S.L. besitzt das Zertifikat f\u00fcr das Qualit\u00e4tsmanagementsystem gem\u00e4\u00df der Norm UNE-EN ISO 9001:2015 f\u00fcr die T\u00e4tigkeit:&nbsp;<\/strong>Technische Unterst\u00fctzung Ingenieurdienstleistungen und Entwicklung von technologischen Projekten<\/p>\n\n\n\n<p>Letzte Aktualisierung: 20. Dezember 2021<\/p>\n<\/div>\n<\/div>\n\n\n\n<p><\/p>","protected":false},"excerpt":{"rendered":"<p>Die Gesch\u00e4ftsleitung von EXCELTIC hat in ihrem Bestreben, die Erbringung von Dienstleistungen zu gew\u00e4hrleisten und ihren Kunden einen Service und Produkte mit immer besserer Qualit\u00e4t in ihrem T\u00e4tigkeitsbereich \"TECHNISCHE UNTERST\u00dcTZUNG INGENIEURDIENSTECHNISCHE DIENSTLEISTUNGEN UND ENTWICKLUNG TECHNOLOGISCHER PROJEKTE\" anzubieten, die vorliegende Qualit\u00e4tspolitik festgelegt, die von ihrem strategischen Management und ihren [...]<\/p>","protected":false},"author":1,"featured_media":0,"parent":0,"menu_order":0,"comment_status":"closed","ping_status":"closed","template":"politica-de-calidad-2","meta":{"footnotes":""},"class_list":["post-3613","page","type-page","status-publish","hentry"],"yoast_head":"<!-- This site is optimized with the Yoast SEO plugin v26.9 - https:\/\/yoast.com\/product\/yoast-seo-wordpress\/ -->\n<title>Pol\u00edtica de Calidad -<\/title>\n<meta name=\"robots\" content=\"index, follow, max-snippet:-1, max-image-preview:large, max-video-preview:-1\" \/>\n<link rel=\"canonical\" href=\"https:\/\/exceltic.serquo.com\/de\/qualitatspolitik\/\" \/>\n<meta property=\"og:locale\" content=\"de_DE\" \/>\n<meta property=\"og:type\" content=\"article\" \/>\n<meta property=\"og:title\" content=\"Pol\u00edtica de Calidad -\" \/>\n<meta property=\"og:description\" content=\"La Direcci\u00f3n de EXCELTIC en su voluntad de garantizar la prestaci\u00f3n del servicio y ofrecer a sus clientes un servicio y productos cada d\u00eda con mejor calidad en sus actividades de: \u201cSERVICIOS DE INGENIER\u00cdA DE ASISTENCIA T\u00c9CNICA Y DESARROLLO DE PROYECTOS TECNOL\u00d3GICOS\u201d Ha establecido la presente Pol\u00edtica de Calidad, apoyada en su Direcci\u00f3n Estrat\u00e9gica y [&hellip;]\" \/>\n<meta property=\"og:url\" content=\"https:\/\/exceltic.serquo.com\/de\/qualitatspolitik\/\" \/>\n<meta property=\"article:publisher\" content=\"https:\/\/www.facebook.com\/exceltic\/\" \/>\n<meta property=\"article:modified_time\" content=\"2025-05-19T11:06:58+00:00\" \/>\n<meta property=\"og:image\" content=\"https:\/\/exceltic.com\/wp-content\/uploads\/2022\/08\/ISO_9001_RGB.png\" \/>\n<meta name=\"twitter:card\" content=\"summary_large_image\" \/>\n<meta name=\"twitter:site\" content=\"@exceltic\" \/>\n<meta name=\"twitter:label1\" content=\"Gesch\u00e4tzte Lesezeit\" \/>\n\t<meta name=\"twitter:data1\" content=\"3\u00a0Minuten\" \/>\n<script type=\"application\/ld+json\" class=\"yoast-schema-graph\">{\"@context\":\"https:\/\/schema.org\",\"@graph\":[{\"@type\":\"WebPage\",\"@id\":\"https:\/\/exceltic.serquo.com\/politica-de-calidad\/\",\"url\":\"https:\/\/exceltic.serquo.com\/politica-de-calidad\/\",\"name\":\"Pol\u00edtica de Calidad -\",\"isPartOf\":{\"@id\":\"https:\/\/exceltic.serquo.com\/#website\"},\"primaryImageOfPage\":{\"@id\":\"https:\/\/exceltic.serquo.com\/politica-de-calidad\/#primaryimage\"},\"image\":{\"@id\":\"https:\/\/exceltic.serquo.com\/politica-de-calidad\/#primaryimage\"},\"thumbnailUrl\":\"https:\/\/exceltic.com\/wp-content\/uploads\/2022\/08\/ISO_9001_RGB.png\",\"datePublished\":\"2025-05-19T11:06:53+00:00\",\"dateModified\":\"2025-05-19T11:06:58+00:00\",\"breadcrumb\":{\"@id\":\"https:\/\/exceltic.serquo.com\/politica-de-calidad\/#breadcrumb\"},\"inLanguage\":\"de\",\"potentialAction\":[{\"@type\":\"ReadAction\",\"target\":[\"https:\/\/exceltic.serquo.com\/politica-de-calidad\/\"]}]},{\"@type\":\"ImageObject\",\"inLanguage\":\"de\",\"@id\":\"https:\/\/exceltic.serquo.com\/politica-de-calidad\/#primaryimage\",\"url\":\"https:\/\/exceltic.com\/wp-content\/uploads\/2022\/08\/ISO_9001_RGB.png\",\"contentUrl\":\"https:\/\/exceltic.com\/wp-content\/uploads\/2022\/08\/ISO_9001_RGB.png\"},{\"@type\":\"BreadcrumbList\",\"@id\":\"https:\/\/exceltic.serquo.com\/politica-de-calidad\/#breadcrumb\",\"itemListElement\":[{\"@type\":\"ListItem\",\"position\":1,\"name\":\"Portada\",\"item\":\"https:\/\/exceltic.serquo.com\/\"},{\"@type\":\"ListItem\",\"position\":2,\"name\":\"Pol\u00edtica de Calidad\"}]},{\"@type\":\"WebSite\",\"@id\":\"https:\/\/exceltic.serquo.com\/#website\",\"url\":\"https:\/\/exceltic.serquo.com\/\",\"name\":\"\",\"description\":\"Ingenier\u00eda y Consultor\u00eda\",\"potentialAction\":[{\"@type\":\"SearchAction\",\"target\":{\"@type\":\"EntryPoint\",\"urlTemplate\":\"https:\/\/exceltic.serquo.com\/?s={search_term_string}\"},\"query-input\":{\"@type\":\"PropertyValueSpecification\",\"valueRequired\":true,\"valueName\":\"search_term_string\"}}],\"inLanguage\":\"de\"}]}<\/script>\n<!-- \/ Yoast SEO plugin. -->","yoast_head_json":{"title":"Qualit\u00e4tspolitik - Qualit\u00e4tspolitik - Qualit\u00e4tspolitik - Qualit\u00e4tspolitik - Qualit\u00e4tspolitik - Qualit\u00e4tspolitik - Qualit\u00e4tspolitik - Qualit\u00e4tspolitik - Qualit\u00e4tspolitik","robots":{"index":"index","follow":"follow","max-snippet":"max-snippet:-1","max-image-preview":"max-image-preview:large","max-video-preview":"max-video-preview:-1"},"canonical":"https:\/\/exceltic.serquo.com\/de\/qualitatspolitik\/","og_locale":"de_DE","og_type":"article","og_title":"Pol\u00edtica de Calidad -","og_description":"La Direcci\u00f3n de EXCELTIC en su voluntad de garantizar la prestaci\u00f3n del servicio y ofrecer a sus clientes un servicio y productos cada d\u00eda con mejor calidad en sus actividades de: \u201cSERVICIOS DE INGENIER\u00cdA DE ASISTENCIA T\u00c9CNICA Y DESARROLLO DE PROYECTOS TECNOL\u00d3GICOS\u201d Ha establecido la presente Pol\u00edtica de Calidad, apoyada en su Direcci\u00f3n Estrat\u00e9gica y [&hellip;]","og_url":"https:\/\/exceltic.serquo.com\/de\/qualitatspolitik\/","article_publisher":"https:\/\/www.facebook.com\/exceltic\/","article_modified_time":"2025-05-19T11:06:58+00:00","og_image":[{"url":"https:\/\/exceltic.com\/wp-content\/uploads\/2022\/08\/ISO_9001_RGB.png","type":"","width":"","height":""}],"twitter_card":"summary_large_image","twitter_site":"@exceltic","twitter_misc":{"Gesch\u00e4tzte Lesezeit":"3\u00a0Minuten"},"schema":{"@context":"https:\/\/schema.org","@graph":[{"@type":"WebPage","@id":"https:\/\/exceltic.serquo.com\/politica-de-calidad\/","url":"https:\/\/exceltic.serquo.com\/politica-de-calidad\/","name":"Qualit\u00e4tspolitik - Qualit\u00e4tspolitik - Qualit\u00e4tspolitik - Qualit\u00e4tspolitik - Qualit\u00e4tspolitik - Qualit\u00e4tspolitik - Qualit\u00e4tspolitik - Qualit\u00e4tspolitik - Qualit\u00e4tspolitik","isPartOf":{"@id":"https:\/\/exceltic.serquo.com\/#website"},"primaryImageOfPage":{"@id":"https:\/\/exceltic.serquo.com\/politica-de-calidad\/#primaryimage"},"image":{"@id":"https:\/\/exceltic.serquo.com\/politica-de-calidad\/#primaryimage"},"thumbnailUrl":"https:\/\/exceltic.com\/wp-content\/uploads\/2022\/08\/ISO_9001_RGB.png","datePublished":"2025-05-19T11:06:53+00:00","dateModified":"2025-05-19T11:06:58+00:00","breadcrumb":{"@id":"https:\/\/exceltic.serquo.com\/politica-de-calidad\/#breadcrumb"},"inLanguage":"de","potentialAction":[{"@type":"ReadAction","target":["https:\/\/exceltic.serquo.com\/politica-de-calidad\/"]}]},{"@type":"ImageObject","inLanguage":"de","@id":"https:\/\/exceltic.serquo.com\/politica-de-calidad\/#primaryimage","url":"https:\/\/exceltic.com\/wp-content\/uploads\/2022\/08\/ISO_9001_RGB.png","contentUrl":"https:\/\/exceltic.com\/wp-content\/uploads\/2022\/08\/ISO_9001_RGB.png"},{"@type":"BreadcrumbList","@id":"https:\/\/exceltic.serquo.com\/politica-de-calidad\/#breadcrumb","itemListElement":[{"@type":"ListItem","position":1,"name":"Portada","item":"https:\/\/exceltic.serquo.com\/"},{"@type":"ListItem","position":2,"name":"Pol\u00edtica de Calidad"}]},{"@type":"WebSite","@id":"https:\/\/exceltic.serquo.com\/#website","url":"https:\/\/exceltic.serquo.com\/","name":"","description":"Engineering und Beratung","potentialAction":[{"@type":"SearchAction","target":{"@type":"EntryPoint","urlTemplate":"https:\/\/exceltic.serquo.com\/?s={search_term_string}"},"query-input":{"@type":"PropertyValueSpecification","valueRequired":true,"valueName":"search_term_string"}}],"inLanguage":"de"}]}},"_links":{"self":[{"href":"https:\/\/exceltic.serquo.com\/de\/wp-json\/wp\/v2\/pages\/3613","targetHints":{"allow":["GET"]}}],"collection":[{"href":"https:\/\/exceltic.serquo.com\/de\/wp-json\/wp\/v2\/pages"}],"about":[{"href":"https:\/\/exceltic.serquo.com\/de\/wp-json\/wp\/v2\/types\/page"}],"author":[{"embeddable":true,"href":"https:\/\/exceltic.serquo.com\/de\/wp-json\/wp\/v2\/users\/1"}],"replies":[{"embeddable":true,"href":"https:\/\/exceltic.serquo.com\/de\/wp-json\/wp\/v2\/comments?post=3613"}],"version-history":[{"count":11,"href":"https:\/\/exceltic.serquo.com\/de\/wp-json\/wp\/v2\/pages\/3613\/revisions"}],"predecessor-version":[{"id":3635,"href":"https:\/\/exceltic.serquo.com\/de\/wp-json\/wp\/v2\/pages\/3613\/revisions\/3635"}],"wp:attachment":[{"href":"https:\/\/exceltic.serquo.com\/de\/wp-json\/wp\/v2\/media?parent=3613"}],"curies":[{"name":"wp","href":"https:\/\/api.w.org\/{rel}","templated":true}]}}