{"id":3622,"date":"2025-05-19T13:13:44","date_gmt":"2025-05-19T11:13:44","guid":{"rendered":"https:\/\/exceltic.com\/?page_id=3622"},"modified":"2025-05-19T13:13:45","modified_gmt":"2025-05-19T11:13:45","slug":"umweltpolitik","status":"publish","type":"page","link":"https:\/\/exceltic.serquo.com\/de\/umweltpolitik\/","title":{"rendered":"Umweltpolitik"},"content":{"rendered":"<p>Das Management von EXCELTIC hat sich verpflichtet, bei seinen Aktivit\u00e4ten die Umwelt zu respektieren:<\/p>\n\n\n\n<p class=\"has-text-align-center\"><br><strong>\"TECHNISCHE UNTERST\u00dcTZUNG, INGENIEURDIENSTLEISTUNGEN UND ENTWICKLUNG VON TECHNOLOGISCHEN PROJEKTEN\". <\/strong><\/p>\n\n\n\n<p>Sie hat diese Umweltpolitik, die von ihrem strategischen Management unterst\u00fctzt wird, in \u00dcbereinstimmung mit der Norm UNE-EN-ISO 14001 auf der Grundlage der folgenden Grunds\u00e4tze\/Verpflichtungen festgelegt:<\/p>\n\n\n\n<p><br>Verpflichtung zur Einhaltung aller f\u00fcr unsere T\u00e4tigkeit geltenden (gesetzlichen und beh\u00f6rdlichen) Anforderungen gem\u00e4\u00df der Norm UNE EN ISO 14001.<\/p>\n\n\n\n<p><br>Verpflichtung zur kontinuierlichen Verbesserung des Umweltmanagementsystems, um seine Leistung und die Umweltauswirkungen, die durch unsere Produkte, Dienstleistungen und Verfahren verursacht werden k\u00f6nnen, zu verbessern.<\/p>\n\n\n\n<p><br>Verpflichtung zur Festlegung der Umweltpolitik unserer Organisation, F\u00f6rderung der Kenntnis, des Verst\u00e4ndnisses und der Anwendung dieser Politik durch das Personal der Organisation.<\/p>\n\n\n\n<p><br>\u2713 Verpflichtung zur F\u00f6rderung des Engagements und des Bewusstseins der Mitarbeiter in Umweltfragen durch kontinuierliche Schulung der Mitarbeiter.<\/p>\n\n\n\n<p><br>Engagement f\u00fcr den Umweltschutz durch Ma\u00dfnahmen zur Vermeidung von Umweltverschmutzung und zur Erhaltung der Umweltressourcen.<\/p>\n\n\n\n<p><br>Engagement f\u00fcr den Klimaschutz (Verringerung der Ursachen des Klimawandels), indem wir uns verpflichten, unseren CO2-Fu\u00dfabdruck aktiv zu verringern, indem wir Ma\u00dfnahmen zur Verringerung der Treibhausgasemissionen in unseren Betrieben, Produkten und Dienstleistungen umsetzen. Dazu geh\u00f6ren die F\u00f6rderung sauberer Technologien, die Optimierung von Prozessen und die F\u00f6rderung nachhaltiger Praktiken in unserer gesamten Wertsch\u00f6pfungskette.<\/p>\n\n\n\n<p><br>Engagement f\u00fcr die Anpassung an den Klimawandel (Vorbereitung auf die Auswirkungen des Klimawandels), wobei der Schwerpunkt auf der St\u00e4rkung der Widerstandsf\u00e4higkeit unserer Organisation gegen\u00fcber den Auswirkungen des Klimawandels liegt, indem wir Risiken im Zusammenhang mit extremen Wetterereignissen erkennen und bew\u00e4ltigen. Wir setzen Strategien um, die unseren Betrieb, unsere Ressourcen und unsere Infrastruktur sch\u00fctzen und so die Kontinuit\u00e4t des Gesch\u00e4ftsbetriebs und die langfristige Nachhaltigkeit gew\u00e4hrleisten.<\/p>\n\n\n\n<p><br>Engagement f\u00fcr Energieeffizienz, F\u00f6rderung der rationellen und effizienten Nutzung von Energie in allen unseren Prozessen, Einrichtungen und Abl\u00e4ufen durch die Umsetzung technologischer Verbesserungen, die Optimierung von Ressourcen und die kontinuierliche Sensibilisierung der Mitarbeiter f\u00fcr die Reduzierung des Energieverbrauchs und der damit verbundenen Umweltauswirkungen.<\/p>\n\n\n\n<p><br>Verpflichtung zur Abschw\u00e4chung und Kontrolle negativer Auswirkungen im Zusammenhang mit Luft-, Wasser- und Bodenverschmutzung, Umsetzung von Verfahren und Korrekturma\u00dfnahmen zur Minimierung der Umweltauswirkungen.<\/p>\n\n\n\n<p><br>Verpflichtung zur Minimierung und Substitution von umweltsch\u00e4dlichen Stoffen, F\u00f6rderung der Verwendung nachhaltigerer und sichererer Alternativen.<\/p>\n\n\n\n<p><br>Verpflichtung zu effizientem und verantwortungsvollem Wasserverbrauch und -einsatz in unseren Betrieben und in der Wertsch\u00f6pfungskette, da EXCELTICs Aktivit\u00e4ten in wasserarmen Gebieten stattfinden.<\/p>\n\n\n\n<p><br>Verpflichtung zur Vorbeugung von Zwischenf\u00e4llen und Notfallsituationen und, falls sie eintreten, Verpflichtung zur Kontrolle und Begrenzung ihrer Auswirkungen auf die Umwelt und\/oder die Zivilgesellschaft durch Notfallpl\u00e4ne, Schnellreaktionsverfahren und kontinuierliche Schulung unseres Personals in diesen Fragen.<\/p>\n\n\n\n<p><br>Engagement f\u00fcr die Kreislaufwirtschaft, F\u00f6rderung der Optimierung der Ressourcennutzung bei der Erbringung unserer Dienstleistungen, Verringerung des Abfallaufkommens und F\u00f6rderung der Wiederverwendung, des Recyclings und der R\u00fcckgewinnung von Abf\u00e4llen.<br>Diese Politik bietet einen Rahmen f\u00fcr die Festlegung von Umweltzielen, die auf kontinuierliche Verbesserung und Kundenzufriedenheit ausgerichtet sind. Die Gesch\u00e4ftsleitung von EXCELTIC wird ihren Mitarbeitern ausreichende Mittel und Ressourcen zur Verf\u00fcgung stellen, um diese Politik zu befolgen.<\/p>\n\n\n\n<p><\/p>\n\n\n\n<p><br>In Madrid, 25. Februar 2025<br>Herr Jos\u00e9 Antonio Su\u00e1rez und Herr Eduardo Requejo<br>EXCELTIC Allgemeine Verwaltung<\/p>\n\n\n\n<p><\/p>\n\n\n\n<p><\/p>\n\n\n\n<div class=\"wp-block-columns is-layout-flex wp-container-core-columns-is-layout-e0659f76 wp-block-columns-is-layout-flex\" style=\"padding-top:50px\">\n<div class=\"wp-block-column is-layout-flow wp-block-column-is-layout-flow\" style=\"padding-right:0px;flex-basis:120px\">\n<figure class=\"wp-block-image aligncenter size-full is-resized\"><img loading=\"lazy\" decoding=\"async\" width=\"530\" height=\"925\" src=\"https:\/\/exceltic.com\/wp-content\/uploads\/2022\/08\/ISO_14001_RGB.png\" alt=\"\" class=\"wp-image-2030\" style=\"width:99px;height:172px\" srcset=\"https:\/\/exceltic.serquo.com\/wp-content\/uploads\/2022\/08\/ISO_14001_RGB.png 530w, https:\/\/exceltic.serquo.com\/wp-content\/uploads\/2022\/08\/ISO_14001_RGB-172x300.png 172w, https:\/\/exceltic.serquo.com\/wp-content\/uploads\/2022\/08\/ISO_14001_RGB-7x12.png 7w\" sizes=\"auto, (max-width: 530px) 100vw, 530px\" \/><\/figure>\n<\/div>\n\n\n\n<div class=\"wp-block-column is-layout-flow wp-block-column-is-layout-flow\">\n<p><strong>EXCELTIC S.L. besitzt das Zertifikat f\u00fcr das Umweltmanagementsystem gem\u00e4\u00df der Norm UNE-EN ISO 14001:2015 f\u00fcr die T\u00e4tigkeit:&nbsp;<\/strong>Technische Unterst\u00fctzung Ingenieurdienstleistungen und Entwicklung von technologischen Projekten<\/p>\n\n\n\n<p>Letzte Aktualisierung: 8. November 2021<\/p>\n<\/div>\n<\/div>","protected":false},"excerpt":{"rendered":"<p>Die Gesch\u00e4ftsleitung von EXCELTIC, die sich verpflichtet hat, die Umwelt in ihrem T\u00e4tigkeitsbereich \"TECHNISCHE UNTERST\u00dcTZUNG INGENIEURDIENSTLEISTUNGEN UND TECHNISCHE PROJEKTENTWICKLUNG\" zu respektieren, hat diese Umweltpolitik, unterst\u00fctzt durch ihr strategisches Management, in \u00dcbereinstimmung mit der Norm UNE-EN-ISO 14001 auf der Grundlage der folgenden Grunds\u00e4tze\/Verpflichtungen festgelegt: \u2713 Verpflichtung zur Einhaltung der [...].<\/p>","protected":false},"author":1,"featured_media":0,"parent":0,"menu_order":0,"comment_status":"closed","ping_status":"closed","template":"politica-de-medio-ambiente","meta":{"footnotes":""},"class_list":["post-3622","page","type-page","status-publish","hentry"],"yoast_head":"<!-- This site is optimized with the Yoast SEO plugin v26.9 - https:\/\/yoast.com\/product\/yoast-seo-wordpress\/ -->\n<title>Pol\u00edtica de Medio Ambiente -<\/title>\n<meta name=\"robots\" content=\"index, follow, max-snippet:-1, max-image-preview:large, max-video-preview:-1\" \/>\n<link rel=\"canonical\" href=\"https:\/\/exceltic.serquo.com\/de\/umweltpolitik\/\" \/>\n<meta property=\"og:locale\" content=\"de_DE\" \/>\n<meta property=\"og:type\" content=\"article\" \/>\n<meta property=\"og:title\" content=\"Pol\u00edtica de Medio Ambiente -\" \/>\n<meta property=\"og:description\" content=\"La Direcci\u00f3n de EXCELTIC, comprometida con el respeto al medio ambiente en sus actividades de: \u201cSERVICIOS DE INGENIER\u00cdA DE ASISTENCIA T\u00c9CNICA Y DESARROLLO DE PROYECTOS TECNOL\u00d3GICOS\u201d Ha establecido la presente Pol\u00edtica de Medio Ambiente, apoyada en su Direcci\u00f3n Estrat\u00e9gica, de acuerdo con la Norma UNE-EN-ISO 14001 basada en los siguientes principios\/compromisos: \u2713 Compromiso de cumplir [&hellip;]\" \/>\n<meta property=\"og:url\" content=\"https:\/\/exceltic.serquo.com\/de\/umweltpolitik\/\" \/>\n<meta property=\"article:publisher\" content=\"https:\/\/www.facebook.com\/exceltic\/\" \/>\n<meta property=\"article:modified_time\" content=\"2025-05-19T11:13:45+00:00\" \/>\n<meta property=\"og:image\" content=\"https:\/\/exceltic.com\/wp-content\/uploads\/2022\/08\/ISO_14001_RGB.png\" \/>\n<meta name=\"twitter:card\" content=\"summary_large_image\" \/>\n<meta name=\"twitter:site\" content=\"@exceltic\" \/>\n<meta name=\"twitter:label1\" content=\"Gesch\u00e4tzte Lesezeit\" \/>\n\t<meta name=\"twitter:data1\" content=\"3\u00a0Minuten\" \/>\n<script type=\"application\/ld+json\" class=\"yoast-schema-graph\">{\"@context\":\"https:\/\/schema.org\",\"@graph\":[{\"@type\":\"WebPage\",\"@id\":\"https:\/\/exceltic.serquo.com\/politica-de-medio-ambiente\/\",\"url\":\"https:\/\/exceltic.serquo.com\/politica-de-medio-ambiente\/\",\"name\":\"Pol\u00edtica de Medio Ambiente -\",\"isPartOf\":{\"@id\":\"https:\/\/exceltic.serquo.com\/#website\"},\"primaryImageOfPage\":{\"@id\":\"https:\/\/exceltic.serquo.com\/politica-de-medio-ambiente\/#primaryimage\"},\"image\":{\"@id\":\"https:\/\/exceltic.serquo.com\/politica-de-medio-ambiente\/#primaryimage\"},\"thumbnailUrl\":\"https:\/\/exceltic.com\/wp-content\/uploads\/2022\/08\/ISO_14001_RGB.png\",\"datePublished\":\"2025-05-19T11:13:44+00:00\",\"dateModified\":\"2025-05-19T11:13:45+00:00\",\"breadcrumb\":{\"@id\":\"https:\/\/exceltic.serquo.com\/politica-de-medio-ambiente\/#breadcrumb\"},\"inLanguage\":\"de\",\"potentialAction\":[{\"@type\":\"ReadAction\",\"target\":[\"https:\/\/exceltic.serquo.com\/politica-de-medio-ambiente\/\"]}]},{\"@type\":\"ImageObject\",\"inLanguage\":\"de\",\"@id\":\"https:\/\/exceltic.serquo.com\/politica-de-medio-ambiente\/#primaryimage\",\"url\":\"https:\/\/exceltic.com\/wp-content\/uploads\/2022\/08\/ISO_14001_RGB.png\",\"contentUrl\":\"https:\/\/exceltic.com\/wp-content\/uploads\/2022\/08\/ISO_14001_RGB.png\"},{\"@type\":\"BreadcrumbList\",\"@id\":\"https:\/\/exceltic.serquo.com\/politica-de-medio-ambiente\/#breadcrumb\",\"itemListElement\":[{\"@type\":\"ListItem\",\"position\":1,\"name\":\"Portada\",\"item\":\"https:\/\/exceltic.serquo.com\/\"},{\"@type\":\"ListItem\",\"position\":2,\"name\":\"Pol\u00edtica de Medio Ambiente\"}]},{\"@type\":\"WebSite\",\"@id\":\"https:\/\/exceltic.serquo.com\/#website\",\"url\":\"https:\/\/exceltic.serquo.com\/\",\"name\":\"\",\"description\":\"Ingenier\u00eda y Consultor\u00eda\",\"potentialAction\":[{\"@type\":\"SearchAction\",\"target\":{\"@type\":\"EntryPoint\",\"urlTemplate\":\"https:\/\/exceltic.serquo.com\/?s={search_term_string}\"},\"query-input\":{\"@type\":\"PropertyValueSpecification\",\"valueRequired\":true,\"valueName\":\"search_term_string\"}}],\"inLanguage\":\"de\"}]}<\/script>\n<!-- \/ Yoast SEO plugin. -->","yoast_head_json":{"title":"Umweltpolitik -","robots":{"index":"index","follow":"follow","max-snippet":"max-snippet:-1","max-image-preview":"max-image-preview:large","max-video-preview":"max-video-preview:-1"},"canonical":"https:\/\/exceltic.serquo.com\/de\/umweltpolitik\/","og_locale":"de_DE","og_type":"article","og_title":"Pol\u00edtica de Medio Ambiente -","og_description":"La Direcci\u00f3n de EXCELTIC, comprometida con el respeto al medio ambiente en sus actividades de: \u201cSERVICIOS DE INGENIER\u00cdA DE ASISTENCIA T\u00c9CNICA Y DESARROLLO DE PROYECTOS TECNOL\u00d3GICOS\u201d Ha establecido la presente Pol\u00edtica de Medio Ambiente, apoyada en su Direcci\u00f3n Estrat\u00e9gica, de acuerdo con la Norma UNE-EN-ISO 14001 basada en los siguientes principios\/compromisos: \u2713 Compromiso de cumplir [&hellip;]","og_url":"https:\/\/exceltic.serquo.com\/de\/umweltpolitik\/","article_publisher":"https:\/\/www.facebook.com\/exceltic\/","article_modified_time":"2025-05-19T11:13:45+00:00","og_image":[{"url":"https:\/\/exceltic.com\/wp-content\/uploads\/2022\/08\/ISO_14001_RGB.png","type":"","width":"","height":""}],"twitter_card":"summary_large_image","twitter_site":"@exceltic","twitter_misc":{"Gesch\u00e4tzte Lesezeit":"3\u00a0Minuten"},"schema":{"@context":"https:\/\/schema.org","@graph":[{"@type":"WebPage","@id":"https:\/\/exceltic.serquo.com\/politica-de-medio-ambiente\/","url":"https:\/\/exceltic.serquo.com\/politica-de-medio-ambiente\/","name":"Umweltpolitik -","isPartOf":{"@id":"https:\/\/exceltic.serquo.com\/#website"},"primaryImageOfPage":{"@id":"https:\/\/exceltic.serquo.com\/politica-de-medio-ambiente\/#primaryimage"},"image":{"@id":"https:\/\/exceltic.serquo.com\/politica-de-medio-ambiente\/#primaryimage"},"thumbnailUrl":"https:\/\/exceltic.com\/wp-content\/uploads\/2022\/08\/ISO_14001_RGB.png","datePublished":"2025-05-19T11:13:44+00:00","dateModified":"2025-05-19T11:13:45+00:00","breadcrumb":{"@id":"https:\/\/exceltic.serquo.com\/politica-de-medio-ambiente\/#breadcrumb"},"inLanguage":"de","potentialAction":[{"@type":"ReadAction","target":["https:\/\/exceltic.serquo.com\/politica-de-medio-ambiente\/"]}]},{"@type":"ImageObject","inLanguage":"de","@id":"https:\/\/exceltic.serquo.com\/politica-de-medio-ambiente\/#primaryimage","url":"https:\/\/exceltic.com\/wp-content\/uploads\/2022\/08\/ISO_14001_RGB.png","contentUrl":"https:\/\/exceltic.com\/wp-content\/uploads\/2022\/08\/ISO_14001_RGB.png"},{"@type":"BreadcrumbList","@id":"https:\/\/exceltic.serquo.com\/politica-de-medio-ambiente\/#breadcrumb","itemListElement":[{"@type":"ListItem","position":1,"name":"Portada","item":"https:\/\/exceltic.serquo.com\/"},{"@type":"ListItem","position":2,"name":"Pol\u00edtica de Medio Ambiente"}]},{"@type":"WebSite","@id":"https:\/\/exceltic.serquo.com\/#website","url":"https:\/\/exceltic.serquo.com\/","name":"","description":"Engineering und Beratung","potentialAction":[{"@type":"SearchAction","target":{"@type":"EntryPoint","urlTemplate":"https:\/\/exceltic.serquo.com\/?s={search_term_string}"},"query-input":{"@type":"PropertyValueSpecification","valueRequired":true,"valueName":"search_term_string"}}],"inLanguage":"de"}]}},"_links":{"self":[{"href":"https:\/\/exceltic.serquo.com\/de\/wp-json\/wp\/v2\/pages\/3622","targetHints":{"allow":["GET"]}}],"collection":[{"href":"https:\/\/exceltic.serquo.com\/de\/wp-json\/wp\/v2\/pages"}],"about":[{"href":"https:\/\/exceltic.serquo.com\/de\/wp-json\/wp\/v2\/types\/page"}],"author":[{"embeddable":true,"href":"https:\/\/exceltic.serquo.com\/de\/wp-json\/wp\/v2\/users\/1"}],"replies":[{"embeddable":true,"href":"https:\/\/exceltic.serquo.com\/de\/wp-json\/wp\/v2\/comments?post=3622"}],"version-history":[{"count":3,"href":"https:\/\/exceltic.serquo.com\/de\/wp-json\/wp\/v2\/pages\/3622\/revisions"}],"predecessor-version":[{"id":3625,"href":"https:\/\/exceltic.serquo.com\/de\/wp-json\/wp\/v2\/pages\/3622\/revisions\/3625"}],"wp:attachment":[{"href":"https:\/\/exceltic.serquo.com\/de\/wp-json\/wp\/v2\/media?parent=3622"}],"curies":[{"name":"wp","href":"https:\/\/api.w.org\/{rel}","templated":true}]}}