{"id":4311,"date":"2026-03-04T11:56:34","date_gmt":"2026-03-04T10:56:34","guid":{"rendered":"https:\/\/exceltic.serquo.com\/?page_id=4311"},"modified":"2026-03-09T12:16:55","modified_gmt":"2026-03-09T11:16:55","slug":"gesamttalent","status":"publish","type":"page","link":"https:\/\/exceltic.serquo.com\/de\/gesamttalent\/","title":{"rendered":"Allgemeines Talent"},"content":{"rendered":"<div class=\"wp-block-columns is-layout-flex wp-container-core-columns-is-layout-f1061711 wp-block-columns-is-layout-flex\" style=\"padding-right:var(--wp--preset--spacing--20);padding-left:var(--wp--preset--spacing--20)\">\n<div class=\"wp-block-column is-layout-flow wp-block-column-is-layout-flow\" style=\"flex-basis:33.33%\">\n<figure class=\"wp-block-image size-full\" style=\"margin-top:var(--wp--preset--spacing--70);margin-bottom:0\"><img loading=\"lazy\" decoding=\"async\" width=\"680\" height=\"453\" src=\"https:\/\/exceltic.serquo.com\/wp-content\/uploads\/2026\/02\/Mask-group-27-1-edited.png\" alt=\"\" class=\"wp-image-4396\" srcset=\"https:\/\/exceltic.serquo.com\/wp-content\/uploads\/2026\/02\/Mask-group-27-1-edited.png 680w, https:\/\/exceltic.serquo.com\/wp-content\/uploads\/2026\/02\/Mask-group-27-1-edited-300x200.png 300w, https:\/\/exceltic.serquo.com\/wp-content\/uploads\/2026\/02\/Mask-group-27-1-edited-18x12.png 18w\" sizes=\"auto, (max-width: 680px) 100vw, 680px\" \/><\/figure>\n<\/div>\n\n\n\n<div class=\"wp-block-column has-foreground-color has-text-color has-link-color has-medium-large-font-size wp-elements-2e61897379aced63c6906e7c966387d6 is-layout-flow wp-block-column-is-layout-flow\" style=\"padding-right:0rem;flex-basis:100%\">\n<div class=\"wp-block-group is-nowrap is-layout-flex wp-container-core-group-is-layout-c0d5ccf6 wp-block-group-is-layout-flex\">\n<h3 class=\"wp-block-heading has-text-align-center\">IHRE ILLUSION, UNSER TALENT<\/h3>\n<\/div>\n\n\n\n<p class=\"has-text-align-left has-medium-font-size\" style=\"border-radius:0px;margin-right:0rem;margin-left:0rem;padding-right:0;padding-left:0\">Wir m\u00f6chten, dass Sie hier einen Platz finden, an dem Sie Sie selbst sein k\u00f6nnen, Ihr Potenzial entfalten und an Projekten mitwirken k\u00f6nnen, die etwas bewirken.<\/p>\n\n\n\n<p class=\"has-text-align-left\"><strong>Werden Sie sich uns anschlie\u00dfen?<\/strong><\/p>\n\n\n\n<div style=\"height:25px\" aria-hidden=\"true\" class=\"wp-block-spacer\"><\/div>\n\n\n\n<div class=\"wp-block-columns is-layout-flex wp-container-core-columns-is-layout-7389a5db wp-block-columns-is-layout-flex\" style=\"margin-top:0;margin-bottom:0;padding-right:0;padding-left:0\">\n<div class=\"wp-block-column is-layout-flow wp-block-column-is-layout-flow\">\n<div class=\"wp-block-buttons is-content-justification-left is-layout-flex wp-container-core-buttons-is-layout-fc4fd283 wp-block-buttons-is-layout-flex\">\n<div class=\"wp-block-button has-custom-width wp-block-button__width-100 is-style-outline is-style-outline--1\"><a class=\"wp-block-button__link wp-element-button\">Unser Angebot<\/a><\/div>\n<\/div>\n<\/div>\n\n\n\n<div class=\"wp-block-column is-layout-flow wp-block-column-is-layout-flow\">\n<div class=\"wp-block-buttons is-content-justification-left is-layout-flex wp-container-core-buttons-is-layout-fc4fd283 wp-block-buttons-is-layout-flex\">\n<div class=\"wp-block-button has-custom-width wp-block-button__width-100 is-style-outline is-style-outline--2\"><a class=\"wp-block-button__link wp-element-button\">Register<\/a><\/div>\n<\/div>\n<\/div>\n\n\n\n<div class=\"wp-block-column is-layout-flow wp-block-column-is-layout-flow\">\n<div class=\"wp-block-buttons is-content-justification-left is-layout-flex wp-container-core-buttons-is-layout-e63662a0 wp-block-buttons-is-layout-flex\" style=\"padding-right:0\">\n<div class=\"wp-block-button has-custom-width wp-block-button__width-100 is-style-outline is-style-outline--3\"><a class=\"wp-block-button__link wp-element-button\">Lesen Sie mehr...<\/a><\/div>\n<\/div>\n<\/div>\n<\/div>\n<\/div>\n<\/div>","protected":false},"excerpt":{"rendered":"<p>IHRE ILLUSION, UNSER TALENT Wir m\u00f6chten, dass Sie hier einen Ort finden, an dem Sie Sie selbst sein k\u00f6nnen, Ihr Potenzial entfalten und an Projekten mitwirken k\u00f6nnen, die etwas bewirken. Wollen Sie sich uns anschlie\u00dfen?<\/p>","protected":false},"author":2,"featured_media":0,"parent":0,"menu_order":0,"comment_status":"closed","ping_status":"closed","template":"wp-custom-template-talento-general","meta":{"footnotes":""},"class_list":["post-4311","page","type-page","status-publish","hentry"],"yoast_head":"<!-- This site is optimized with the Yoast SEO plugin v26.9 - https:\/\/yoast.com\/product\/yoast-seo-wordpress\/ -->\n<title>Talento general -<\/title>\n<meta name=\"robots\" content=\"index, follow, max-snippet:-1, max-image-preview:large, max-video-preview:-1\" \/>\n<link rel=\"canonical\" href=\"https:\/\/exceltic.serquo.com\/de\/gesamttalent\/\" \/>\n<meta property=\"og:locale\" content=\"de_DE\" \/>\n<meta property=\"og:type\" content=\"article\" \/>\n<meta property=\"og:title\" content=\"Talento general -\" \/>\n<meta property=\"og:description\" content=\"TU ILUSI\u00d3N, NUESTRO TALENTO Queremos que encuentres aqu\u00ed un lugar donde ser t\u00fa mismo\/a, desarrollar tu potencial y formar parte de proyectos que marcan la diferencia. \u00bfNos acompa\u00f1as?\" \/>\n<meta property=\"og:url\" content=\"https:\/\/exceltic.serquo.com\/de\/gesamttalent\/\" \/>\n<meta property=\"article:publisher\" content=\"https:\/\/www.facebook.com\/exceltic\/\" \/>\n<meta property=\"article:modified_time\" content=\"2026-03-09T11:16:55+00:00\" \/>\n<meta property=\"og:image\" content=\"https:\/\/exceltic.serquo.com\/wp-content\/uploads\/2026\/02\/Mask-group-27-1-edited.png\" \/>\n\t<meta property=\"og:image:width\" content=\"680\" \/>\n\t<meta property=\"og:image:height\" content=\"453\" \/>\n\t<meta property=\"og:image:type\" content=\"image\/png\" \/>\n<meta name=\"twitter:card\" content=\"summary_large_image\" \/>\n<meta name=\"twitter:site\" content=\"@exceltic\" \/>\n<meta name=\"twitter:label1\" content=\"Gesch\u00e4tzte Lesezeit\" \/>\n\t<meta name=\"twitter:data1\" content=\"1\u00a0Minute\" \/>\n<script type=\"application\/ld+json\" class=\"yoast-schema-graph\">{\"@context\":\"https:\/\/schema.org\",\"@graph\":[{\"@type\":\"WebPage\",\"@id\":\"https:\/\/exceltic.serquo.com\/talento-general\/\",\"url\":\"https:\/\/exceltic.serquo.com\/talento-general\/\",\"name\":\"Talento general -\",\"isPartOf\":{\"@id\":\"https:\/\/exceltic.serquo.com\/#website\"},\"primaryImageOfPage\":{\"@id\":\"https:\/\/exceltic.serquo.com\/talento-general\/#primaryimage\"},\"image\":{\"@id\":\"https:\/\/exceltic.serquo.com\/talento-general\/#primaryimage\"},\"thumbnailUrl\":\"https:\/\/exceltic.serquo.com\/wp-content\/uploads\/2026\/02\/Mask-group-27-1-edited.png\",\"datePublished\":\"2026-03-04T10:56:34+00:00\",\"dateModified\":\"2026-03-09T11:16:55+00:00\",\"breadcrumb\":{\"@id\":\"https:\/\/exceltic.serquo.com\/talento-general\/#breadcrumb\"},\"inLanguage\":\"de\",\"potentialAction\":[{\"@type\":\"ReadAction\",\"target\":[\"https:\/\/exceltic.serquo.com\/talento-general\/\"]}]},{\"@type\":\"ImageObject\",\"inLanguage\":\"de\",\"@id\":\"https:\/\/exceltic.serquo.com\/talento-general\/#primaryimage\",\"url\":\"https:\/\/exceltic.serquo.com\/wp-content\/uploads\/2026\/02\/Mask-group-27-1-edited.png\",\"contentUrl\":\"https:\/\/exceltic.serquo.com\/wp-content\/uploads\/2026\/02\/Mask-group-27-1-edited.png\"},{\"@type\":\"BreadcrumbList\",\"@id\":\"https:\/\/exceltic.serquo.com\/talento-general\/#breadcrumb\",\"itemListElement\":[{\"@type\":\"ListItem\",\"position\":1,\"name\":\"Portada\",\"item\":\"https:\/\/exceltic.serquo.com\/\"},{\"@type\":\"ListItem\",\"position\":2,\"name\":\"Talento general\"}]},{\"@type\":\"WebSite\",\"@id\":\"https:\/\/exceltic.serquo.com\/#website\",\"url\":\"https:\/\/exceltic.serquo.com\/\",\"name\":\"\",\"description\":\"Ingenier\u00eda y Consultor\u00eda\",\"potentialAction\":[{\"@type\":\"SearchAction\",\"target\":{\"@type\":\"EntryPoint\",\"urlTemplate\":\"https:\/\/exceltic.serquo.com\/?s={search_term_string}\"},\"query-input\":{\"@type\":\"PropertyValueSpecification\",\"valueRequired\":true,\"valueName\":\"search_term_string\"}}],\"inLanguage\":\"de\"}]}<\/script>\n<!-- \/ Yoast SEO plugin. -->","yoast_head_json":{"title":"Allgemeines Talent","robots":{"index":"index","follow":"follow","max-snippet":"max-snippet:-1","max-image-preview":"max-image-preview:large","max-video-preview":"max-video-preview:-1"},"canonical":"https:\/\/exceltic.serquo.com\/de\/gesamttalent\/","og_locale":"de_DE","og_type":"article","og_title":"Talento general -","og_description":"TU ILUSI\u00d3N, NUESTRO TALENTO Queremos que encuentres aqu\u00ed un lugar donde ser t\u00fa mismo\/a, desarrollar tu potencial y formar parte de proyectos que marcan la diferencia. \u00bfNos acompa\u00f1as?","og_url":"https:\/\/exceltic.serquo.com\/de\/gesamttalent\/","article_publisher":"https:\/\/www.facebook.com\/exceltic\/","article_modified_time":"2026-03-09T11:16:55+00:00","og_image":[{"width":680,"height":453,"url":"https:\/\/exceltic.serquo.com\/wp-content\/uploads\/2026\/02\/Mask-group-27-1-edited.png","type":"image\/png"}],"twitter_card":"summary_large_image","twitter_site":"@exceltic","twitter_misc":{"Gesch\u00e4tzte Lesezeit":"1\u00a0Minute"},"schema":{"@context":"https:\/\/schema.org","@graph":[{"@type":"WebPage","@id":"https:\/\/exceltic.serquo.com\/talento-general\/","url":"https:\/\/exceltic.serquo.com\/talento-general\/","name":"Allgemeines Talent","isPartOf":{"@id":"https:\/\/exceltic.serquo.com\/#website"},"primaryImageOfPage":{"@id":"https:\/\/exceltic.serquo.com\/talento-general\/#primaryimage"},"image":{"@id":"https:\/\/exceltic.serquo.com\/talento-general\/#primaryimage"},"thumbnailUrl":"https:\/\/exceltic.serquo.com\/wp-content\/uploads\/2026\/02\/Mask-group-27-1-edited.png","datePublished":"2026-03-04T10:56:34+00:00","dateModified":"2026-03-09T11:16:55+00:00","breadcrumb":{"@id":"https:\/\/exceltic.serquo.com\/talento-general\/#breadcrumb"},"inLanguage":"de","potentialAction":[{"@type":"ReadAction","target":["https:\/\/exceltic.serquo.com\/talento-general\/"]}]},{"@type":"ImageObject","inLanguage":"de","@id":"https:\/\/exceltic.serquo.com\/talento-general\/#primaryimage","url":"https:\/\/exceltic.serquo.com\/wp-content\/uploads\/2026\/02\/Mask-group-27-1-edited.png","contentUrl":"https:\/\/exceltic.serquo.com\/wp-content\/uploads\/2026\/02\/Mask-group-27-1-edited.png"},{"@type":"BreadcrumbList","@id":"https:\/\/exceltic.serquo.com\/talento-general\/#breadcrumb","itemListElement":[{"@type":"ListItem","position":1,"name":"Portada","item":"https:\/\/exceltic.serquo.com\/"},{"@type":"ListItem","position":2,"name":"Talento general"}]},{"@type":"WebSite","@id":"https:\/\/exceltic.serquo.com\/#website","url":"https:\/\/exceltic.serquo.com\/","name":"","description":"Engineering und Beratung","potentialAction":[{"@type":"SearchAction","target":{"@type":"EntryPoint","urlTemplate":"https:\/\/exceltic.serquo.com\/?s={search_term_string}"},"query-input":{"@type":"PropertyValueSpecification","valueRequired":true,"valueName":"search_term_string"}}],"inLanguage":"de"}]}},"_links":{"self":[{"href":"https:\/\/exceltic.serquo.com\/de\/wp-json\/wp\/v2\/pages\/4311","targetHints":{"allow":["GET"]}}],"collection":[{"href":"https:\/\/exceltic.serquo.com\/de\/wp-json\/wp\/v2\/pages"}],"about":[{"href":"https:\/\/exceltic.serquo.com\/de\/wp-json\/wp\/v2\/types\/page"}],"author":[{"embeddable":true,"href":"https:\/\/exceltic.serquo.com\/de\/wp-json\/wp\/v2\/users\/2"}],"replies":[{"embeddable":true,"href":"https:\/\/exceltic.serquo.com\/de\/wp-json\/wp\/v2\/comments?post=4311"}],"version-history":[{"count":4,"href":"https:\/\/exceltic.serquo.com\/de\/wp-json\/wp\/v2\/pages\/4311\/revisions"}],"predecessor-version":[{"id":4554,"href":"https:\/\/exceltic.serquo.com\/de\/wp-json\/wp\/v2\/pages\/4311\/revisions\/4554"}],"wp:attachment":[{"href":"https:\/\/exceltic.serquo.com\/de\/wp-json\/wp\/v2\/media?parent=4311"}],"curies":[{"name":"wp","href":"https:\/\/api.w.org\/{rel}","templated":true}]}}