{"id":830,"date":"2022-04-22T10:22:14","date_gmt":"2022-04-22T10:22:14","guid":{"rendered":"https:\/\/exceltic.serquo.com\/?page_id=830"},"modified":"2025-05-19T11:49:49","modified_gmt":"2025-05-19T09:49:49","slug":"cookie-politik","status":"publish","type":"page","link":"https:\/\/exceltic.serquo.com\/de\/cookie-politik\/","title":{"rendered":"Cookies-Politik"},"content":{"rendered":"<p class=\"has-primary-color has-text-color has-x-large-font-size\">Was sind Cookies und warum verwenden wir sie?<\/p>\n\n\n\n<p>Die Website <a rel=\"noreferrer noopener\" href=\"https:\/\/www.exceltic.com\/\" target=\"_blank\">https:\/\/exceltic.com\/ <\/a>liegt in der Verantwortung von EXCELTIC, S.L. mit Sitz in der Calle de los Hermanos Garc\u00eda Noblejas 41 1\u00baPlanta 28037 Madrid und der E-Mail Adresse privacidad@exceltic.com.<\/p>\n\n\n\n<p>Exceltic verwendet Cookies mit dem Ziel, Ihnen einen besseren Service und ein besseres Surferlebnis zu bieten, und wir wenden diese \"Cookie-Nutzungsrichtlinie\" an, die erstellt wurde, damit der Benutzer \u00fcber die verschiedenen Verwendungsm\u00f6glichkeiten dieser Ger\u00e4te informiert ist und in \u00dcbereinstimmung mit der geltenden Gesetzgebung in Kenntnis der Sachlage seine Zustimmung zu ihrer Behandlung geben kann.<\/p>\n\n\n\n<p class=\"has-secondary-color has-text-color\">Was sind Cookies?<\/p>\n\n\n\n<p>Ein \"Cookie\" ist eine kleine Datei, die auf dem Computer, Tablet, Smartphone oder einem anderen Ger\u00e4t des Nutzers mit Informationen \u00fcber das Surfen gespeichert wird.<\/p>\n\n\n\n<p>Cookies helfen uns, die Qualit\u00e4t unserer Website zu verbessern.<\/p>\n\n\n\n<p>Cookies sind f\u00fcr das Funktionieren des Internets unentbehrlich, sie bieten unz\u00e4hlige Vorteile, erleichtern die Navigation und die Benutzerfreundlichkeit unserer Website, und in keinem Fall k\u00f6nnen Cookies Ihren Computer besch\u00e4digen. Auf der anderen Seite hilft uns die Tatsache, dass sie aktiv sind, die Leistung der Website zu kennen, was wir \u00e4ndern sollten und die Probleme, die auftreten k\u00f6nnen.<\/p>\n\n\n\n<p class=\"has-secondary-color has-text-color\">Welche Art von Informationen wird gespeichert?<\/p>\n\n\n\n<p>Cookies speichern in der Regel keine sensiblen Informationen \u00fcber Sie, wie Kreditkarten- oder Bankdaten, Fotos, Ihren Personalausweis oder pers\u00f6nliche Informationen usw. Die Daten, die sie speichern, sind technischer Natur, pers\u00f6nliche Pr\u00e4ferenzen, Personalisierung von Inhalten usw. Der Webserver assoziiert nicht Sie als Person, sondern Ihren Webbrowser. Wenn Sie normalerweise mit dem Internet Explorer surfen und versuchen, dieselbe Website mit Firefox oder Chrome aufzurufen, werden Sie feststellen, dass das Web nicht erkennt, dass Sie dieselbe Person sind, da es den Browser und nicht die Person zuordnet.<\/p>\n\n\n\n<p class=\"has-secondary-color has-text-color\">Welche Arten von Cookies gibt es?<\/p>\n\n\n\n<ul class=\"wp-block-list\">\n<li>Nach Angaben der Einrichtung, die sie verwaltet<\/li>\n<\/ul>\n\n\n\n<ul class=\"wp-block-list\">\n<li><strong>Eigene Cookies<\/strong>sind solche, die von unseren eigenen Computern oder Dom\u00e4nen an Ihren Computer gesendet werden und von denen aus wir die von Ihnen angeforderte Dienstleistung erbringen.<\/li>\n<\/ul>\n\n\n\n<ul class=\"wp-block-list\">\n<li><strong>Cookies von Dritten<\/strong>sind solche, die von einem Computer oder einer Dom\u00e4ne, die nicht von uns, sondern von einer anderen kooperierenden Einrichtung verwaltet wird, an Ihren Computer gesendet werden. Zum Beispiel solche, die von sozialen Netzwerken oder externen Inhalten wie Google Maps verwendet werden.<\/li>\n<\/ul>\n\n\n\n<ul class=\"wp-block-list\">\n<li>Je nach der Dauer ihrer Aktivierung<\/li>\n<\/ul>\n\n\n\n<ul class=\"wp-block-list\">\n<li><strong>Sitzungs-Cookies<\/strong>Tempor\u00e4re Cookies: Es handelt sich um tempor\u00e4re Cookies, die in der Cookie-Datei Ihres Browsers verbleiben, bis Sie die Website verlassen, so dass sie nicht auf der Festplatte Ihres Computers gespeichert werden. Die durch diese Cookies erhaltenen Informationen werden verwendet, um die Muster des Webverkehrs zu analysieren. Auf diese Weise k\u00f6nnen wir den Inhalt der Website verbessern und ihre Nutzung vereinfachen.<\/li>\n<\/ul>\n\n\n\n<ul class=\"wp-block-list\">\n<li><strong>Dauerhafte Cookies<\/strong>Cookies werden auf Ihrer Festplatte gespeichert und von unserer Website jedes Mal gelesen, wenn Sie unsere Website besuchen. Ein permanenter Cookie hat ein bestimmtes Verfallsdatum. Nach diesem Datum oder wenn Sie es l\u00f6schen, funktioniert das Cookie nicht mehr. Wir verwenden diese Cookies im Allgemeinen, um das Einkaufen und die Registrierung zu erleichtern.<\/li>\n<\/ul>\n\n\n\n<ul class=\"wp-block-list\">\n<li>Je nach ihrem Zweck<\/li>\n<\/ul>\n\n\n\n<ul class=\"wp-block-list\">\n<li><strong>Erforderliche Cookies<\/strong>Cookies: Dies sind Cookies, die dazu beitragen, eine Website nutzbar zu machen, indem sie grundlegende Funktionen wie die Seitennavigation und den Zugang zu sicheren Bereichen der Website erm\u00f6glichen. Die Website kann ohne diese Cookies nicht richtig funktionieren.<\/li>\n<\/ul>\n\n\n\n<ul class=\"wp-block-list\">\n<li><strong>Technische Cookies<\/strong>Cookies: erm\u00f6glichen es dem Nutzer, auf einer Website, Plattform oder Anwendung zu surfen und die verschiedenen Optionen oder Dienste zu nutzen, die dort vorhanden sind, wie z. B. die Steuerung des Datenverkehrs und der Datenkommunikation, die Identifizierung der Sitzung, den Zugang zu Bereichen mit eingeschr\u00e4nktem Zugang, die Erinnerung an die Elemente, aus denen eine Bestellung besteht, die Durchf\u00fchrung des Kaufvorgangs einer Bestellung, die Beantragung einer Registrierung oder die Teilnahme an einer Veranstaltung, die Verwendung von Sicherheitselementen beim Surfen, die Speicherung von Inhalten f\u00fcr die \u00dcbertragung von Videos oder Ton oder die gemeinsame Nutzung von Inhalten \u00fcber soziale Netzwerke.<\/li>\n<\/ul>\n\n\n\n<ul class=\"wp-block-list\">\n<li><strong>Personalisierungs-Cookies<\/strong>Es handelt sich um solche, die es dem Nutzer erm\u00f6glichen, auf den Dienst mit einigen allgemeinen Merkmalen zuzugreifen, die nach einer Reihe von Kriterien im Endger\u00e4t des Nutzers vordefiniert sind, wie z. B. die Sprache, die Art des Browsers, \u00fcber den der Nutzer auf den Dienst zugreift, die regionale Konfiguration, von der aus der Nutzer auf den Dienst zugreift, usw.<\/li>\n<\/ul>\n\n\n\n<ul class=\"wp-block-list\">\n<li><strong>Analyse-Cookies<\/strong>Cookies: sind solche, die es dem Herausgeber erm\u00f6glichen, das Verhalten der Nutzer der Websites, mit denen sie verbunden sind, zu \u00fcberwachen und zu analysieren. Die durch diese Art von Cookies gesammelten Informationen werden verwendet, um die Aktivit\u00e4t der Websites, Anwendungen oder Plattformen zu messen und f\u00fcr die Ausarbeitung von Browsing-Profilen der Nutzer dieser Websites, Anwendungen und Plattformen, um Verbesserungen auf der Grundlage der Analyse der Daten \u00fcber die Nutzung durch die Nutzer des Dienstes einzuf\u00fchren.<\/li>\n<\/ul>\n\n\n\n<ul class=\"wp-block-list\">\n<li><strong>Werbung Cookies<\/strong>Diese erm\u00f6glichen eine m\u00f6glichst effiziente Verwaltung der Werbefl\u00e4chen, die der Herausgeber gegebenenfalls auf einer Website, einer Anwendung oder einer Plattform eingerichtet hat, von der aus der angeforderte Dienst erbracht wird, und zwar auf der Grundlage von Kriterien wie dem bearbeiteten Inhalt oder der H\u00e4ufigkeit, mit der die Werbung angezeigt wird.<\/li>\n<\/ul>\n\n\n\n<ul class=\"wp-block-list\">\n<li><strong>Cookies f\u00fcr verhaltensbasierte Werbung<\/strong>Cookies: Diese erm\u00f6glichen eine m\u00f6glichst effiziente Verwaltung der Werbefl\u00e4chen, die der Herausgeber gegebenenfalls auf einer Website, Anwendung oder Plattform, von der aus der angeforderte Dienst erbracht wird, eingef\u00fcgt hat. Diese Cookies speichern Informationen \u00fcber das Verhalten der Nutzer, die durch kontinuierliche Beobachtung ihrer Surfgewohnheiten gewonnen werden und die es erm\u00f6glichen, ein spezifisches Profil zu erstellen, um auf der Grundlage einer automatisierten Entscheidung Werbung anzuzeigen.<\/li>\n<\/ul>\n\n\n\n<p class=\"has-primary-color has-text-color has-x-large-font-size\">Zweck der einzelnen verwendeten Cookies<\/p>\n\n\n\n<p>Im Folgenden werden die auf unserer Website verwendeten Cookies und ihr Zweck aufgef\u00fchrt.<\/p>\n\n\n\n<p class=\"has-secondary-color has-text-color\">Eigene Cookies<\/p>\n\n\n\n<figure class=\"wp-block-table is-style-regular has-small-font-size\"><table class=\"has-border-color has-tertiary-border-color\"><tbody><tr><td>Anbieter<\/td><td>Name<\/td><td>Typ<\/td><td>Kategorie<\/td><td>Beschreibung<\/td><td>Verfallsdatum<\/td><\/tr><tr><td>exceltic.com<\/td><td>_ga<\/td><td>HTTP<\/td><td>Statistik<\/td><td>Sie zeichnet eine eindeutige ID auf, die dazu dient, statistische Daten dar\u00fcber zu erstellen, wie der Besucher die Website nutzt.<\/td><td>2 Jahre<\/td><\/tr><tr><td>exceltic.com<\/td><td>_gat<\/td><td>HTTP<\/td><td>Statistik<\/td><td>Wird von Google Analytics zur \u00dcberwachung der Abrufraten verwendet<\/td><td>1 Tag<\/td><\/tr><tr><td>exceltic.com<\/td><td>_gid<\/td><td>HTTP<\/td><td>Statistik<\/td><td>Sie zeichnet eine eindeutige ID auf, die dazu dient, statistische Daten dar\u00fcber zu erstellen, wie der Besucher die Website nutzt.<\/td><td>1 Tag<\/td><\/tr><tr><td>karriere.exceltic.com<\/td><td>ASP.NET_SessionId<\/td><td>HTTP<\/td><td>Erforderlich<\/td><td>Behalten Sie den Benutzerstatus f\u00fcr alle Anfragen auf der Seite bei.<\/td><td>Sitzung<\/td><\/tr><tr><td>karriere.exceltic.com<\/td><td>ASPSESSIONID<strong>#<\/strong><\/td><td>HTTP<\/td><td>Erforderlich<\/td><td>Behalten Sie den Benutzerstatus f\u00fcr alle Anfragen auf der Seite bei.<\/td><td>Sitzung<\/td><\/tr><\/tbody><\/table><\/figure>\n\n\n\n<p class=\"has-secondary-color has-text-color\">Cookies von Dritten<\/p>\n\n\n\n<figure class=\"wp-block-table is-style-regular has-small-font-size\"><table class=\"has-border-color has-tertiary-border-color\"><tbody><tr><td>Anbieter<\/td><td>Name<\/td><td>Typ<\/td><td>Kategorie<\/td><td>Beschreibung<\/td><td>Verfallsdatum<\/td><\/tr><tr><td>cdn.syndication.twimg.com<\/td><td>Lang<\/td><td>HTTP<\/td><td>Pr\u00e4ferenzen<\/td><td>Sie merkt sich die Sprache, die ein Benutzer f\u00fcr die Anzeige einer Webseite ausgew\u00e4hlt hat.<\/td><td>Sitzung<\/td><\/tr><tr><td>twitter.com<\/td><td>__widgetsettings<\/td><td>HTML<\/td><td>Marketing<\/td><td>Wird von Twitter verwendet, um Statistiken zu f\u00fchren<\/td><td>Persistent<\/td><\/tr><tr><td>twitter.com<\/td><td>lokaler_Lagerung<br>_unterst\u00fctzung_test<\/td><td>HTML<\/td><td>Marketing<\/td><td>Das Cookie wird im Zusammenhang mit der lokalen Speicherfunktion des Browsers verwendet. Diese Funktion erm\u00f6glicht ein schnelleres Laden der Website durch Vorladen bestimmter Vorg\u00e4nge.<\/td><td>Persistent<\/td><\/tr><tr><td>doubleclick.net<\/td><td>IDE<\/td><td>HTML<\/td><td>Marketing<\/td><td>Wird von Google DoubleClick verwendet, um die Aktionen der Nutzer auf der Website aufzuzeichnen und zu melden, nachdem sie eine Anzeige des Werbetreibenden gesehen oder angeklickt haben, um die Wirksamkeit einer Anzeige zu messen und dem Nutzer gezielte Werbung zu pr\u00e4sentieren.<\/td><td>1 Jahr<\/td><\/tr><tr><td>doubleclick.net<\/td><td>test_cookie<\/td><td>HTTP<\/td><td>Marketing<\/td><td>Dient zur \u00dcberpr\u00fcfung, ob der Browser des Benutzers Cookies unterst\u00fctzt.<\/td><td>1 Jahr<\/td><\/tr><tr><td>youtube.com<\/td><td>GPS<\/td><td>HTTP<\/td><td>Marketing<\/td><td>Registriert eine eindeutige ID auf mobilen Ger\u00e4ten, um die GPS-Ortung zu erm\u00f6glichen<\/td><td>1 Tag<\/td><\/tr><tr><td>youtube.com<\/td><td>PREF<\/td><td>HTML<\/td><td>Marketing<\/td><td>Sie zeichnet eine eindeutige ID auf, die von Google verwendet wird, um Statistiken dar\u00fcber zu f\u00fchren, wie YouTube-Videos von Besuchern auf verschiedenen Websites genutzt werden.<\/td><td>8 Monate<\/td><\/tr><tr><td>youtube.com<\/td><td>BESUCHER_INFO1<br>_LIVE<\/td><td>HTTP<\/td><td>Marketing<\/td><td>Cookie, das die auf der Website eingebetteten Videos verfolgt.<\/td><td>179 Tage<\/td><\/tr><tr><td>youtube.com<\/td><td>YSC<\/td><td>HTTP<\/td><td>Marketing<\/td><td>Cookie, das die Anzahl der Videoaufrufe des Nutzers misst, um Statistiken zu erstellen.<\/td><td>Sitzung<\/td><\/tr><tr><td>youtube.com<\/td><td>yt-remote-cast-installed<\/td><td>HTML<\/td><td>Marketing<\/td><td>Protokolliert die Einstellungen des Benutzers f\u00fcr den Videoplayer, wenn er eingebettete YouTube-Videos ansieht<\/td><td>Sitzung<\/td><\/tr><tr><td>youtube.com<\/td><td>yt-remote-connected-devices<\/td><td>HTML<\/td><td>Marketing<\/td><td>Protokolliert die Einstellungen des Benutzers f\u00fcr den Videoplayer, wenn er eingebettete YouTube-Videos ansieht<\/td><td>Persistent<\/td><\/tr><tr><td>youtube.com<\/td><td>yt-remote-device-id<\/td><td>HTML<\/td><td>Marketing<\/td><td>Protokolliert die Einstellungen des Benutzers f\u00fcr den Videoplayer, wenn er eingebettete YouTube-Videos ansieht<\/td><td>Persistent<\/td><\/tr><tr><td>youtube.com<\/td><td>yt-remote-fast-check-period<\/td><td>HTML<\/td><td>Marketing<\/td><td>Protokolliert die Einstellungen des Benutzers f\u00fcr den Videoplayer, wenn er eingebettete YouTube-Videos ansieht<\/td><td>Sitzung<\/td><\/tr><tr><td>youtube.com<\/td><td>yt-remote-session-app<\/td><td>HTML<\/td><td>Marketing<\/td><td>Protokolliert die Einstellungen des Benutzers f\u00fcr den Videoplayer, wenn er eingebettete YouTube-Videos ansieht<\/td><td>Sitzung<\/td><\/tr><tr><td>youtube.com<\/td><td>yt-remote-session-name<\/td><td>HTML<\/td><td>Marketing<\/td><td>Protokolliert die Einstellungen des Benutzers f\u00fcr den Videoplayer, wenn er eingebettete YouTube-Videos ansieht<\/td><td>Sitzung<\/td><\/tr><\/tbody><\/table><\/figure>\n\n\n\n<p class=\"has-primary-color has-text-color has-x-large-font-size\">Wie wir Ihre Zustimmung zum Setzen von Cookies erhalten und wie Sie diese widerrufen k\u00f6nnen<\/p>\n\n\n\n<p>Wenn Sie zum ersten Mal auf die Website zugreifen, erhalten Sie einen Hinweis auf die Verwendung von Cookies. In dieser ersten Ebene werden Sie \u00fcber die Art der von uns verwendeten Cookies und die Zwecke, f\u00fcr die wir sie verwenden, informiert und erhalten einen Link zu dieser Cookie-Richtlinie, in der Sie ausf\u00fchrlichere Informationen finden k\u00f6nnen. Wenn Sie weiter surfen, erkl\u00e4ren Sie sich damit einverstanden, dass wir Cookies wie in dieser Richtlinie beschrieben installieren.<\/p>\n\n\n\n<p class=\"has-primary-color has-text-color has-x-large-font-size\">Wie Sie Cookies in Ihrem Browser widerrufen oder deaktivieren k\u00f6nnen<\/p>\n\n\n\n<p>Bei den meisten Browsern kann der Benutzer jetzt einstellen, ob und welche Cookies er akzeptieren m\u00f6chte. Diese Einstellungen finden Sie normalerweise im Men\u00fc \"Optionen\" oder \"Einstellungen\" Ihres Browsers.<\/p>\n\n\n\n<p>Dies sind die Anweisungen f\u00fcr das Setzen von Cookies in den wichtigsten Browsern:<\/p>\n\n\n\n<ul class=\"wp-block-list\">\n<li><strong>Chrom<\/strong>Einstellungen &gt; Erweiterte Optionen anzeigen &gt; Datenschutz &gt; Inhaltseinstellungen. F\u00fcr weitere Informationen k\u00f6nnen Sie den Google-Support oder die Hilfe des Browsers konsultieren.<\/li>\n<\/ul>\n\n\n\n<ul class=\"wp-block-list\">\n<li><strong>Firefox<\/strong>: Extras &gt; Optionen &gt; Datenschutz &gt; Verlauf &gt; Benutzerdefinierte Einstellungen. F\u00fcr weitere Informationen k\u00f6nnen Sie den Mozilla-Support oder die Hilfe des Browsers konsultieren.<\/li>\n<\/ul>\n\n\n\n<ul class=\"wp-block-list\">\n<li><strong>Internet Explorer<\/strong>Extras &gt; Internetoptionen &gt; Datenschutz &gt; Einstellungen. Weitere Informationen erhalten Sie beim Microsoft-Support oder in der Hilfe des Browsers.<\/li>\n<\/ul>\n\n\n\n<ul class=\"wp-block-list\">\n<li><strong>Safari<\/strong>Einstellungen &gt; Sicherheit. Weitere Informationen erhalten Sie beim Apple-Support oder in der Browser-Hilfe.<\/li>\n<\/ul>\n\n\n\n<p>Wenn Sie Fragen zu unserer Verwendung von Cookies oder zur Konfiguration bzw. zum Widerruf Ihrer Zustimmung haben, k\u00f6nnen Sie sich an uns wenden, indem Sie uns eine E-Mail an <a href=\"mailto:privacidad@exceltic.com\">privacidad@exceltic.com<\/a>.<\/p>\n\n\n\n<p class=\"has-text-align-right\">Letzte \u00c4nderung: 23. Oktober 2019<\/p>","protected":false},"excerpt":{"rendered":"<p>Was sind Cookies und warum verwenden wir sie? F\u00fcr die Website https:\/\/exceltic.com\/ ist EXCELTIC, S.L. mit der Adresse Calle de los Hermanos Garc\u00eda Noblejas 41 1\u00baPlanta 28037 Madrid und der E-Mail-Adresse privacidad@exceltic.com verantwortlich. Bei Exceltic verwenden wir Cookies, um Ihnen einen besseren Service zu bieten und die Nutzung unserer Website zu erleichtern.<\/p>","protected":false},"author":1,"featured_media":0,"parent":0,"menu_order":0,"comment_status":"closed","ping_status":"closed","template":"politica-de-cookies","meta":{"footnotes":""},"class_list":["post-830","page","type-page","status-publish","hentry"],"yoast_head":"<!-- This site is optimized with the Yoast SEO plugin v26.9 - https:\/\/yoast.com\/product\/yoast-seo-wordpress\/ -->\n<title>Pol\u00edtica de cookies -<\/title>\n<meta name=\"robots\" content=\"noindex, nofollow\" \/>\n<meta property=\"og:locale\" content=\"de_DE\" \/>\n<meta property=\"og:type\" content=\"article\" \/>\n<meta property=\"og:title\" content=\"Pol\u00edtica de cookies -\" \/>\n<meta property=\"og:description\" content=\"Qu\u00e9 son las cookies y por qu\u00e9 las utilizamos La p\u00e1gina web https:\/\/exceltic.com\/ es responsabilidad de EXCELTIC, S.L. con domicilio en Calle de los Hermanos Garc\u00eda Noblejas 41 1\u00baPlanta 28037 Madrid y direcci\u00f3n de correo electr\u00f3nico privacidad@exceltic.com En Exceltic utilizamos cookies con el objetivo de prestar un mejor servicio y proporcionarte una mejor experiencia en [&hellip;]\" \/>\n<meta property=\"og:url\" content=\"https:\/\/exceltic.serquo.com\/de\/cookie-politik\/\" \/>\n<meta property=\"article:publisher\" content=\"https:\/\/www.facebook.com\/exceltic\/\" \/>\n<meta property=\"article:modified_time\" content=\"2025-05-19T09:49:49+00:00\" \/>\n<meta name=\"twitter:card\" content=\"summary_large_image\" \/>\n<meta name=\"twitter:site\" content=\"@exceltic\" \/>\n<meta name=\"twitter:label1\" content=\"Gesch\u00e4tzte Lesezeit\" \/>\n\t<meta name=\"twitter:data1\" content=\"8\u00a0Minuten\" \/>\n<script type=\"application\/ld+json\" class=\"yoast-schema-graph\">{\"@context\":\"https:\/\/schema.org\",\"@graph\":[{\"@type\":\"WebPage\",\"@id\":\"https:\/\/exceltic.serquo.com\/politica-de-cookies\/\",\"url\":\"https:\/\/exceltic.serquo.com\/politica-de-cookies\/\",\"name\":\"Pol\u00edtica de cookies -\",\"isPartOf\":{\"@id\":\"https:\/\/exceltic.serquo.com\/#website\"},\"datePublished\":\"2022-04-22T10:22:14+00:00\",\"dateModified\":\"2025-05-19T09:49:49+00:00\",\"breadcrumb\":{\"@id\":\"https:\/\/exceltic.serquo.com\/politica-de-cookies\/#breadcrumb\"},\"inLanguage\":\"de\",\"potentialAction\":[{\"@type\":\"ReadAction\",\"target\":[\"https:\/\/exceltic.serquo.com\/politica-de-cookies\/\"]}]},{\"@type\":\"BreadcrumbList\",\"@id\":\"https:\/\/exceltic.serquo.com\/politica-de-cookies\/#breadcrumb\",\"itemListElement\":[{\"@type\":\"ListItem\",\"position\":1,\"name\":\"Portada\",\"item\":\"https:\/\/exceltic.serquo.com\/\"},{\"@type\":\"ListItem\",\"position\":2,\"name\":\"Pol\u00edtica de cookies\"}]},{\"@type\":\"WebSite\",\"@id\":\"https:\/\/exceltic.serquo.com\/#website\",\"url\":\"https:\/\/exceltic.serquo.com\/\",\"name\":\"\",\"description\":\"Ingenier\u00eda y Consultor\u00eda\",\"potentialAction\":[{\"@type\":\"SearchAction\",\"target\":{\"@type\":\"EntryPoint\",\"urlTemplate\":\"https:\/\/exceltic.serquo.com\/?s={search_term_string}\"},\"query-input\":{\"@type\":\"PropertyValueSpecification\",\"valueRequired\":true,\"valueName\":\"search_term_string\"}}],\"inLanguage\":\"de\"}]}<\/script>\n<!-- \/ Yoast SEO plugin. -->","yoast_head_json":{"title":"Cookie-Richtlinie -","robots":{"index":"noindex","follow":"nofollow"},"og_locale":"de_DE","og_type":"article","og_title":"Pol\u00edtica de cookies -","og_description":"Qu\u00e9 son las cookies y por qu\u00e9 las utilizamos La p\u00e1gina web https:\/\/exceltic.com\/ es responsabilidad de EXCELTIC, S.L. con domicilio en Calle de los Hermanos Garc\u00eda Noblejas 41 1\u00baPlanta 28037 Madrid y direcci\u00f3n de correo electr\u00f3nico privacidad@exceltic.com En Exceltic utilizamos cookies con el objetivo de prestar un mejor servicio y proporcionarte una mejor experiencia en [&hellip;]","og_url":"https:\/\/exceltic.serquo.com\/de\/cookie-politik\/","article_publisher":"https:\/\/www.facebook.com\/exceltic\/","article_modified_time":"2025-05-19T09:49:49+00:00","twitter_card":"summary_large_image","twitter_site":"@exceltic","twitter_misc":{"Gesch\u00e4tzte Lesezeit":"8\u00a0Minuten"},"schema":{"@context":"https:\/\/schema.org","@graph":[{"@type":"WebPage","@id":"https:\/\/exceltic.serquo.com\/politica-de-cookies\/","url":"https:\/\/exceltic.serquo.com\/politica-de-cookies\/","name":"Cookie-Richtlinie -","isPartOf":{"@id":"https:\/\/exceltic.serquo.com\/#website"},"datePublished":"2022-04-22T10:22:14+00:00","dateModified":"2025-05-19T09:49:49+00:00","breadcrumb":{"@id":"https:\/\/exceltic.serquo.com\/politica-de-cookies\/#breadcrumb"},"inLanguage":"de","potentialAction":[{"@type":"ReadAction","target":["https:\/\/exceltic.serquo.com\/politica-de-cookies\/"]}]},{"@type":"BreadcrumbList","@id":"https:\/\/exceltic.serquo.com\/politica-de-cookies\/#breadcrumb","itemListElement":[{"@type":"ListItem","position":1,"name":"Portada","item":"https:\/\/exceltic.serquo.com\/"},{"@type":"ListItem","position":2,"name":"Pol\u00edtica de cookies"}]},{"@type":"WebSite","@id":"https:\/\/exceltic.serquo.com\/#website","url":"https:\/\/exceltic.serquo.com\/","name":"","description":"Engineering und Beratung","potentialAction":[{"@type":"SearchAction","target":{"@type":"EntryPoint","urlTemplate":"https:\/\/exceltic.serquo.com\/?s={search_term_string}"},"query-input":{"@type":"PropertyValueSpecification","valueRequired":true,"valueName":"search_term_string"}}],"inLanguage":"de"}]}},"_links":{"self":[{"href":"https:\/\/exceltic.serquo.com\/de\/wp-json\/wp\/v2\/pages\/830","targetHints":{"allow":["GET"]}}],"collection":[{"href":"https:\/\/exceltic.serquo.com\/de\/wp-json\/wp\/v2\/pages"}],"about":[{"href":"https:\/\/exceltic.serquo.com\/de\/wp-json\/wp\/v2\/types\/page"}],"author":[{"embeddable":true,"href":"https:\/\/exceltic.serquo.com\/de\/wp-json\/wp\/v2\/users\/1"}],"replies":[{"embeddable":true,"href":"https:\/\/exceltic.serquo.com\/de\/wp-json\/wp\/v2\/comments?post=830"}],"version-history":[{"count":12,"href":"https:\/\/exceltic.serquo.com\/de\/wp-json\/wp\/v2\/pages\/830\/revisions"}],"predecessor-version":[{"id":2403,"href":"https:\/\/exceltic.serquo.com\/de\/wp-json\/wp\/v2\/pages\/830\/revisions\/2403"}],"wp:attachment":[{"href":"https:\/\/exceltic.serquo.com\/de\/wp-json\/wp\/v2\/media?parent=830"}],"curies":[{"name":"wp","href":"https:\/\/api.w.org\/{rel}","templated":true}]}}