{"id":834,"date":"2022-04-22T10:22:14","date_gmt":"2022-04-22T10:22:14","guid":{"rendered":"https:\/\/exceltic.serquo.com\/?page_id=834"},"modified":"2025-05-19T11:01:02","modified_gmt":"2025-05-19T09:01:02","slug":"politica-de-privacidad","status":"publish","type":"page","link":"https:\/\/exceltic.serquo.com\/de\/datenschutzbestimmungen\/","title":{"rendered":"Datenschutzbestimmungen"},"content":{"rendered":"<p class=\"has-primary-color has-text-color has-x-large-font-size\">Verantwortlich<\/p>\n\n\n\n<p class=\"has-secondary-color has-text-color has-medium-font-size\">Wer ist der f\u00fcr die Verarbeitung Ihrer Daten Verantwortliche?<\/p>\n\n\n\n<p><strong>Identit\u00e4t: EXCELTIC, S.L.<br>Postanschrift: Calle de los Hermanos Garc\u00eda Noblejas 41 1\u00baPlanta 28037 Madrid<br>Telefon: 91 7875720<br>Kontakt: privacidad@exceltic.com<\/strong><\/p>\n\n\n\n<p class=\"has-primary-color has-text-color has-x-large-font-size\">Verwendungszwecke<\/p>\n\n\n\n<p class=\"has-secondary-color has-text-color has-medium-font-size\">Zu welchem Zweck verarbeiten wir Ihre personenbezogenen Daten?<\/p>\n\n\n\n<p>EXCELTIC S.L. verarbeitet die Informationen, die uns von den Interessenten zur Verf\u00fcgung gestellt werden, um die angeforderte Dienstleistung korrekt zu verwalten. In diesem Sinne werden die Daten, die Sie uns sowohl bei der Erstellung Ihres Kontos bei uns als auch bei der Erstellung Ihres Profils zur Verf\u00fcgung stellen, f\u00fcr die folgenden Zwecke verarbeitet:<\/p>\n\n\n\n<ul class=\"wp-block-list\">\n<li>Wir bieten Ihnen unsere Such- und Auswahldienste und damit verbundene Dienstleistungen an, um den Prozess zu erleichtern.<\/li>\n<\/ul>\n\n\n\n<ul class=\"wp-block-list\">\n<li>Verwaltung von Anfragen, die \u00fcber die Website entweder \u00fcber ein Kontaktformular oder ein anderes Online-Formular oder per E-Mail gestellt werden. Solche Anfragen k\u00f6nnen sein, sind aber nicht beschr\u00e4nkt auf,<\/li>\n<\/ul>\n\n\n\n<ul class=\"wp-block-list\">\n<li>Beantwortung eines Ersuchens um gesch\u00e4ftliche Informationen, um auf Ihre Anfragen oder Fragen antworten zu k\u00f6nnen.<\/li>\n<\/ul>\n\n\n\n<p>Die Bewerbung:<\/p>\n\n\n\n<ul class=\"wp-block-list\">\n<li>So k\u00f6nnen Sie uns Ihren Lebenslauf schicken oder Job-Alerts einrichten, damit wir Sie benachrichtigen k\u00f6nnen, wenn neue Stellen frei werden.<\/li>\n<\/ul>\n\n\n\n<ul class=\"wp-block-list\">\n<li>So k\u00f6nnen Sie sich auf Stellen bewerben und wir k\u00f6nnen Ihr Profil an unsere Kunden weiterleiten.<\/li>\n<\/ul>\n\n\n\n<ul class=\"wp-block-list\">\n<li>Um Ihre Angaben mit Stellenangeboten abzugleichen, die Ihrem Profil entsprechen, um Ihre Bewerbung zu bewerten.<\/li>\n<\/ul>\n\n\n\n<ul class=\"wp-block-list\">\n<li>Die Eintragung in den Newsletter des Unternehmens und informieren Sie \u00fcber die neuesten Nachrichten in der Branche und wir k\u00f6nnen Ihnen Informationen \u00fcber Veranstaltungen, Aktionen und Wettbewerbe zu senden. sowie jede andere Interaktion zwischen dem Benutzer der Website EXCELTIC S.L., die dazu neigt, die Bed\u00fcrfnisse des Benutzers zu erf\u00fcllen. Alle angeforderten Daten sind notwendig, um die Anfrage bearbeiten zu k\u00f6nnen.<\/li>\n<\/ul>\n\n\n\n<p>Ebenso werden die bereitgestellten Daten verarbeitet, um Ihnen kommerzielle Informationen \u00fcber unsere Produkte und Dienstleistungen, die f\u00fcr Sie von Interesse sein k\u00f6nnten, per Post, E-Mail, SMS oder \u00fcber andere gleichwertige elektronische Kommunikationsmittel zuzusenden. F\u00fcr den Fall, dass Sie keine kommerziellen Mitteilungen erhalten m\u00f6chten, haben Sie die M\u00f6glichkeit, sich dem Erhalt kommerzieller Mitteilungen zu widersetzen, indem Sie das entsprechende K\u00e4stchen auf dem Informations- oder Kontaktformular selbst nicht ankreuzen oder sogar von Ihrem Widerspruchsrecht unter der oben genannten Adresse Gebrauch machen.<\/p>\n\n\n\n<p class=\"has-secondary-color has-text-color\">Was m\u00fcssen Sie uns garantieren, wenn Sie uns Ihre pers\u00f6nlichen Daten zur Verf\u00fcgung stellen?<\/p>\n\n\n\n<ul class=\"wp-block-list\">\n<li>Der Nutzer garantiert, dass die angegebenen personenbezogenen Daten wahrheitsgem\u00e4\u00df, genau, vollst\u00e4ndig und auf dem neuesten Stand sind. Der Nutzer haftet f\u00fcr jeden direkten oder indirekten Schaden, der durch die Nichteinhaltung dieser Verpflichtung entsteht.<\/li>\n<\/ul>\n\n\n\n<ul class=\"wp-block-list\">\n<li>F\u00fcr den Fall, dass der Nutzer personenbezogene Daten von Dritten zur Verf\u00fcgung stellt, garantiert der Nutzer, dass er diese Dritten \u00fcber den Inhalt dieser Datenschutzerkl\u00e4rung informiert hat und dass er ihre vorherige Zustimmung eingeholt hat, uns ihre Daten zum Zweck der betreffenden Verarbeitung zur Verf\u00fcgung zu stellen.<\/li>\n<\/ul>\n\n\n\n<ul class=\"wp-block-list\">\n<li>Um Ihre pers\u00f6nlichen Daten anzugeben, m\u00fcssen Sie \u00fcber 16 Jahre alt sein. Nutzer, die \u00fcber unsere Websites personenbezogene Daten bereitstellen, erkl\u00e4ren und garantieren, dass sie \u00fcber 16 Jahre alt sind und die volle Verantwortung f\u00fcr diese Erkl\u00e4rung tragen.<\/li>\n<\/ul>\n\n\n\n<ul class=\"wp-block-list\">\n<li>Der Nutzer erkl\u00e4rt, dass alle von ihm zur Verf\u00fcgung gestellten Informationen wahrheitsgem\u00e4\u00df und korrekt sind und verpflichtet sich, diese auf dem neuesten Stand zu halten und Exceltic S.L. alle \u00c4nderungen mitzuteilen. EXCELTIC S.L. ist von jeglicher Haftung f\u00fcr die Nichteinhaltung dieser Anforderungen durch den Nutzer befreit.<\/li>\n<\/ul>\n\n\n\n<p class=\"has-secondary-color has-text-color\">Wie lange werden wir Ihre Daten aufbewahren?<\/p>\n\n\n\n<p>Ihre Daten werden f\u00fcr die Dauer der vertraglichen und gesch\u00e4ftlichen Beziehung mit uns aufbewahrt, solange Sie deren L\u00f6schung verlangen, sowie f\u00fcr den Zeitraum, der erforderlich ist, um den gesetzlichen Verpflichtungen im Falle von Anspr\u00fcchen, die wir von offiziellen Stellen erhalten, nachzukommen.<\/p>\n\n\n\n<p>Die f\u00fcr die Teilnahme am Auswahlverfahren zur Verf\u00fcgung gestellten personenbezogenen Daten werden f\u00fcr einen Zeitraum von 5 Jahren ab der letzten Interessenbest\u00e4tigung aufbewahrt. Nach Ablauf dieses Zeitraums werden Ihre Daten gel\u00f6scht. Wenn Sie weiterhin an einer Teilnahme an unseren Auswahlverfahren interessiert sind, m\u00fcssen Sie uns Ihre aktualisierten Daten \u00fcbermitteln.<\/p>\n\n\n\n<p class=\"has-secondary-color has-text-color\">Wodurch wird die Verarbeitung Ihrer Daten legitimiert?<\/p>\n\n\n\n<p>Die Rechtsgrundlage f\u00fcr die Verarbeitung Ihrer Daten ist die Abwicklung der Gesch\u00e4ftsbeziehung, an der Sie beteiligt sind, damit wir die entsprechende Gesch\u00e4fts- und Vertragsbeziehung verwalten, entwickeln und kontrollieren k\u00f6nnen. Alle Daten, die wir von Ihnen verlangen, sind obligatorisch, so dass die Nichtbereitstellung einiger von ihnen die Erbringung der Dienstleistungen, die wir \u00fcber unsere Website anbieten, unm\u00f6glich machen kann.<\/p>\n\n\n\n<p>In Bezug auf die Zusendung kommerzieller Mitteilungen auf elektronischem Wege - als Ergebnis einer vorherigen Vertragsbeziehung - ist die Rechtsgrundlage das berechtigte Interesse von EXCELTIC S.L. gem\u00e4\u00df Artikel 21.2 des Gesetzes \u00fcber die Dienste der Informationsgesellschaft (Ley de Servicios de la Sociedad de la Informaci\u00f3n).<\/p>\n\n\n\n<p>In Bezug auf die Zusendung kommerzieller Mitteilungen auf jeglichem Wege, einschlie\u00dflich elektronischer Mittel - au\u00dferhalb jeglicher vertraglicher Beziehung, aber auf der Grundlage eines berechtigten Interesses, da Sie sich an das Unternehmen wenden - ist die Rechtsgrundlage die Zustimmung, die wir von Ihnen zu dem Zeitpunkt einholen und die Sie freiwillig erteilen. F\u00fcr den Fall, dass wir Ihre Zustimmung nicht erhalten, verpflichtet sich EXCELTIC S.L., Ihre Daten nicht zu Werbezwecken zu verarbeiten.<\/p>\n\n\n\n<p>In Bezug auf die Verarbeitung im Zusammenhang mit der Verwaltung von Bewerbungen in den Auswahlverfahren, die in der Einrichtung offen sind, ist die Rechtsgrundlage f\u00fcr die Verarbeitung Ihrer Daten die ausdr\u00fcckliche Zustimmung des Interessenten sowie das berechtigte Interesse, das sich aus Ihrer eigenen Initiative zur \u00dcbermittlung Ihres Lebenslaufs ergibt. Auch f\u00fcr den Fall, dass die ordnungsgem\u00e4\u00dfe Verwaltung der Bewerbung die \u00dcbermittlung Ihrer personenbezogenen Daten an Dritte, z. B. Kunden, erfordert, werden wir Sie stets um Ihre ausdr\u00fcckliche Zustimmung bitten.<\/p>\n\n\n\n<p class=\"has-secondary-color has-text-color\">Woher stammen die Daten?<\/p>\n\n\n\n<p>Exceltic erhebt personenbezogene Daten direkt von Ihnen. Wir erheben personenbezogene Daten zum Beispiel, wenn:<\/p>\n\n\n\n<ul class=\"wp-block-list\">\n<li>Sie wenden sich an ein Exceltic-Mitglied, per Telefon, Brief, Fax, E-Mail oder \u00fcber unsere Website.<\/li>\n<\/ul>\n\n\n\n<ul class=\"wp-block-list\">\n<li>Sie bewerben sich auf eine Stelle oder registrieren Ihren Lebenslauf auf unserer Website.<\/li>\n<\/ul>\n\n\n\n<ul class=\"wp-block-list\">\n<li>Sie f\u00fcllen ein Anmeldeformular aus und senden es uns zu.<\/li>\n<\/ul>\n\n\n\n<ul class=\"wp-block-list\">\n<li>Sie \u00fcbermitteln uns alle sonstigen Informationen im Zusammenhang mit Ihrer Anmeldung f\u00fcr eine Stelle.<\/li>\n<\/ul>\n\n\n\n<p>Ihre personenbezogenen Daten k\u00f6nnen auch von Dritten erhoben werden, die Exceltic zu \u00dcberpr\u00fcfungszwecken kontaktiert. In diesem Fall versichern Sie, dass Sie diese Dritten \u00fcber den Inhalt dieser Richtlinie informiert und deren vorherige Zustimmung eingeholt haben, uns ihre Daten f\u00fcr den Zweck der betreffenden Verarbeitung zur Verf\u00fcgung zu stellen. Zum Beispiel, wenn Exceltic:<\/p>\n\n\n\n<ul class=\"wp-block-list\">\n<li>Fragen Sie nach Referenzen \u00fcber sich selbst.<\/li>\n<\/ul>\n\n\n\n<ul class=\"wp-block-list\">\n<li>Bitten Sie um Referenzen von Arbeitgebern oder potenziellen Arbeitgebern, Kollegen, Berufsverb\u00e4nden oder Zertifizierungs-\/Regulierungsstellen.<\/li>\n<\/ul>\n\n\n\n<ul class=\"wp-block-list\">\n<li>Leistungsbewertungen (entweder positiv oder negativ).<\/li>\n<\/ul>\n\n\n\n<ul class=\"wp-block-list\">\n<li>Beschwerden von oder \u00fcber Sie von Ihrem derzeitigen Arbeitgeber.<\/li>\n<\/ul>\n\n\n\n<p class=\"has-secondary-color has-text-color\">An welche Empf\u00e4nger werden Ihre Daten weitergegeben?<\/p>\n\n\n\n<p>Wir verkaufen, vermieten oder geben pers\u00f6nliche Daten nicht an Dritte weiter. Ihre personenbezogenen Daten d\u00fcrfen nur an die zust\u00e4ndigen \u00f6ffentlichen Verwaltungen weitergegeben werden, wenn eine gesetzliche Verpflichtung dazu besteht.<\/p>\n\n\n\n<p>Sollte es jedoch zu irgendeinem Zeitpunkt w\u00e4hrend der Gesch\u00e4ftsbeziehung notwendig sein, Ihre Daten zu neuen Zwecken an Dritte weiterzugeben, so erfolgt diese Weitergabe, wenn EXCELTIC S.L. Ihre vorherige Zustimmung dazu hat und in der gesetzlich vorgeschriebenen Weise.<\/p>\n\n\n\n<p>Es kann auch Dritte geben, die aufgrund der f\u00fcr EXCELTIC S.L. erbrachten Dienstleistungen Zugang zu Ihren pers\u00f6nlichen Daten haben.<\/p>\n\n\n\n<p>Wir informieren Sie auch dar\u00fcber, dass es Lieferanten au\u00dferhalb des Europ\u00e4ischen Wirtschaftsraums gibt, die im Namen von EXCELTIC S.L. auf Ihre pers\u00f6nlichen Daten zugreifen k\u00f6nnen, um Ihnen einen angemessenen Service zu bieten, und dass dies internationale \u00dcbertragungen beinhalten kann. Zu diesem Zweck wurden entsprechende Garantien vereinbart, die sicherstellen, dass die Daten mit einem Schutzniveau behandelt werden, das den europ\u00e4ischen Vorschriften entspricht. Insbesondere arbeiten wir mit Mailchimp, der Plattform, die wir f\u00fcr den Versand von Aktualisierungen zu unseren Ver\u00f6ffentlichungen, Veranstaltungen, Newslettern, Werbeaktionen und Neuigkeiten nutzen.<\/p>\n\n\n\n<p><\/p>\n\n\n\n<p>Die vollst\u00e4ndige Liste der zertifizierten Einrichtungen ist auf der Website des Privacy Shield zu finden: https:\/\/www.privacyshield.gov\/list<\/p>\n\n\n\n<p>Sie k\u00f6nnen die Nutzungsbedingungen von Mailchimp (englische Version) und die Datenschutzrichtlinie (englische Version) lesen, indem Sie auf die Links klicken.<\/p>\n\n\n\n<p class=\"has-secondary-color has-text-color\">Welche Rechte haben Sie, wenn Sie uns Ihre Daten zur Verf\u00fcgung stellen, und wie k\u00f6nnen Sie diese aus\u00fcben?<\/p>\n\n\n\n<p>Sie haben das Recht, eine Best\u00e4tigung dar\u00fcber zu erhalten, ob Exceltic, S.L. Ihre personenbezogenen Daten verarbeitet oder nicht. EXCELTIC S.L. informiert Sie dar\u00fcber, dass Sie die folgenden Rechte in Bezug auf Ihre pers\u00f6nlichen Daten haben:<\/p>\n\n\n\n<ul class=\"wp-block-list\">\n<li><strong>Zugriff auf Ihre Daten:<\/strong> Sie haben das Recht auf Zugang zu Ihren Daten, um zu erfahren, welche personenbezogenen Daten wir \u00fcber Sie verarbeiten.<\/li>\n<\/ul>\n\n\n\n<ul class=\"wp-block-list\">\n<li><strong>die Berichtigung oder L\u00f6schung ihrer Daten zu verlangen: <\/strong>Unter bestimmten Umst\u00e4nden haben Sie das Recht, personenbezogene Daten zu berichtigen, die Sie f\u00fcr unrichtig halten und die Sie betreffen und die von Exceltic verarbeitet werden, sowie das Recht, die L\u00f6schung Ihrer Daten zu verlangen, wenn die Daten unter anderem f\u00fcr die Zwecke, f\u00fcr die sie erhoben wurden, nicht mehr erforderlich sind.<\/li>\n<\/ul>\n\n\n\n<ul class=\"wp-block-list\">\n<li><strong>die Einschr\u00e4nkung der Verarbeitung Ihrer Daten zu verlangen: <\/strong>In diesem Fall werden wir die Daten, f\u00fcr die Sie die Einschr\u00e4nkung der Verarbeitung beantragt haben, nur zum Zwecke der Verfolgung oder Abwehr von Anspr\u00fcchen aufbewahren.<\/li>\n<\/ul>\n\n\n\n<ul class=\"wp-block-list\">\n<li><strong>Zur \u00dcbertragbarkeit ihrer Daten: <\/strong>Unter bestimmten Umst\u00e4nden haben Sie das Recht, die Sie betreffenden personenbezogenen Daten, die Sie uns zur Verf\u00fcgung gestellt haben, in einem strukturierten, g\u00e4ngigen und maschinenlesbaren Format zu erhalten und sie von Exceltic an einen anderen f\u00fcr die Datenverarbeitung Verantwortlichen \u00fcbermitteln zu lassen.<\/li>\n<\/ul>\n\n\n\n<ul class=\"wp-block-list\">\n<li><strong>der Verarbeitung Ihrer Daten zu widersprechen: <\/strong>Unter bestimmten Umst\u00e4nden und aus Gr\u00fcnden, die sich auf Ihre besondere Situation beziehen, haben Sie das Recht, der Verarbeitung Ihrer Daten zu widersprechen. In diesem Fall werden wir die Verarbeitung Ihrer Daten einstellen, es sei denn, wir m\u00fcssen sie aus zwingenden legitimen Gr\u00fcnden oder zur Geltendmachung oder Verteidigung von Anspr\u00fcchen weiterverarbeiten.<\/li>\n<\/ul>\n\n\n\n<p>In \u00dcbereinstimmung mit den Bestimmungen der RGPD k\u00f6nnen die Nutzer ihr Recht auf Zugang, Berichtigung, L\u00f6schung, Widerspruch, Einschr\u00e4nkung oder \u00dcbertragbarkeit aus\u00fcben. Zu diesem Zweck wenden Sie sich bitte an die Avenida Instituci\u00f3n Libre de Ense\u00f1anza 41 1\u00baPlanta 28037 Madrid oder per E-Mail an privacidad@exceltic.com<\/p>\n\n\n\n<p>Schlie\u00dflich weisen wir Sie darauf hin, dass Sie sich mit allen Anspr\u00fcchen, die sich aus der Verarbeitung Ihrer personenbezogenen Daten ergeben, an die spanische Datenschutzbeh\u00f6rde und andere zust\u00e4ndige \u00f6ffentliche Stellen wenden k\u00f6nnen.<\/p>\n\n\n\n<p class=\"has-secondary-color has-text-color\">Zus\u00e4tzliche Informationen<\/p>\n\n\n\n<p>EXCELTIC S.L. hat die gesetzlich vorgeschriebenen Sicherheitsvorkehrungen zum Schutz personenbezogener Daten getroffen und alle nach dem Stand der Technik verf\u00fcgbaren technischen Mittel und Ma\u00dfnahmen installiert, um den Verlust, den Missbrauch, die Ver\u00e4nderung, den unbefugten Zugriff und den Diebstahl der bereitgestellten personenbezogenen Daten zu verhindern.<\/p>\n\n\n\n<p>Der Nutzer unterliegt der Vertraulichkeits- und Geheimhaltungspflicht der Mitarbeiter von EXCELTIC S.L. und all derjenigen, die die Daten im Namen und im Auftrag desselben verarbeiten. Unbeschadet des Vorstehenden ist sich der Nutzer der M\u00f6glichkeit bewusst, dass die Sicherheit der Kommunikation \u00fcber das Netz nicht unverletzlich sein kann.<\/p>\n\n\n\n<p class=\"has-secondary-color has-text-color\">Cookie-Richtlinie<\/p>\n\n\n\n<p>Um sich \u00fcber die Cookies zu informieren, die wir auf dieser Website\/Mobilanwendung verwenden, denken Sie bitte daran, dass Sie auf unsere <a href=\"https:\/\/exceltic.com\/politica-de-cookies\/\">Cookie-Richtlinie<\/a>.<\/p>\n\n\n\n<p class=\"has-secondary-color has-text-color\">Kontakt<\/p>\n\n\n\n<p>Wenn Sie Anmerkungen, Fragen oder Vorschl\u00e4ge zu den Informationen in dieser Datenschutzerkl\u00e4rung oder zu anderen Aspekten der Verarbeitung Ihrer Daten haben, wenden Sie sich bitte an: Exceltic, Calle Hermanos Garc\u00eda Noblejas, 41 1\u00baPlanta 28037 Madrid oder an die folgende Adresse <a href=\"mailto:privacidad@exceltic.com\">privacidad@exceltic.com<\/a> <\/p>\n\n\n\n<p class=\"has-text-align-right\">Letzte \u00c4nderung: 26. Mai 2022<\/p>","protected":false},"excerpt":{"rendered":"<p>Verantwortlich Wer ist f\u00fcr die Verarbeitung Ihrer Daten verantwortlich? Identit\u00e4t: EXCELTIC, S.L.Postanschrift: Calle de los Hermanos Garc\u00eda Noblejas 41 1\u00baPlanta 28037 MadridTelefon: 91 7875720Kontakt: privacidad@exceltic.com Zwecke Zu welchem Zweck verarbeiten wir Ihre pers\u00f6nlichen Daten? EXCELTIC S.L. verarbeitet die von den Interessenten zur Verf\u00fcgung gestellten Informationen, um die angeforderte Dienstleistung korrekt zu verwalten. [...]<\/p>","protected":false},"author":1,"featured_media":0,"parent":0,"menu_order":0,"comment_status":"closed","ping_status":"closed","template":"politica-de-privacidad","meta":{"footnotes":""},"class_list":["post-834","page","type-page","status-publish","hentry"],"yoast_head":"<!-- This site is optimized with the Yoast SEO plugin v26.9 - https:\/\/yoast.com\/product\/yoast-seo-wordpress\/ -->\n<title>Pol\u00edtica de privacidad -<\/title>\n<meta name=\"robots\" content=\"noindex, nofollow\" \/>\n<meta property=\"og:locale\" content=\"de_DE\" \/>\n<meta property=\"og:type\" content=\"article\" \/>\n<meta property=\"og:title\" content=\"Pol\u00edtica de privacidad -\" \/>\n<meta property=\"og:description\" content=\"Responsable \u00bfQui\u00e9n es el Responsable del tratamiento de tus datos? Identidad: EXCELTIC, S.L.Direcci\u00f3n postal: Calle de los Hermanos Garc\u00eda Noblejas 41 1\u00baPlanta 28037 MadridTel\u00e9fono: 91 7875720Contacto: privacidad@exceltic.com Finalidades \u00bfCon qu\u00e9 finalidad tratamos tus datos personales? En EXCELTIC S.L. tratamos la informaci\u00f3n que nos facilitan las personas interesadas para realizar una correcta gesti\u00f3n del servicio solicitado. [&hellip;]\" \/>\n<meta property=\"og:url\" content=\"https:\/\/exceltic.serquo.com\/de\/datenschutzbestimmungen\/\" \/>\n<meta property=\"article:publisher\" content=\"https:\/\/www.facebook.com\/exceltic\/\" \/>\n<meta property=\"article:modified_time\" content=\"2025-05-19T09:01:02+00:00\" \/>\n<meta name=\"twitter:card\" content=\"summary_large_image\" \/>\n<meta name=\"twitter:site\" content=\"@exceltic\" \/>\n<meta name=\"twitter:label1\" content=\"Gesch\u00e4tzte Lesezeit\" \/>\n\t<meta name=\"twitter:data1\" content=\"9\u00a0Minuten\" \/>\n<script type=\"application\/ld+json\" class=\"yoast-schema-graph\">{\"@context\":\"https:\/\/schema.org\",\"@graph\":[{\"@type\":\"WebPage\",\"@id\":\"https:\/\/exceltic.serquo.com\/politica-de-privacidad\/\",\"url\":\"https:\/\/exceltic.serquo.com\/politica-de-privacidad\/\",\"name\":\"Pol\u00edtica de privacidad -\",\"isPartOf\":{\"@id\":\"https:\/\/exceltic.serquo.com\/#website\"},\"datePublished\":\"2022-04-22T10:22:14+00:00\",\"dateModified\":\"2025-05-19T09:01:02+00:00\",\"breadcrumb\":{\"@id\":\"https:\/\/exceltic.serquo.com\/politica-de-privacidad\/#breadcrumb\"},\"inLanguage\":\"de\",\"potentialAction\":[{\"@type\":\"ReadAction\",\"target\":[\"https:\/\/exceltic.serquo.com\/politica-de-privacidad\/\"]}]},{\"@type\":\"BreadcrumbList\",\"@id\":\"https:\/\/exceltic.serquo.com\/politica-de-privacidad\/#breadcrumb\",\"itemListElement\":[{\"@type\":\"ListItem\",\"position\":1,\"name\":\"Portada\",\"item\":\"https:\/\/exceltic.serquo.com\/\"},{\"@type\":\"ListItem\",\"position\":2,\"name\":\"Pol\u00edtica de privacidad\"}]},{\"@type\":\"WebSite\",\"@id\":\"https:\/\/exceltic.serquo.com\/#website\",\"url\":\"https:\/\/exceltic.serquo.com\/\",\"name\":\"\",\"description\":\"Ingenier\u00eda y Consultor\u00eda\",\"potentialAction\":[{\"@type\":\"SearchAction\",\"target\":{\"@type\":\"EntryPoint\",\"urlTemplate\":\"https:\/\/exceltic.serquo.com\/?s={search_term_string}\"},\"query-input\":{\"@type\":\"PropertyValueSpecification\",\"valueRequired\":true,\"valueName\":\"search_term_string\"}}],\"inLanguage\":\"de\"}]}<\/script>\n<!-- \/ Yoast SEO plugin. -->","yoast_head_json":{"title":"Datenschutz -","robots":{"index":"noindex","follow":"nofollow"},"og_locale":"de_DE","og_type":"article","og_title":"Pol\u00edtica de privacidad -","og_description":"Responsable \u00bfQui\u00e9n es el Responsable del tratamiento de tus datos? Identidad: EXCELTIC, S.L.Direcci\u00f3n postal: Calle de los Hermanos Garc\u00eda Noblejas 41 1\u00baPlanta 28037 MadridTel\u00e9fono: 91 7875720Contacto: privacidad@exceltic.com Finalidades \u00bfCon qu\u00e9 finalidad tratamos tus datos personales? En EXCELTIC S.L. tratamos la informaci\u00f3n que nos facilitan las personas interesadas para realizar una correcta gesti\u00f3n del servicio solicitado. [&hellip;]","og_url":"https:\/\/exceltic.serquo.com\/de\/datenschutzbestimmungen\/","article_publisher":"https:\/\/www.facebook.com\/exceltic\/","article_modified_time":"2025-05-19T09:01:02+00:00","twitter_card":"summary_large_image","twitter_site":"@exceltic","twitter_misc":{"Gesch\u00e4tzte Lesezeit":"9\u00a0Minuten"},"schema":{"@context":"https:\/\/schema.org","@graph":[{"@type":"WebPage","@id":"https:\/\/exceltic.serquo.com\/politica-de-privacidad\/","url":"https:\/\/exceltic.serquo.com\/politica-de-privacidad\/","name":"Datenschutz -","isPartOf":{"@id":"https:\/\/exceltic.serquo.com\/#website"},"datePublished":"2022-04-22T10:22:14+00:00","dateModified":"2025-05-19T09:01:02+00:00","breadcrumb":{"@id":"https:\/\/exceltic.serquo.com\/politica-de-privacidad\/#breadcrumb"},"inLanguage":"de","potentialAction":[{"@type":"ReadAction","target":["https:\/\/exceltic.serquo.com\/politica-de-privacidad\/"]}]},{"@type":"BreadcrumbList","@id":"https:\/\/exceltic.serquo.com\/politica-de-privacidad\/#breadcrumb","itemListElement":[{"@type":"ListItem","position":1,"name":"Portada","item":"https:\/\/exceltic.serquo.com\/"},{"@type":"ListItem","position":2,"name":"Pol\u00edtica de privacidad"}]},{"@type":"WebSite","@id":"https:\/\/exceltic.serquo.com\/#website","url":"https:\/\/exceltic.serquo.com\/","name":"","description":"Engineering und Beratung","potentialAction":[{"@type":"SearchAction","target":{"@type":"EntryPoint","urlTemplate":"https:\/\/exceltic.serquo.com\/?s={search_term_string}"},"query-input":{"@type":"PropertyValueSpecification","valueRequired":true,"valueName":"search_term_string"}}],"inLanguage":"de"}]}},"_links":{"self":[{"href":"https:\/\/exceltic.serquo.com\/de\/wp-json\/wp\/v2\/pages\/834","targetHints":{"allow":["GET"]}}],"collection":[{"href":"https:\/\/exceltic.serquo.com\/de\/wp-json\/wp\/v2\/pages"}],"about":[{"href":"https:\/\/exceltic.serquo.com\/de\/wp-json\/wp\/v2\/types\/page"}],"author":[{"embeddable":true,"href":"https:\/\/exceltic.serquo.com\/de\/wp-json\/wp\/v2\/users\/1"}],"replies":[{"embeddable":true,"href":"https:\/\/exceltic.serquo.com\/de\/wp-json\/wp\/v2\/comments?post=834"}],"version-history":[{"count":12,"href":"https:\/\/exceltic.serquo.com\/de\/wp-json\/wp\/v2\/pages\/834\/revisions"}],"predecessor-version":[{"id":3634,"href":"https:\/\/exceltic.serquo.com\/de\/wp-json\/wp\/v2\/pages\/834\/revisions\/3634"}],"wp:attachment":[{"href":"https:\/\/exceltic.serquo.com\/de\/wp-json\/wp\/v2\/media?parent=834"}],"curies":[{"name":"wp","href":"https:\/\/api.w.org\/{rel}","templated":true}]}}