{"id":855,"date":"2022-04-22T11:40:06","date_gmt":"2022-04-22T11:40:06","guid":{"rendered":"https:\/\/exceltic.serquo.com\/?page_id=855"},"modified":"2022-12-19T16:14:06","modified_gmt":"2022-12-19T16:14:06","slug":"datenintegritat","status":"publish","type":"page","link":"https:\/\/exceltic.serquo.com\/de\/datenintegritat\/","title":{"rendered":"Integrit\u00e4t der Daten"},"content":{"rendered":"","protected":false},"excerpt":{"rendered":"","protected":false},"author":1,"featured_media":2478,"parent":0,"menu_order":0,"comment_status":"closed","ping_status":"closed","template":"integridad-datos","meta":{"footnotes":""},"class_list":["post-855","page","type-page","status-publish","has-post-thumbnail","hentry"],"yoast_head":"<!-- This site is optimized with the Yoast SEO plugin v26.9 - https:\/\/yoast.com\/product\/yoast-seo-wordpress\/ -->\n<title>Integridad de datos -<\/title>\n<meta name=\"description\" content=\"La consistencia es fundamental para que los datos sean confiables, relevantes y accesibles en todo momento.\" \/>\n<meta name=\"robots\" content=\"index, follow, max-snippet:-1, max-image-preview:large, max-video-preview:-1\" \/>\n<link rel=\"canonical\" href=\"https:\/\/exceltic.serquo.com\/de\/datenintegritat\/\" \/>\n<meta property=\"og:locale\" content=\"de_DE\" \/>\n<meta property=\"og:type\" content=\"article\" \/>\n<meta property=\"og:title\" content=\"Integridad de datos -\" \/>\n<meta property=\"og:description\" content=\"La consistencia es fundamental para que los datos sean confiables, relevantes y accesibles en todo momento.\" \/>\n<meta property=\"og:url\" content=\"https:\/\/exceltic.serquo.com\/de\/datenintegritat\/\" \/>\n<meta property=\"article:publisher\" content=\"https:\/\/www.facebook.com\/exceltic\/\" \/>\n<meta property=\"article:modified_time\" content=\"2022-12-19T16:14:06+00:00\" \/>\n<meta property=\"og:image\" content=\"https:\/\/exceltic.serquo.com\/wp-content\/uploads\/2022\/12\/Integridad-datos.jpg\" \/>\n\t<meta property=\"og:image:width\" content=\"2560\" \/>\n\t<meta property=\"og:image:height\" content=\"1706\" \/>\n\t<meta property=\"og:image:type\" content=\"image\/jpeg\" \/>\n<meta name=\"twitter:card\" content=\"summary_large_image\" \/>\n<meta name=\"twitter:site\" content=\"@exceltic\" \/>\n<script type=\"application\/ld+json\" class=\"yoast-schema-graph\">{\"@context\":\"https:\/\/schema.org\",\"@graph\":[{\"@type\":\"WebPage\",\"@id\":\"https:\/\/exceltic.serquo.com\/integridad-de-datos\/\",\"url\":\"https:\/\/exceltic.serquo.com\/integridad-de-datos\/\",\"name\":\"Integridad de datos -\",\"isPartOf\":{\"@id\":\"https:\/\/exceltic.serquo.com\/#website\"},\"primaryImageOfPage\":{\"@id\":\"https:\/\/exceltic.serquo.com\/integridad-de-datos\/#primaryimage\"},\"image\":{\"@id\":\"https:\/\/exceltic.serquo.com\/integridad-de-datos\/#primaryimage\"},\"thumbnailUrl\":\"https:\/\/exceltic.serquo.com\/wp-content\/uploads\/2022\/12\/Integridad-datos.jpg\",\"datePublished\":\"2022-04-22T11:40:06+00:00\",\"dateModified\":\"2022-12-19T16:14:06+00:00\",\"description\":\"La consistencia es fundamental para que los datos sean confiables, relevantes y accesibles en todo momento.\",\"breadcrumb\":{\"@id\":\"https:\/\/exceltic.serquo.com\/integridad-de-datos\/#breadcrumb\"},\"inLanguage\":\"de\",\"potentialAction\":[{\"@type\":\"ReadAction\",\"target\":[\"https:\/\/exceltic.serquo.com\/integridad-de-datos\/\"]}]},{\"@type\":\"ImageObject\",\"inLanguage\":\"de\",\"@id\":\"https:\/\/exceltic.serquo.com\/integridad-de-datos\/#primaryimage\",\"url\":\"https:\/\/exceltic.serquo.com\/wp-content\/uploads\/2022\/12\/Integridad-datos.jpg\",\"contentUrl\":\"https:\/\/exceltic.serquo.com\/wp-content\/uploads\/2022\/12\/Integridad-datos.jpg\",\"width\":2560,\"height\":1706,\"caption\":\"Integridad-datos\"},{\"@type\":\"BreadcrumbList\",\"@id\":\"https:\/\/exceltic.serquo.com\/integridad-de-datos\/#breadcrumb\",\"itemListElement\":[{\"@type\":\"ListItem\",\"position\":1,\"name\":\"Portada\",\"item\":\"https:\/\/exceltic.serquo.com\/\"},{\"@type\":\"ListItem\",\"position\":2,\"name\":\"Integridad de datos\"}]},{\"@type\":\"WebSite\",\"@id\":\"https:\/\/exceltic.serquo.com\/#website\",\"url\":\"https:\/\/exceltic.serquo.com\/\",\"name\":\"\",\"description\":\"Ingenier\u00eda y Consultor\u00eda\",\"potentialAction\":[{\"@type\":\"SearchAction\",\"target\":{\"@type\":\"EntryPoint\",\"urlTemplate\":\"https:\/\/exceltic.serquo.com\/?s={search_term_string}\"},\"query-input\":{\"@type\":\"PropertyValueSpecification\",\"valueRequired\":true,\"valueName\":\"search_term_string\"}}],\"inLanguage\":\"de\"}]}<\/script>\n<!-- \/ Yoast SEO plugin. -->","yoast_head_json":{"title":"Datenintegrit\u00e4t - Datenintegrit\u00e4t","description":"Konsistenz ist eine wesentliche Voraussetzung daf\u00fcr, dass die Daten zuverl\u00e4ssig, relevant und jederzeit zug\u00e4nglich sind.","robots":{"index":"index","follow":"follow","max-snippet":"max-snippet:-1","max-image-preview":"max-image-preview:large","max-video-preview":"max-video-preview:-1"},"canonical":"https:\/\/exceltic.serquo.com\/de\/datenintegritat\/","og_locale":"de_DE","og_type":"article","og_title":"Integridad de datos -","og_description":"La consistencia es fundamental para que los datos sean confiables, relevantes y accesibles en todo momento.","og_url":"https:\/\/exceltic.serquo.com\/de\/datenintegritat\/","article_publisher":"https:\/\/www.facebook.com\/exceltic\/","article_modified_time":"2022-12-19T16:14:06+00:00","og_image":[{"width":2560,"height":1706,"url":"https:\/\/exceltic.serquo.com\/wp-content\/uploads\/2022\/12\/Integridad-datos.jpg","type":"image\/jpeg"}],"twitter_card":"summary_large_image","twitter_site":"@exceltic","schema":{"@context":"https:\/\/schema.org","@graph":[{"@type":"WebPage","@id":"https:\/\/exceltic.serquo.com\/integridad-de-datos\/","url":"https:\/\/exceltic.serquo.com\/integridad-de-datos\/","name":"Datenintegrit\u00e4t - Datenintegrit\u00e4t","isPartOf":{"@id":"https:\/\/exceltic.serquo.com\/#website"},"primaryImageOfPage":{"@id":"https:\/\/exceltic.serquo.com\/integridad-de-datos\/#primaryimage"},"image":{"@id":"https:\/\/exceltic.serquo.com\/integridad-de-datos\/#primaryimage"},"thumbnailUrl":"https:\/\/exceltic.serquo.com\/wp-content\/uploads\/2022\/12\/Integridad-datos.jpg","datePublished":"2022-04-22T11:40:06+00:00","dateModified":"2022-12-19T16:14:06+00:00","description":"Konsistenz ist eine wesentliche Voraussetzung daf\u00fcr, dass die Daten zuverl\u00e4ssig, relevant und jederzeit zug\u00e4nglich sind.","breadcrumb":{"@id":"https:\/\/exceltic.serquo.com\/integridad-de-datos\/#breadcrumb"},"inLanguage":"de","potentialAction":[{"@type":"ReadAction","target":["https:\/\/exceltic.serquo.com\/integridad-de-datos\/"]}]},{"@type":"ImageObject","inLanguage":"de","@id":"https:\/\/exceltic.serquo.com\/integridad-de-datos\/#primaryimage","url":"https:\/\/exceltic.serquo.com\/wp-content\/uploads\/2022\/12\/Integridad-datos.jpg","contentUrl":"https:\/\/exceltic.serquo.com\/wp-content\/uploads\/2022\/12\/Integridad-datos.jpg","width":2560,"height":1706,"caption":"Integridad-datos"},{"@type":"BreadcrumbList","@id":"https:\/\/exceltic.serquo.com\/integridad-de-datos\/#breadcrumb","itemListElement":[{"@type":"ListItem","position":1,"name":"Portada","item":"https:\/\/exceltic.serquo.com\/"},{"@type":"ListItem","position":2,"name":"Integridad de datos"}]},{"@type":"WebSite","@id":"https:\/\/exceltic.serquo.com\/#website","url":"https:\/\/exceltic.serquo.com\/","name":"","description":"Engineering und Beratung","potentialAction":[{"@type":"SearchAction","target":{"@type":"EntryPoint","urlTemplate":"https:\/\/exceltic.serquo.com\/?s={search_term_string}"},"query-input":{"@type":"PropertyValueSpecification","valueRequired":true,"valueName":"search_term_string"}}],"inLanguage":"de"}]}},"_links":{"self":[{"href":"https:\/\/exceltic.serquo.com\/de\/wp-json\/wp\/v2\/pages\/855","targetHints":{"allow":["GET"]}}],"collection":[{"href":"https:\/\/exceltic.serquo.com\/de\/wp-json\/wp\/v2\/pages"}],"about":[{"href":"https:\/\/exceltic.serquo.com\/de\/wp-json\/wp\/v2\/types\/page"}],"author":[{"embeddable":true,"href":"https:\/\/exceltic.serquo.com\/de\/wp-json\/wp\/v2\/users\/1"}],"replies":[{"embeddable":true,"href":"https:\/\/exceltic.serquo.com\/de\/wp-json\/wp\/v2\/comments?post=855"}],"version-history":[{"count":1,"href":"https:\/\/exceltic.serquo.com\/de\/wp-json\/wp\/v2\/pages\/855\/revisions"}],"predecessor-version":[{"id":2477,"href":"https:\/\/exceltic.serquo.com\/de\/wp-json\/wp\/v2\/pages\/855\/revisions\/2477"}],"wp:featuredmedia":[{"embeddable":true,"href":"https:\/\/exceltic.serquo.com\/de\/wp-json\/wp\/v2\/media\/2478"}],"wp:attachment":[{"href":"https:\/\/exceltic.serquo.com\/de\/wp-json\/wp\/v2\/media?parent=855"}],"curies":[{"name":"wp","href":"https:\/\/api.w.org\/{rel}","templated":true}]}}