{"id":891,"date":"2022-04-22T12:44:18","date_gmt":"2022-04-22T12:44:18","guid":{"rendered":"https:\/\/exceltic.serquo.com\/?page_id=891"},"modified":"2022-12-19T16:18:21","modified_gmt":"2022-12-19T16:18:21","slug":"iot","status":"publish","type":"page","link":"https:\/\/exceltic.serquo.com\/de\/iot\/","title":{"rendered":"IOT"},"content":{"rendered":"","protected":false},"excerpt":{"rendered":"","protected":false},"author":1,"featured_media":2483,"parent":0,"menu_order":0,"comment_status":"closed","ping_status":"closed","template":"iot","meta":{"footnotes":""},"class_list":["post-891","page","type-page","status-publish","has-post-thumbnail","hentry"],"yoast_head":"<!-- This site is optimized with the Yoast SEO plugin v26.9 - https:\/\/yoast.com\/product\/yoast-seo-wordpress\/ -->\n<title>IOT -<\/title>\n<meta name=\"description\" content=\"\u00bfQuieres digitalizar tu compa\u00f1\u00eda y conseguir una mayor conexi\u00f3n y comunicaci\u00f3n entre tus dispositivos? \u00a1Saca el m\u00e1ximo partido a los datos!\" \/>\n<meta name=\"robots\" content=\"index, follow, max-snippet:-1, max-image-preview:large, max-video-preview:-1\" \/>\n<link rel=\"canonical\" href=\"https:\/\/exceltic.serquo.com\/de\/iot\/\" \/>\n<meta property=\"og:locale\" content=\"de_DE\" \/>\n<meta property=\"og:type\" content=\"article\" \/>\n<meta property=\"og:title\" content=\"IOT -\" \/>\n<meta property=\"og:description\" content=\"\u00bfQuieres digitalizar tu compa\u00f1\u00eda y conseguir una mayor conexi\u00f3n y comunicaci\u00f3n entre tus dispositivos? \u00a1Saca el m\u00e1ximo partido a los datos!\" \/>\n<meta property=\"og:url\" content=\"https:\/\/exceltic.serquo.com\/de\/iot\/\" \/>\n<meta property=\"article:publisher\" content=\"https:\/\/www.facebook.com\/exceltic\/\" \/>\n<meta property=\"article:modified_time\" content=\"2022-12-19T16:18:21+00:00\" \/>\n<meta property=\"og:image\" content=\"https:\/\/exceltic.serquo.com\/wp-content\/uploads\/2022\/12\/IOT.jpg\" \/>\n\t<meta property=\"og:image:width\" content=\"2560\" \/>\n\t<meta property=\"og:image:height\" content=\"1440\" \/>\n\t<meta property=\"og:image:type\" content=\"image\/jpeg\" \/>\n<meta name=\"twitter:card\" content=\"summary_large_image\" \/>\n<meta name=\"twitter:site\" content=\"@exceltic\" \/>\n<script type=\"application\/ld+json\" class=\"yoast-schema-graph\">{\"@context\":\"https:\/\/schema.org\",\"@graph\":[{\"@type\":\"WebPage\",\"@id\":\"https:\/\/exceltic.serquo.com\/iot\/\",\"url\":\"https:\/\/exceltic.serquo.com\/iot\/\",\"name\":\"IOT -\",\"isPartOf\":{\"@id\":\"https:\/\/exceltic.serquo.com\/#website\"},\"primaryImageOfPage\":{\"@id\":\"https:\/\/exceltic.serquo.com\/iot\/#primaryimage\"},\"image\":{\"@id\":\"https:\/\/exceltic.serquo.com\/iot\/#primaryimage\"},\"thumbnailUrl\":\"https:\/\/exceltic.serquo.com\/wp-content\/uploads\/2022\/12\/IOT.jpg\",\"datePublished\":\"2022-04-22T12:44:18+00:00\",\"dateModified\":\"2022-12-19T16:18:21+00:00\",\"description\":\"\u00bfQuieres digitalizar tu compa\u00f1\u00eda y conseguir una mayor conexi\u00f3n y comunicaci\u00f3n entre tus dispositivos? \u00a1Saca el m\u00e1ximo partido a los datos!\",\"breadcrumb\":{\"@id\":\"https:\/\/exceltic.serquo.com\/iot\/#breadcrumb\"},\"inLanguage\":\"de\",\"potentialAction\":[{\"@type\":\"ReadAction\",\"target\":[\"https:\/\/exceltic.serquo.com\/iot\/\"]}]},{\"@type\":\"ImageObject\",\"inLanguage\":\"de\",\"@id\":\"https:\/\/exceltic.serquo.com\/iot\/#primaryimage\",\"url\":\"https:\/\/exceltic.serquo.com\/wp-content\/uploads\/2022\/12\/IOT.jpg\",\"contentUrl\":\"https:\/\/exceltic.serquo.com\/wp-content\/uploads\/2022\/12\/IOT.jpg\",\"width\":2560,\"height\":1440,\"caption\":\"IOT\"},{\"@type\":\"BreadcrumbList\",\"@id\":\"https:\/\/exceltic.serquo.com\/iot\/#breadcrumb\",\"itemListElement\":[{\"@type\":\"ListItem\",\"position\":1,\"name\":\"Portada\",\"item\":\"https:\/\/exceltic.serquo.com\/\"},{\"@type\":\"ListItem\",\"position\":2,\"name\":\"IOT\"}]},{\"@type\":\"WebSite\",\"@id\":\"https:\/\/exceltic.serquo.com\/#website\",\"url\":\"https:\/\/exceltic.serquo.com\/\",\"name\":\"\",\"description\":\"Ingenier\u00eda y Consultor\u00eda\",\"potentialAction\":[{\"@type\":\"SearchAction\",\"target\":{\"@type\":\"EntryPoint\",\"urlTemplate\":\"https:\/\/exceltic.serquo.com\/?s={search_term_string}\"},\"query-input\":{\"@type\":\"PropertyValueSpecification\",\"valueRequired\":true,\"valueName\":\"search_term_string\"}}],\"inLanguage\":\"de\"}]}<\/script>\n<!-- \/ Yoast SEO plugin. -->","yoast_head_json":{"title":"IOT -","description":"Sie wollen Ihr Unternehmen digitalisieren und eine bessere Verbindung und Kommunikation zwischen Ihren Ger\u00e4ten erreichen? Holen Sie das Beste aus Ihren Daten heraus!","robots":{"index":"index","follow":"follow","max-snippet":"max-snippet:-1","max-image-preview":"max-image-preview:large","max-video-preview":"max-video-preview:-1"},"canonical":"https:\/\/exceltic.serquo.com\/de\/iot\/","og_locale":"de_DE","og_type":"article","og_title":"IOT -","og_description":"\u00bfQuieres digitalizar tu compa\u00f1\u00eda y conseguir una mayor conexi\u00f3n y comunicaci\u00f3n entre tus dispositivos? \u00a1Saca el m\u00e1ximo partido a los datos!","og_url":"https:\/\/exceltic.serquo.com\/de\/iot\/","article_publisher":"https:\/\/www.facebook.com\/exceltic\/","article_modified_time":"2022-12-19T16:18:21+00:00","og_image":[{"width":2560,"height":1440,"url":"https:\/\/exceltic.serquo.com\/wp-content\/uploads\/2022\/12\/IOT.jpg","type":"image\/jpeg"}],"twitter_card":"summary_large_image","twitter_site":"@exceltic","schema":{"@context":"https:\/\/schema.org","@graph":[{"@type":"WebPage","@id":"https:\/\/exceltic.serquo.com\/iot\/","url":"https:\/\/exceltic.serquo.com\/iot\/","name":"IOT -","isPartOf":{"@id":"https:\/\/exceltic.serquo.com\/#website"},"primaryImageOfPage":{"@id":"https:\/\/exceltic.serquo.com\/iot\/#primaryimage"},"image":{"@id":"https:\/\/exceltic.serquo.com\/iot\/#primaryimage"},"thumbnailUrl":"https:\/\/exceltic.serquo.com\/wp-content\/uploads\/2022\/12\/IOT.jpg","datePublished":"2022-04-22T12:44:18+00:00","dateModified":"2022-12-19T16:18:21+00:00","description":"Sie wollen Ihr Unternehmen digitalisieren und eine bessere Verbindung und Kommunikation zwischen Ihren Ger\u00e4ten erreichen? Holen Sie das Beste aus Ihren Daten heraus!","breadcrumb":{"@id":"https:\/\/exceltic.serquo.com\/iot\/#breadcrumb"},"inLanguage":"de","potentialAction":[{"@type":"ReadAction","target":["https:\/\/exceltic.serquo.com\/iot\/"]}]},{"@type":"ImageObject","inLanguage":"de","@id":"https:\/\/exceltic.serquo.com\/iot\/#primaryimage","url":"https:\/\/exceltic.serquo.com\/wp-content\/uploads\/2022\/12\/IOT.jpg","contentUrl":"https:\/\/exceltic.serquo.com\/wp-content\/uploads\/2022\/12\/IOT.jpg","width":2560,"height":1440,"caption":"IOT"},{"@type":"BreadcrumbList","@id":"https:\/\/exceltic.serquo.com\/iot\/#breadcrumb","itemListElement":[{"@type":"ListItem","position":1,"name":"Portada","item":"https:\/\/exceltic.serquo.com\/"},{"@type":"ListItem","position":2,"name":"IOT"}]},{"@type":"WebSite","@id":"https:\/\/exceltic.serquo.com\/#website","url":"https:\/\/exceltic.serquo.com\/","name":"","description":"Engineering und Beratung","potentialAction":[{"@type":"SearchAction","target":{"@type":"EntryPoint","urlTemplate":"https:\/\/exceltic.serquo.com\/?s={search_term_string}"},"query-input":{"@type":"PropertyValueSpecification","valueRequired":true,"valueName":"search_term_string"}}],"inLanguage":"de"}]}},"_links":{"self":[{"href":"https:\/\/exceltic.serquo.com\/de\/wp-json\/wp\/v2\/pages\/891","targetHints":{"allow":["GET"]}}],"collection":[{"href":"https:\/\/exceltic.serquo.com\/de\/wp-json\/wp\/v2\/pages"}],"about":[{"href":"https:\/\/exceltic.serquo.com\/de\/wp-json\/wp\/v2\/types\/page"}],"author":[{"embeddable":true,"href":"https:\/\/exceltic.serquo.com\/de\/wp-json\/wp\/v2\/users\/1"}],"replies":[{"embeddable":true,"href":"https:\/\/exceltic.serquo.com\/de\/wp-json\/wp\/v2\/comments?post=891"}],"version-history":[{"count":1,"href":"https:\/\/exceltic.serquo.com\/de\/wp-json\/wp\/v2\/pages\/891\/revisions"}],"predecessor-version":[{"id":2484,"href":"https:\/\/exceltic.serquo.com\/de\/wp-json\/wp\/v2\/pages\/891\/revisions\/2484"}],"wp:featuredmedia":[{"embeddable":true,"href":"https:\/\/exceltic.serquo.com\/de\/wp-json\/wp\/v2\/media\/2483"}],"wp:attachment":[{"href":"https:\/\/exceltic.serquo.com\/de\/wp-json\/wp\/v2\/media?parent=891"}],"curies":[{"name":"wp","href":"https:\/\/api.w.org\/{rel}","templated":true}]}}