{"id":912,"date":"2022-04-22T12:55:03","date_gmt":"2022-04-22T12:55:03","guid":{"rendered":"https:\/\/exceltic.serquo.com\/?page_id=912"},"modified":"2026-03-27T12:22:28","modified_gmt":"2026-03-27T11:22:28","slug":"smart-buildings","status":"publish","type":"page","link":"https:\/\/exceltic.serquo.com\/de\/digital-twin\/smart-cities\/","title":{"rendered":"SMART BUILDINGS"},"content":{"rendered":"","protected":false},"excerpt":{"rendered":"","protected":false},"author":1,"featured_media":2524,"parent":877,"menu_order":0,"comment_status":"closed","ping_status":"closed","template":"digital-twin","meta":{"footnotes":""},"class_list":["post-912","page","type-page","status-publish","has-post-thumbnail","hentry"],"yoast_head":"<!-- This site is optimized with the Yoast SEO plugin v26.9 - https:\/\/yoast.com\/product\/yoast-seo-wordpress\/ -->\n<title>SMART BUILDINGS -<\/title>\n<meta name=\"description\" content=\"Una iniciativa clave con enfoque social-tecnol\u00f3gico para abordar los retos energ\u00e9ticos clim\u00e1ticos, con el ciudadano como centro de atenci\u00f3n\" \/>\n<meta name=\"robots\" content=\"index, follow, max-snippet:-1, max-image-preview:large, max-video-preview:-1\" \/>\n<link rel=\"canonical\" href=\"https:\/\/exceltic.serquo.com\/de\/digital-twin\/smart-cities\/\" \/>\n<meta property=\"og:locale\" content=\"de_DE\" \/>\n<meta property=\"og:type\" content=\"article\" \/>\n<meta property=\"og:title\" content=\"SMART BUILDINGS -\" \/>\n<meta property=\"og:description\" content=\"Una iniciativa clave con enfoque social-tecnol\u00f3gico para abordar los retos energ\u00e9ticos clim\u00e1ticos, con el ciudadano como centro de atenci\u00f3n\" \/>\n<meta property=\"og:url\" content=\"https:\/\/exceltic.serquo.com\/de\/digital-twin\/smart-cities\/\" \/>\n<meta property=\"article:publisher\" content=\"https:\/\/www.facebook.com\/exceltic\/\" \/>\n<meta property=\"article:modified_time\" content=\"2026-03-27T11:22:28+00:00\" \/>\n<meta property=\"og:image\" content=\"https:\/\/exceltic.serquo.com\/wp-content\/uploads\/2022\/12\/Smart-cities.jpg\" \/>\n\t<meta property=\"og:image:width\" content=\"1920\" \/>\n\t<meta property=\"og:image:height\" content=\"1080\" \/>\n\t<meta property=\"og:image:type\" content=\"image\/jpeg\" \/>\n<meta name=\"twitter:card\" content=\"summary_large_image\" \/>\n<meta name=\"twitter:site\" content=\"@exceltic\" \/>\n<script type=\"application\/ld+json\" class=\"yoast-schema-graph\">{\"@context\":\"https:\/\/schema.org\",\"@graph\":[{\"@type\":\"WebPage\",\"@id\":\"https:\/\/exceltic.serquo.com\/diseno-y-desarrollo-de-producto-industrial\/smart-buildings\/\",\"url\":\"https:\/\/exceltic.serquo.com\/diseno-y-desarrollo-de-producto-industrial\/smart-buildings\/\",\"name\":\"SMART BUILDINGS -\",\"isPartOf\":{\"@id\":\"https:\/\/exceltic.serquo.com\/#website\"},\"primaryImageOfPage\":{\"@id\":\"https:\/\/exceltic.serquo.com\/diseno-y-desarrollo-de-producto-industrial\/smart-buildings\/#primaryimage\"},\"image\":{\"@id\":\"https:\/\/exceltic.serquo.com\/diseno-y-desarrollo-de-producto-industrial\/smart-buildings\/#primaryimage\"},\"thumbnailUrl\":\"https:\/\/exceltic.serquo.com\/wp-content\/uploads\/2022\/12\/Smart-cities.jpg\",\"datePublished\":\"2022-04-22T12:55:03+00:00\",\"dateModified\":\"2026-03-27T11:22:28+00:00\",\"description\":\"Una iniciativa clave con enfoque social-tecnol\u00f3gico para abordar los retos energ\u00e9ticos clim\u00e1ticos, con el ciudadano como centro de atenci\u00f3n\",\"breadcrumb\":{\"@id\":\"https:\/\/exceltic.serquo.com\/diseno-y-desarrollo-de-producto-industrial\/smart-buildings\/#breadcrumb\"},\"inLanguage\":\"de\",\"potentialAction\":[{\"@type\":\"ReadAction\",\"target\":[\"https:\/\/exceltic.serquo.com\/diseno-y-desarrollo-de-producto-industrial\/smart-buildings\/\"]}]},{\"@type\":\"ImageObject\",\"inLanguage\":\"de\",\"@id\":\"https:\/\/exceltic.serquo.com\/diseno-y-desarrollo-de-producto-industrial\/smart-buildings\/#primaryimage\",\"url\":\"https:\/\/exceltic.serquo.com\/wp-content\/uploads\/2022\/12\/Smart-cities.jpg\",\"contentUrl\":\"https:\/\/exceltic.serquo.com\/wp-content\/uploads\/2022\/12\/Smart-cities.jpg\",\"width\":1920,\"height\":1080,\"caption\":\"Smart-cities\"},{\"@type\":\"BreadcrumbList\",\"@id\":\"https:\/\/exceltic.serquo.com\/diseno-y-desarrollo-de-producto-industrial\/smart-buildings\/#breadcrumb\",\"itemListElement\":[{\"@type\":\"ListItem\",\"position\":1,\"name\":\"Portada\",\"item\":\"https:\/\/exceltic.serquo.com\/\"},{\"@type\":\"ListItem\",\"position\":2,\"name\":\"Dise\u00f1o y Desarrollo de Producto Industrial\",\"item\":\"https:\/\/exceltic.serquo.com\/diseno-y-desarrollo-de-producto-industrial\/\"},{\"@type\":\"ListItem\",\"position\":3,\"name\":\"SMART BUILDINGS\"}]},{\"@type\":\"WebSite\",\"@id\":\"https:\/\/exceltic.serquo.com\/#website\",\"url\":\"https:\/\/exceltic.serquo.com\/\",\"name\":\"\",\"description\":\"Ingenier\u00eda y Consultor\u00eda\",\"potentialAction\":[{\"@type\":\"SearchAction\",\"target\":{\"@type\":\"EntryPoint\",\"urlTemplate\":\"https:\/\/exceltic.serquo.com\/?s={search_term_string}\"},\"query-input\":{\"@type\":\"PropertyValueSpecification\",\"valueRequired\":true,\"valueName\":\"search_term_string\"}}],\"inLanguage\":\"de\"}]}<\/script>\n<!-- \/ Yoast SEO plugin. -->","yoast_head_json":{"title":"SMART BUILDINGS -","description":"Eine Schl\u00fcsselinitiative mit einem sozial-technologischen Ansatz zur Bew\u00e4ltigung der Herausforderungen im Bereich der Klimaenergie, bei der der B\u00fcrger im Mittelpunkt steht","robots":{"index":"index","follow":"follow","max-snippet":"max-snippet:-1","max-image-preview":"max-image-preview:large","max-video-preview":"max-video-preview:-1"},"canonical":"https:\/\/exceltic.serquo.com\/de\/digital-twin\/smart-cities\/","og_locale":"de_DE","og_type":"article","og_title":"SMART BUILDINGS -","og_description":"Una iniciativa clave con enfoque social-tecnol\u00f3gico para abordar los retos energ\u00e9ticos clim\u00e1ticos, con el ciudadano como centro de atenci\u00f3n","og_url":"https:\/\/exceltic.serquo.com\/de\/digital-twin\/smart-cities\/","article_publisher":"https:\/\/www.facebook.com\/exceltic\/","article_modified_time":"2026-03-27T11:22:28+00:00","og_image":[{"width":1920,"height":1080,"url":"https:\/\/exceltic.serquo.com\/wp-content\/uploads\/2022\/12\/Smart-cities.jpg","type":"image\/jpeg"}],"twitter_card":"summary_large_image","twitter_site":"@exceltic","schema":{"@context":"https:\/\/schema.org","@graph":[{"@type":"WebPage","@id":"https:\/\/exceltic.serquo.com\/diseno-y-desarrollo-de-producto-industrial\/smart-buildings\/","url":"https:\/\/exceltic.serquo.com\/diseno-y-desarrollo-de-producto-industrial\/smart-buildings\/","name":"SMART BUILDINGS -","isPartOf":{"@id":"https:\/\/exceltic.serquo.com\/#website"},"primaryImageOfPage":{"@id":"https:\/\/exceltic.serquo.com\/diseno-y-desarrollo-de-producto-industrial\/smart-buildings\/#primaryimage"},"image":{"@id":"https:\/\/exceltic.serquo.com\/diseno-y-desarrollo-de-producto-industrial\/smart-buildings\/#primaryimage"},"thumbnailUrl":"https:\/\/exceltic.serquo.com\/wp-content\/uploads\/2022\/12\/Smart-cities.jpg","datePublished":"2022-04-22T12:55:03+00:00","dateModified":"2026-03-27T11:22:28+00:00","description":"Eine Schl\u00fcsselinitiative mit einem sozial-technologischen Ansatz zur Bew\u00e4ltigung der Herausforderungen im Bereich der Klimaenergie, bei der der B\u00fcrger im Mittelpunkt steht","breadcrumb":{"@id":"https:\/\/exceltic.serquo.com\/diseno-y-desarrollo-de-producto-industrial\/smart-buildings\/#breadcrumb"},"inLanguage":"de","potentialAction":[{"@type":"ReadAction","target":["https:\/\/exceltic.serquo.com\/diseno-y-desarrollo-de-producto-industrial\/smart-buildings\/"]}]},{"@type":"ImageObject","inLanguage":"de","@id":"https:\/\/exceltic.serquo.com\/diseno-y-desarrollo-de-producto-industrial\/smart-buildings\/#primaryimage","url":"https:\/\/exceltic.serquo.com\/wp-content\/uploads\/2022\/12\/Smart-cities.jpg","contentUrl":"https:\/\/exceltic.serquo.com\/wp-content\/uploads\/2022\/12\/Smart-cities.jpg","width":1920,"height":1080,"caption":"Smart-cities"},{"@type":"BreadcrumbList","@id":"https:\/\/exceltic.serquo.com\/diseno-y-desarrollo-de-producto-industrial\/smart-buildings\/#breadcrumb","itemListElement":[{"@type":"ListItem","position":1,"name":"Portada","item":"https:\/\/exceltic.serquo.com\/"},{"@type":"ListItem","position":2,"name":"Dise\u00f1o y Desarrollo de Producto Industrial","item":"https:\/\/exceltic.serquo.com\/diseno-y-desarrollo-de-producto-industrial\/"},{"@type":"ListItem","position":3,"name":"SMART BUILDINGS"}]},{"@type":"WebSite","@id":"https:\/\/exceltic.serquo.com\/#website","url":"https:\/\/exceltic.serquo.com\/","name":"","description":"Engineering und Beratung","potentialAction":[{"@type":"SearchAction","target":{"@type":"EntryPoint","urlTemplate":"https:\/\/exceltic.serquo.com\/?s={search_term_string}"},"query-input":{"@type":"PropertyValueSpecification","valueRequired":true,"valueName":"search_term_string"}}],"inLanguage":"de"}]}},"_links":{"self":[{"href":"https:\/\/exceltic.serquo.com\/de\/wp-json\/wp\/v2\/pages\/912","targetHints":{"allow":["GET"]}}],"collection":[{"href":"https:\/\/exceltic.serquo.com\/de\/wp-json\/wp\/v2\/pages"}],"about":[{"href":"https:\/\/exceltic.serquo.com\/de\/wp-json\/wp\/v2\/types\/page"}],"author":[{"embeddable":true,"href":"https:\/\/exceltic.serquo.com\/de\/wp-json\/wp\/v2\/users\/1"}],"replies":[{"embeddable":true,"href":"https:\/\/exceltic.serquo.com\/de\/wp-json\/wp\/v2\/comments?post=912"}],"version-history":[{"count":3,"href":"https:\/\/exceltic.serquo.com\/de\/wp-json\/wp\/v2\/pages\/912\/revisions"}],"predecessor-version":[{"id":5735,"href":"https:\/\/exceltic.serquo.com\/de\/wp-json\/wp\/v2\/pages\/912\/revisions\/5735"}],"up":[{"embeddable":true,"href":"https:\/\/exceltic.serquo.com\/de\/wp-json\/wp\/v2\/pages\/877"}],"wp:featuredmedia":[{"embeddable":true,"href":"https:\/\/exceltic.serquo.com\/de\/wp-json\/wp\/v2\/media\/2524"}],"wp:attachment":[{"href":"https:\/\/exceltic.serquo.com\/de\/wp-json\/wp\/v2\/media?parent=912"}],"curies":[{"name":"wp","href":"https:\/\/api.w.org\/{rel}","templated":true}]}}