{"id":3622,"date":"2025-05-19T13:13:44","date_gmt":"2025-05-19T11:13:44","guid":{"rendered":"https:\/\/exceltic.com\/?page_id=3622"},"modified":"2025-05-19T13:13:45","modified_gmt":"2025-05-19T11:13:45","slug":"environmental-policy","status":"publish","type":"page","link":"https:\/\/exceltic.serquo.com\/en\/environmental-policy\/","title":{"rendered":"Environment Policy"},"content":{"rendered":"<p>EXCELTIC's management, committed to respecting the environment in its activities of:<\/p>\n\n\n\n<p class=\"has-text-align-center\"><br><strong>\"TECHNICAL ASSISTANCE ENGINEERING SERVICES AND DEVELOPMENT OF TECHNOLOGICAL PROJECTS\". <\/strong><\/p>\n\n\n\n<p>It has established this Environmental Policy, supported by its Strategic Management, in accordance with the UNE-EN-ISO 14001 Standard, based on the following principles\/commitments:<\/p>\n\n\n\n<p><br>Commitment to comply with all the requirements applicable to our activity (legal and regulatory) according to the UNE EN ISO 14001 standard.<\/p>\n\n\n\n<p><br>Commitment to continuous improvement of the Environmental Management System in order to improve its performance and the environmental impacts that may be caused by our products, services and processes.<\/p>\n\n\n\n<p><br>Commitment to define the environmental policy of our organisation, promoting its knowledge, understanding and application by the organisation's personnel.<\/p>\n\n\n\n<p><br>\u2713 Commitment to promote the involvement and awareness of staff in environmental issues through continuous training of its employees.<\/p>\n\n\n\n<p><br>Commitment to environmental protection, through actions aimed at preventing pollution and preserving environmental resources.<\/p>\n\n\n\n<p><br>Commitment to climate change mitigation (reducing the causes of climate change), committing to actively reduce our carbon footprint by implementing measures that reduce greenhouse gas emissions in our operations, products and services. This includes promoting cleaner technologies, optimising processes and driving sustainable practices throughout our value chain.<\/p>\n\n\n\n<p><br>Commitment to climate change adaptation (preparing for the effects of climate change), focusing on strengthening our organisation's resilience to the effects of climate change by identifying and managing risks associated with extreme weather events. We implement strategies that protect our operations, resources and infrastructure, ensuring business continuity and long-term sustainability.<\/p>\n\n\n\n<p><br>Commitment to energy efficiency, promoting the rational and efficient use of energy in all our processes, facilities and operations, by implementing technological improvements, optimising resources and continuously raising staff awareness to reduce energy consumption and the associated environmental impacts.<\/p>\n\n\n\n<p><br>Commitment to the mitigation and control of negative impacts related to air, water and soil pollution, implementing procedures and corrective measures that minimise their environmental impact.<\/p>\n\n\n\n<p><br>Commitment to the minimisation and substitution of polluting substances, promoting the use of more sustainable and safer alternatives.<\/p>\n\n\n\n<p><br>Commitment to efficient and responsible water consumption and use in our operations and value chain as EXCELTIC's activities take place in water stressed areas.<\/p>\n\n\n\n<p><br>Commitment to the prevention of incidents and emergency situations and, should they occur, commitment to control and limit their impact on the environment and\/or civil society, through emergency plans, rapid response procedures and continuous training of our staff in these matters.<\/p>\n\n\n\n<p><br>Commitment to the circular economy, promoting the optimisation of the use of resources in the provision of our services, reducing the generation of waste and encouraging its reuse, recycling and recovery.<br>This policy provides a framework for the establishment of environmental objectives, focused on continuous improvement and customer satisfaction. EXCELTIC's management will provide sufficient means and resources for its employees to comply with this policy.<\/p>\n\n\n\n<p><\/p>\n\n\n\n<p><br>In Madrid, 25 February 2025<br>Mr. Jos\u00e9 Antonio Su\u00e1rez and Mr. Eduardo Requejo<br>EXCELTIC General Management<\/p>\n\n\n\n<p><\/p>\n\n\n\n<p><\/p>\n\n\n\n<div class=\"wp-block-columns is-layout-flex wp-container-core-columns-is-layout-e0659f76 wp-block-columns-is-layout-flex\" style=\"padding-top:50px\">\n<div class=\"wp-block-column is-layout-flow wp-block-column-is-layout-flow\" style=\"padding-right:0px;flex-basis:120px\">\n<figure class=\"wp-block-image aligncenter size-full is-resized\"><img loading=\"lazy\" decoding=\"async\" width=\"530\" height=\"925\" src=\"https:\/\/exceltic.com\/wp-content\/uploads\/2022\/08\/ISO_14001_RGB.png\" alt=\"\" class=\"wp-image-2030\" style=\"width:99px;height:172px\" srcset=\"https:\/\/exceltic.serquo.com\/wp-content\/uploads\/2022\/08\/ISO_14001_RGB.png 530w, https:\/\/exceltic.serquo.com\/wp-content\/uploads\/2022\/08\/ISO_14001_RGB-172x300.png 172w, https:\/\/exceltic.serquo.com\/wp-content\/uploads\/2022\/08\/ISO_14001_RGB-7x12.png 7w\" sizes=\"auto, (max-width: 530px) 100vw, 530px\" \/><\/figure>\n<\/div>\n\n\n\n<div class=\"wp-block-column is-layout-flow wp-block-column-is-layout-flow\">\n<p><strong>EXCELTIC S.L. holds the Environmental Management System certificate under the UNE-EN ISO 14001:2015 Standard for the activity of:&nbsp;<\/strong>Technical Assistance Engineering Services and Development of Technology Projects<\/p>\n\n\n\n<p>Last updated: 8 November 2021<\/p>\n<\/div>\n<\/div>","protected":false},"excerpt":{"rendered":"<p>The Management of EXCELTIC, committed to respecting the environment in its activities of: \"TECHNICAL ASSISTANCE ENGINEERING SERVICES AND TECHNOLOGICAL PROJECT DEVELOPMENT\" has established this Environmental Policy, supported by its Strategic Management, in accordance with the UNE-EN-ISO 14001 Standard based on the following principles\/commitments: \u2713 Commitment to comply [...].<\/p>","protected":false},"author":1,"featured_media":0,"parent":0,"menu_order":0,"comment_status":"closed","ping_status":"closed","template":"politica-de-medio-ambiente","meta":{"footnotes":""},"class_list":["post-3622","page","type-page","status-publish","hentry"],"yoast_head":"<!-- This site is optimized with the Yoast SEO plugin v26.9 - https:\/\/yoast.com\/product\/yoast-seo-wordpress\/ -->\n<title>Pol\u00edtica de Medio Ambiente -<\/title>\n<meta name=\"robots\" content=\"index, follow, max-snippet:-1, max-image-preview:large, max-video-preview:-1\" \/>\n<link rel=\"canonical\" href=\"https:\/\/exceltic.serquo.com\/en\/environmental-policy\/\" \/>\n<meta property=\"og:locale\" content=\"en_GB\" \/>\n<meta property=\"og:type\" content=\"article\" \/>\n<meta property=\"og:title\" content=\"Pol\u00edtica de Medio Ambiente -\" \/>\n<meta property=\"og:description\" content=\"La Direcci\u00f3n de EXCELTIC, comprometida con el respeto al medio ambiente en sus actividades de: \u201cSERVICIOS DE INGENIER\u00cdA DE ASISTENCIA T\u00c9CNICA Y DESARROLLO DE PROYECTOS TECNOL\u00d3GICOS\u201d Ha establecido la presente Pol\u00edtica de Medio Ambiente, apoyada en su Direcci\u00f3n Estrat\u00e9gica, de acuerdo con la Norma UNE-EN-ISO 14001 basada en los siguientes principios\/compromisos: \u2713 Compromiso de cumplir [&hellip;]\" \/>\n<meta property=\"og:url\" content=\"https:\/\/exceltic.serquo.com\/en\/environmental-policy\/\" \/>\n<meta property=\"article:publisher\" content=\"https:\/\/www.facebook.com\/exceltic\/\" \/>\n<meta property=\"article:modified_time\" content=\"2025-05-19T11:13:45+00:00\" \/>\n<meta property=\"og:image\" content=\"https:\/\/exceltic.com\/wp-content\/uploads\/2022\/08\/ISO_14001_RGB.png\" \/>\n<meta name=\"twitter:card\" content=\"summary_large_image\" \/>\n<meta name=\"twitter:site\" content=\"@exceltic\" \/>\n<meta name=\"twitter:label1\" content=\"Estimated reading time\" \/>\n\t<meta name=\"twitter:data1\" content=\"3 minutes\" \/>\n<script type=\"application\/ld+json\" class=\"yoast-schema-graph\">{\"@context\":\"https:\/\/schema.org\",\"@graph\":[{\"@type\":\"WebPage\",\"@id\":\"https:\/\/exceltic.serquo.com\/politica-de-medio-ambiente\/\",\"url\":\"https:\/\/exceltic.serquo.com\/politica-de-medio-ambiente\/\",\"name\":\"Pol\u00edtica de Medio Ambiente -\",\"isPartOf\":{\"@id\":\"https:\/\/exceltic.serquo.com\/#website\"},\"primaryImageOfPage\":{\"@id\":\"https:\/\/exceltic.serquo.com\/politica-de-medio-ambiente\/#primaryimage\"},\"image\":{\"@id\":\"https:\/\/exceltic.serquo.com\/politica-de-medio-ambiente\/#primaryimage\"},\"thumbnailUrl\":\"https:\/\/exceltic.com\/wp-content\/uploads\/2022\/08\/ISO_14001_RGB.png\",\"datePublished\":\"2025-05-19T11:13:44+00:00\",\"dateModified\":\"2025-05-19T11:13:45+00:00\",\"breadcrumb\":{\"@id\":\"https:\/\/exceltic.serquo.com\/politica-de-medio-ambiente\/#breadcrumb\"},\"inLanguage\":\"en-GB\",\"potentialAction\":[{\"@type\":\"ReadAction\",\"target\":[\"https:\/\/exceltic.serquo.com\/politica-de-medio-ambiente\/\"]}]},{\"@type\":\"ImageObject\",\"inLanguage\":\"en-GB\",\"@id\":\"https:\/\/exceltic.serquo.com\/politica-de-medio-ambiente\/#primaryimage\",\"url\":\"https:\/\/exceltic.com\/wp-content\/uploads\/2022\/08\/ISO_14001_RGB.png\",\"contentUrl\":\"https:\/\/exceltic.com\/wp-content\/uploads\/2022\/08\/ISO_14001_RGB.png\"},{\"@type\":\"BreadcrumbList\",\"@id\":\"https:\/\/exceltic.serquo.com\/politica-de-medio-ambiente\/#breadcrumb\",\"itemListElement\":[{\"@type\":\"ListItem\",\"position\":1,\"name\":\"Portada\",\"item\":\"https:\/\/exceltic.serquo.com\/\"},{\"@type\":\"ListItem\",\"position\":2,\"name\":\"Pol\u00edtica de Medio Ambiente\"}]},{\"@type\":\"WebSite\",\"@id\":\"https:\/\/exceltic.serquo.com\/#website\",\"url\":\"https:\/\/exceltic.serquo.com\/\",\"name\":\"\",\"description\":\"Ingenier\u00eda y Consultor\u00eda\",\"potentialAction\":[{\"@type\":\"SearchAction\",\"target\":{\"@type\":\"EntryPoint\",\"urlTemplate\":\"https:\/\/exceltic.serquo.com\/?s={search_term_string}\"},\"query-input\":{\"@type\":\"PropertyValueSpecification\",\"valueRequired\":true,\"valueName\":\"search_term_string\"}}],\"inLanguage\":\"en-GB\"}]}<\/script>\n<!-- \/ Yoast SEO plugin. -->","yoast_head_json":{"title":"Environment Policy -","robots":{"index":"index","follow":"follow","max-snippet":"max-snippet:-1","max-image-preview":"max-image-preview:large","max-video-preview":"max-video-preview:-1"},"canonical":"https:\/\/exceltic.serquo.com\/en\/environmental-policy\/","og_locale":"en_GB","og_type":"article","og_title":"Pol\u00edtica de Medio Ambiente -","og_description":"La Direcci\u00f3n de EXCELTIC, comprometida con el respeto al medio ambiente en sus actividades de: \u201cSERVICIOS DE INGENIER\u00cdA DE ASISTENCIA T\u00c9CNICA Y DESARROLLO DE PROYECTOS TECNOL\u00d3GICOS\u201d Ha establecido la presente Pol\u00edtica de Medio Ambiente, apoyada en su Direcci\u00f3n Estrat\u00e9gica, de acuerdo con la Norma UNE-EN-ISO 14001 basada en los siguientes principios\/compromisos: \u2713 Compromiso de cumplir [&hellip;]","og_url":"https:\/\/exceltic.serquo.com\/en\/environmental-policy\/","article_publisher":"https:\/\/www.facebook.com\/exceltic\/","article_modified_time":"2025-05-19T11:13:45+00:00","og_image":[{"url":"https:\/\/exceltic.com\/wp-content\/uploads\/2022\/08\/ISO_14001_RGB.png","type":"","width":"","height":""}],"twitter_card":"summary_large_image","twitter_site":"@exceltic","twitter_misc":{"Estimated reading time":"3 minutes"},"schema":{"@context":"https:\/\/schema.org","@graph":[{"@type":"WebPage","@id":"https:\/\/exceltic.serquo.com\/politica-de-medio-ambiente\/","url":"https:\/\/exceltic.serquo.com\/politica-de-medio-ambiente\/","name":"Environment Policy -","isPartOf":{"@id":"https:\/\/exceltic.serquo.com\/#website"},"primaryImageOfPage":{"@id":"https:\/\/exceltic.serquo.com\/politica-de-medio-ambiente\/#primaryimage"},"image":{"@id":"https:\/\/exceltic.serquo.com\/politica-de-medio-ambiente\/#primaryimage"},"thumbnailUrl":"https:\/\/exceltic.com\/wp-content\/uploads\/2022\/08\/ISO_14001_RGB.png","datePublished":"2025-05-19T11:13:44+00:00","dateModified":"2025-05-19T11:13:45+00:00","breadcrumb":{"@id":"https:\/\/exceltic.serquo.com\/politica-de-medio-ambiente\/#breadcrumb"},"inLanguage":"en-GB","potentialAction":[{"@type":"ReadAction","target":["https:\/\/exceltic.serquo.com\/politica-de-medio-ambiente\/"]}]},{"@type":"ImageObject","inLanguage":"en-GB","@id":"https:\/\/exceltic.serquo.com\/politica-de-medio-ambiente\/#primaryimage","url":"https:\/\/exceltic.com\/wp-content\/uploads\/2022\/08\/ISO_14001_RGB.png","contentUrl":"https:\/\/exceltic.com\/wp-content\/uploads\/2022\/08\/ISO_14001_RGB.png"},{"@type":"BreadcrumbList","@id":"https:\/\/exceltic.serquo.com\/politica-de-medio-ambiente\/#breadcrumb","itemListElement":[{"@type":"ListItem","position":1,"name":"Portada","item":"https:\/\/exceltic.serquo.com\/"},{"@type":"ListItem","position":2,"name":"Pol\u00edtica de Medio Ambiente"}]},{"@type":"WebSite","@id":"https:\/\/exceltic.serquo.com\/#website","url":"https:\/\/exceltic.serquo.com\/","name":"","description":"Engineering and Consulting","potentialAction":[{"@type":"SearchAction","target":{"@type":"EntryPoint","urlTemplate":"https:\/\/exceltic.serquo.com\/?s={search_term_string}"},"query-input":{"@type":"PropertyValueSpecification","valueRequired":true,"valueName":"search_term_string"}}],"inLanguage":"en-GB"}]}},"_links":{"self":[{"href":"https:\/\/exceltic.serquo.com\/en\/wp-json\/wp\/v2\/pages\/3622","targetHints":{"allow":["GET"]}}],"collection":[{"href":"https:\/\/exceltic.serquo.com\/en\/wp-json\/wp\/v2\/pages"}],"about":[{"href":"https:\/\/exceltic.serquo.com\/en\/wp-json\/wp\/v2\/types\/page"}],"author":[{"embeddable":true,"href":"https:\/\/exceltic.serquo.com\/en\/wp-json\/wp\/v2\/users\/1"}],"replies":[{"embeddable":true,"href":"https:\/\/exceltic.serquo.com\/en\/wp-json\/wp\/v2\/comments?post=3622"}],"version-history":[{"count":3,"href":"https:\/\/exceltic.serquo.com\/en\/wp-json\/wp\/v2\/pages\/3622\/revisions"}],"predecessor-version":[{"id":3625,"href":"https:\/\/exceltic.serquo.com\/en\/wp-json\/wp\/v2\/pages\/3622\/revisions\/3625"}],"wp:attachment":[{"href":"https:\/\/exceltic.serquo.com\/en\/wp-json\/wp\/v2\/media?parent=3622"}],"curies":[{"name":"wp","href":"https:\/\/api.w.org\/{rel}","templated":true}]}}