{"id":830,"date":"2022-04-22T10:22:14","date_gmt":"2022-04-22T10:22:14","guid":{"rendered":"https:\/\/exceltic.serquo.com\/?page_id=830"},"modified":"2025-05-19T11:49:49","modified_gmt":"2025-05-19T09:49:49","slug":"cookie-policy","status":"publish","type":"page","link":"https:\/\/exceltic.serquo.com\/en\/cookie-policy\/","title":{"rendered":"Cookies policy"},"content":{"rendered":"<p class=\"has-primary-color has-text-color has-x-large-font-size\">What are cookies and why do we use them?<\/p>\n\n\n\n<p>The website <a rel=\"noreferrer noopener\" href=\"https:\/\/www.exceltic.com\/\" target=\"_blank\">https:\/\/exceltic.com\/ <\/a>is the responsibility of EXCELTIC, S.L. with registered office at Calle de los Hermanos Garc\u00eda Noblejas 41 1\u00baPlanta 28037 Madrid and e-mail address privacidad@exceltic.com.<\/p>\n\n\n\n<p>At Exceltic we use cookies in order to provide a better service and give you a better browsing experience and we apply this \"Cookie Use Policy\" which has been drawn up so that the user is informed of the different uses that are made of these devices and can consent to their treatment in an informed manner, in accordance with the provisions of current legislation.<\/p>\n\n\n\n<p class=\"has-secondary-color has-text-color\">What are cookies?<\/p>\n\n\n\n<p>A \u00abcookie\u00bb is a small file that is stored on the user's computer, tablet, smartphone or any other device with information about browsing.<\/p>\n\n\n\n<p>Cookies help us to improve the quality of our website.<\/p>\n\n\n\n<p>Cookies are essential for the functioning of the Internet, providing countless advantages, facilitating the navigation and usability of our website, and in no case can cookies damage your computer. On the other hand, the fact that they are active helps us to know the performance of the website, what we should modify and the problems that may arise.<\/p>\n\n\n\n<p class=\"has-secondary-color has-text-color\">What kind of information is stored?<\/p>\n\n\n\n<p>Cookies do not usually store sensitive information about you, such as credit card or bank details, photographs, your ID card or personal information, etc. The data they store is of a technical nature, personal preferences, personalisation of content, etc. The web server does not associate you as a person but your web browser. In fact, if you usually browse with Internet Explorer and try browsing the same website with Firefox or Chrome you will see that the web does not realise that you are the same person because it is actually associating the browser, not the person.<\/p>\n\n\n\n<p class=\"has-secondary-color has-text-color\">What types of cookies are there?<\/p>\n\n\n\n<ul class=\"wp-block-list\">\n<li>According to the entity that manages them<\/li>\n<\/ul>\n\n\n\n<ul class=\"wp-block-list\">\n<li><strong>Own cookies<\/strong>: are those that are sent to your computer from our own computers or domains and from which we provide the service you request.<\/li>\n<\/ul>\n\n\n\n<ul class=\"wp-block-list\">\n<li><strong>Third party-cookies<\/strong>: are those that are sent to your computer from a computer or domain that is not managed by us, but by another collaborating entity. For example, those used by social networks, or external content such as Google Maps.<\/li>\n<\/ul>\n\n\n\n<ul class=\"wp-block-list\">\n<li>Depending on the length of time they remain activated<\/li>\n<\/ul>\n\n\n\n<ul class=\"wp-block-list\">\n<li><strong>Session cookies<\/strong>: are temporary cookies that remain in the cookie file of your browser until you leave the website, so none of them are stored on your computer's hard drive. The information obtained through these cookies is used to analyse web traffic patterns. Ultimately, this allows us to provide a better experience to improve the content and make it easier to use.<\/li>\n<\/ul>\n\n\n\n<ul class=\"wp-block-list\">\n<li><strong>Persistent cookies<\/strong>: are stored on your hard drive and are read by our website each time you make a new visit. A permanent cookie has a specific expiry date. The cookie will stop working after that date or when you delete it. We generally use these cookies to facilitate shopping and registration services.<\/li>\n<\/ul>\n\n\n\n<ul class=\"wp-block-list\">\n<li>According to their purpose<\/li>\n<\/ul>\n\n\n\n<ul class=\"wp-block-list\">\n<li><strong>Necessary Cookies<\/strong>: are those that help make a website usable by enabling basic functions such as page navigation and access to secure areas of the website. The website cannot function properly without these cookies.<\/li>\n<\/ul>\n\n\n\n<ul class=\"wp-block-list\">\n<li><strong>Technical cookies<\/strong>: are those that allow the user to browse through a website, platform or application and use the different options or services that exist on it, such as, for example, controlling traffic and data communication, identifying the session, accessing restricted access areas, remembering the elements that make up an order, carrying out the purchase process of an order, making the application for registration or participation in an event, using security elements during browsing, storing content for the broadcasting of videos or sound or sharing content through social networks.<\/li>\n<\/ul>\n\n\n\n<ul class=\"wp-block-list\">\n<li><strong>Personalisation cookies<\/strong>: are those that allow the user to access the service with some general characteristics predefined according to a series of criteria in the user's terminal, such as the language, the type of browser through which the user accesses the service, the regional configuration from where the user accesses the service, etc.<\/li>\n<\/ul>\n\n\n\n<ul class=\"wp-block-list\">\n<li><strong>Analytics cookies<\/strong>: are those that allow the Editor of the same, the monitoring and analysis of the behaviour of users of the websites to which they are linked. The information collected through this type of cookies is used to measure the activity of the websites, application or platform and for the elaboration of browsing profiles of the users of these sites, applications and platforms, in order to introduce improvements based on the analysis of the data on the use made by the users of the service.<\/li>\n<\/ul>\n\n\n\n<ul class=\"wp-block-list\">\n<li><strong>Advertising Cookies<\/strong>: are those that allow the management, in the most efficient way possible, of the advertising spaces that, where appropriate, the publisher has included on a website, application or platform from which it provides the requested service based on criteria such as the edited content or the frequency at which the advertisements are displayed.<\/li>\n<\/ul>\n\n\n\n<ul class=\"wp-block-list\">\n<li><strong>Behavioural advertising cookies<\/strong>: are those that allow the management, in the most efficient way possible, of the advertising spaces that, where appropriate, the publisher has included on a website, application or platform from which the requested service is provided. These cookies store information on the behaviour of users obtained through continuous observation of their browsing habits, which allows a specific profile to be developed to display advertising based on the same, based on an automated decision.<\/li>\n<\/ul>\n\n\n\n<p class=\"has-primary-color has-text-color has-x-large-font-size\">Purpose of each of the cookies used<\/p>\n\n\n\n<p>Below we detail the cookies used on our website and their purpose.<\/p>\n\n\n\n<p class=\"has-secondary-color has-text-color\">Own cookies<\/p>\n\n\n\n<figure class=\"wp-block-table is-style-regular has-small-font-size\"><table class=\"has-border-color has-tertiary-border-color\"><tbody><tr><td>Supplier<\/td><td>Name<\/td><td>Type<\/td><td>Category<\/td><td>Description<\/td><td>Expiry<\/td><\/tr><tr><td>exceltic.com<\/td><td>_ga<\/td><td>HTTP<\/td><td>Statistics<\/td><td>It records a unique ID that is used to generate statistical data about how the visitor uses the website<\/td><td>2 years<\/td><\/tr><tr><td>exceltic.com<\/td><td>_gat<\/td><td>HTTP<\/td><td>Statistics<\/td><td>Used by Google Analytics to monitor request rate<\/td><td>1 day<\/td><\/tr><tr><td>exceltic.com<\/td><td>_gid<\/td><td>HTTP<\/td><td>Statistics<\/td><td>It records a unique ID that is used to generate statistical data about how the visitor uses the website<\/td><td>1 day<\/td><\/tr><tr><td>careers.exceltic.com<\/td><td>ASP.NET_SessionId<\/td><td>HTTP<\/td><td>Necessary<\/td><td>Retain user statuses for all requests on the page<\/td><td>Session<\/td><\/tr><tr><td>careers.exceltic.com<\/td><td>ASPSESSIONID<strong>#<\/strong><\/td><td>HTTP<\/td><td>Necessary<\/td><td>Retain user statuses for all requests on the page<\/td><td>Session<\/td><\/tr><\/tbody><\/table><\/figure>\n\n\n\n<p class=\"has-secondary-color has-text-color\">Third party-cookies<\/p>\n\n\n\n<figure class=\"wp-block-table is-style-regular has-small-font-size\"><table class=\"has-border-color has-tertiary-border-color\"><tbody><tr><td>Supplier<\/td><td>Name<\/td><td>Type<\/td><td>Category<\/td><td>Description<\/td><td>Expiry<\/td><\/tr><tr><td>cdn.syndication.twimg.com<\/td><td>Lang<\/td><td>HTTP<\/td><td>Preferences<\/td><td>It remembers the language selected by a user to display a web page<\/td><td>Session<\/td><\/tr><tr><td>twitter.com<\/td><td>__widgetsettings<\/td><td>HTML<\/td><td>Marketing<\/td><td>Used by Twitter to keep statistics<\/td><td>Persistent<\/td><\/tr><tr><td>twitter.com<\/td><td>local_storage<br>_support_test<\/td><td>HTML<\/td><td>Marketing<\/td><td>The cookie is used in connection with the local storage function in the browser. This function allows the website to load faster by preloading certain procedures<\/td><td>Persistent<\/td><\/tr><tr><td>doubleclick.net<\/td><td>IDE<\/td><td>HTML<\/td><td>Marketing<\/td><td>Used by Google DoubleClick to record and report on user actions on the website after viewing or clicking on one of the advertiser's ads for the purpose of measuring the effectiveness of an ad and presenting targeted ads to the user<\/td><td>1 year<\/td><\/tr><tr><td>doubleclick.net<\/td><td>test_cookie<\/td><td>HTTP<\/td><td>Marketing<\/td><td>Used to check whether the user's browser supports cookies<\/td><td>1 year<\/td><\/tr><tr><td>youtube.com<\/td><td>GPS<\/td><td>HTTP<\/td><td>Marketing<\/td><td>Registers a unique ID on mobile devices to enable GPS geo-location tracking<\/td><td>1 day<\/td><\/tr><tr><td>youtube.com<\/td><td>PREF<\/td><td>HTML<\/td><td>Marketing<\/td><td>It records a unique ID used by Google to maintain statistics on how YouTube videos are used by visitors on different websites.<\/td><td>8 months<\/td><\/tr><tr><td>youtube.com<\/td><td>VISITOR_INFO1<br>_LIVE<\/td><td>HTTP<\/td><td>Marketing<\/td><td>Cookie that tracks the visited videos embedded in the website.<\/td><td>179 days<\/td><\/tr><tr><td>youtube.com<\/td><td>YSC<\/td><td>HTTP<\/td><td>Marketing<\/td><td>Cookie that measures the number of video views made by the user in order to keep statistics.<\/td><td>Session<\/td><\/tr><tr><td>youtube.com<\/td><td>yt-remote-cast-installed<\/td><td>HTML<\/td><td>Marketing<\/td><td>Logs user's video player preferences when watching embedded YouTube videos<\/td><td>Session<\/td><\/tr><tr><td>youtube.com<\/td><td>yt-remote-connected-devices<\/td><td>HTML<\/td><td>Marketing<\/td><td>Logs user's video player preferences when watching embedded YouTube videos<\/td><td>Persistent<\/td><\/tr><tr><td>youtube.com<\/td><td>yt-remote-device-id<\/td><td>HTML<\/td><td>Marketing<\/td><td>Logs user's video player preferences when watching embedded YouTube videos<\/td><td>Persistent<\/td><\/tr><tr><td>youtube.com<\/td><td>yt-remote-fast-check-period<\/td><td>HTML<\/td><td>Marketing<\/td><td>Logs user's video player preferences when watching embedded YouTube videos<\/td><td>Session<\/td><\/tr><tr><td>youtube.com<\/td><td>yt-remote-session-app<\/td><td>HTML<\/td><td>Marketing<\/td><td>Logs user's video player preferences when watching embedded YouTube videos<\/td><td>Session<\/td><\/tr><tr><td>youtube.com<\/td><td>yt-remote-session-name<\/td><td>HTML<\/td><td>Marketing<\/td><td>Logs user's video player preferences when watching embedded YouTube videos<\/td><td>Session<\/td><\/tr><\/tbody><\/table><\/figure>\n\n\n\n<p class=\"has-primary-color has-text-color has-x-large-font-size\">How we obtain your consent to set cookies and how you can revoke it<\/p>\n\n\n\n<p>When you access the website for the first time you will receive a notice about the use of cookies. In this first layer, you will be informed about the type of cookies we use, the purposes for which we use them, and you will be provided with a link to this Cookie Policy, where you can find more detailed information. If you continue browsing, you will be giving your consent for us to install cookies as described in this policy.<\/p>\n\n\n\n<p class=\"has-primary-color has-text-color has-x-large-font-size\">How to revoke or disable cookies in the browser<\/p>\n\n\n\n<p>Most browsers now allow the user to configure whether and which cookies to accept. These settings are usually found in the 'options' or 'preferences' menu of your browser.<\/p>\n\n\n\n<p>These are the instructions for setting cookies in the main browsers:<\/p>\n\n\n\n<ul class=\"wp-block-list\">\n<li><strong>Chrome<\/strong>: Settings &gt; Show advanced options &gt; Privacy &gt; Content settings. For more information, you can consult Google support or the browser's Help.<\/li>\n<\/ul>\n\n\n\n<ul class=\"wp-block-list\">\n<li><strong>Firefox<\/strong>: Tools &gt; Options &gt; Privacy &gt; History &gt; Custom Settings. For more information, you can consult Mozilla support or the browser's Help.<\/li>\n<\/ul>\n\n\n\n<ul class=\"wp-block-list\">\n<li><strong>Internet Explorer<\/strong>: Tools &gt; Internet Options &gt; Privacy &gt; Settings. For more information, you can consult Microsoft support or the browser's Help.<\/li>\n<\/ul>\n\n\n\n<ul class=\"wp-block-list\">\n<li><strong>Safari<\/strong>: Preferences &gt; Security. For more information, you can consult Apple support or browser Help.<\/li>\n<\/ul>\n\n\n\n<p>If you have any questions about our use of cookies or about the configuration or revocation of consent, you can contact us by sending us an email at <a href=\"mailto:privacidad@exceltic.com\">privacidad@exceltic.com<\/a>.<\/p>\n\n\n\n<p class=\"has-text-align-right\">Last modified: 23 October 2019<\/p>","protected":false},"excerpt":{"rendered":"<p>What are cookies and why we use them The website https:\/\/exceltic.com\/ is the responsibility of EXCELTIC, S.L. with address at Calle de los Hermanos Garc\u00eda Noblejas 41 1\u00baPlanta 28037 Madrid and e-mail address privacidad@exceltic.com At Exceltic we use cookies in order to provide a better service and to give you a better experience in our website.<\/p>","protected":false},"author":1,"featured_media":0,"parent":0,"menu_order":0,"comment_status":"closed","ping_status":"closed","template":"politica-de-cookies","meta":{"footnotes":""},"class_list":["post-830","page","type-page","status-publish","hentry"],"yoast_head":"<!-- This site is optimized with the Yoast SEO plugin v26.9 - https:\/\/yoast.com\/product\/yoast-seo-wordpress\/ -->\n<title>Pol\u00edtica de cookies -<\/title>\n<meta name=\"robots\" content=\"noindex, nofollow\" \/>\n<meta property=\"og:locale\" content=\"en_GB\" \/>\n<meta property=\"og:type\" content=\"article\" \/>\n<meta property=\"og:title\" content=\"Pol\u00edtica de cookies -\" \/>\n<meta property=\"og:description\" content=\"Qu\u00e9 son las cookies y por qu\u00e9 las utilizamos La p\u00e1gina web https:\/\/exceltic.com\/ es responsabilidad de EXCELTIC, S.L. con domicilio en Calle de los Hermanos Garc\u00eda Noblejas 41 1\u00baPlanta 28037 Madrid y direcci\u00f3n de correo electr\u00f3nico privacidad@exceltic.com En Exceltic utilizamos cookies con el objetivo de prestar un mejor servicio y proporcionarte una mejor experiencia en [&hellip;]\" \/>\n<meta property=\"og:url\" content=\"https:\/\/exceltic.serquo.com\/en\/cookie-policy\/\" \/>\n<meta property=\"article:publisher\" content=\"https:\/\/www.facebook.com\/exceltic\/\" \/>\n<meta property=\"article:modified_time\" content=\"2025-05-19T09:49:49+00:00\" \/>\n<meta name=\"twitter:card\" content=\"summary_large_image\" \/>\n<meta name=\"twitter:site\" content=\"@exceltic\" \/>\n<meta name=\"twitter:label1\" content=\"Estimated reading time\" \/>\n\t<meta name=\"twitter:data1\" content=\"8 minutes\" \/>\n<script type=\"application\/ld+json\" class=\"yoast-schema-graph\">{\"@context\":\"https:\/\/schema.org\",\"@graph\":[{\"@type\":\"WebPage\",\"@id\":\"https:\/\/exceltic.serquo.com\/politica-de-cookies\/\",\"url\":\"https:\/\/exceltic.serquo.com\/politica-de-cookies\/\",\"name\":\"Pol\u00edtica de cookies -\",\"isPartOf\":{\"@id\":\"https:\/\/exceltic.serquo.com\/#website\"},\"datePublished\":\"2022-04-22T10:22:14+00:00\",\"dateModified\":\"2025-05-19T09:49:49+00:00\",\"breadcrumb\":{\"@id\":\"https:\/\/exceltic.serquo.com\/politica-de-cookies\/#breadcrumb\"},\"inLanguage\":\"en-GB\",\"potentialAction\":[{\"@type\":\"ReadAction\",\"target\":[\"https:\/\/exceltic.serquo.com\/politica-de-cookies\/\"]}]},{\"@type\":\"BreadcrumbList\",\"@id\":\"https:\/\/exceltic.serquo.com\/politica-de-cookies\/#breadcrumb\",\"itemListElement\":[{\"@type\":\"ListItem\",\"position\":1,\"name\":\"Portada\",\"item\":\"https:\/\/exceltic.serquo.com\/\"},{\"@type\":\"ListItem\",\"position\":2,\"name\":\"Pol\u00edtica de cookies\"}]},{\"@type\":\"WebSite\",\"@id\":\"https:\/\/exceltic.serquo.com\/#website\",\"url\":\"https:\/\/exceltic.serquo.com\/\",\"name\":\"\",\"description\":\"Ingenier\u00eda y Consultor\u00eda\",\"potentialAction\":[{\"@type\":\"SearchAction\",\"target\":{\"@type\":\"EntryPoint\",\"urlTemplate\":\"https:\/\/exceltic.serquo.com\/?s={search_term_string}\"},\"query-input\":{\"@type\":\"PropertyValueSpecification\",\"valueRequired\":true,\"valueName\":\"search_term_string\"}}],\"inLanguage\":\"en-GB\"}]}<\/script>\n<!-- \/ Yoast SEO plugin. -->","yoast_head_json":{"title":"Cookie policy -","robots":{"index":"noindex","follow":"nofollow"},"og_locale":"en_GB","og_type":"article","og_title":"Pol\u00edtica de cookies -","og_description":"Qu\u00e9 son las cookies y por qu\u00e9 las utilizamos La p\u00e1gina web https:\/\/exceltic.com\/ es responsabilidad de EXCELTIC, S.L. con domicilio en Calle de los Hermanos Garc\u00eda Noblejas 41 1\u00baPlanta 28037 Madrid y direcci\u00f3n de correo electr\u00f3nico privacidad@exceltic.com En Exceltic utilizamos cookies con el objetivo de prestar un mejor servicio y proporcionarte una mejor experiencia en [&hellip;]","og_url":"https:\/\/exceltic.serquo.com\/en\/cookie-policy\/","article_publisher":"https:\/\/www.facebook.com\/exceltic\/","article_modified_time":"2025-05-19T09:49:49+00:00","twitter_card":"summary_large_image","twitter_site":"@exceltic","twitter_misc":{"Estimated reading time":"8 minutes"},"schema":{"@context":"https:\/\/schema.org","@graph":[{"@type":"WebPage","@id":"https:\/\/exceltic.serquo.com\/politica-de-cookies\/","url":"https:\/\/exceltic.serquo.com\/politica-de-cookies\/","name":"Cookie policy -","isPartOf":{"@id":"https:\/\/exceltic.serquo.com\/#website"},"datePublished":"2022-04-22T10:22:14+00:00","dateModified":"2025-05-19T09:49:49+00:00","breadcrumb":{"@id":"https:\/\/exceltic.serquo.com\/politica-de-cookies\/#breadcrumb"},"inLanguage":"en-GB","potentialAction":[{"@type":"ReadAction","target":["https:\/\/exceltic.serquo.com\/politica-de-cookies\/"]}]},{"@type":"BreadcrumbList","@id":"https:\/\/exceltic.serquo.com\/politica-de-cookies\/#breadcrumb","itemListElement":[{"@type":"ListItem","position":1,"name":"Portada","item":"https:\/\/exceltic.serquo.com\/"},{"@type":"ListItem","position":2,"name":"Pol\u00edtica de cookies"}]},{"@type":"WebSite","@id":"https:\/\/exceltic.serquo.com\/#website","url":"https:\/\/exceltic.serquo.com\/","name":"","description":"Engineering and Consulting","potentialAction":[{"@type":"SearchAction","target":{"@type":"EntryPoint","urlTemplate":"https:\/\/exceltic.serquo.com\/?s={search_term_string}"},"query-input":{"@type":"PropertyValueSpecification","valueRequired":true,"valueName":"search_term_string"}}],"inLanguage":"en-GB"}]}},"_links":{"self":[{"href":"https:\/\/exceltic.serquo.com\/en\/wp-json\/wp\/v2\/pages\/830","targetHints":{"allow":["GET"]}}],"collection":[{"href":"https:\/\/exceltic.serquo.com\/en\/wp-json\/wp\/v2\/pages"}],"about":[{"href":"https:\/\/exceltic.serquo.com\/en\/wp-json\/wp\/v2\/types\/page"}],"author":[{"embeddable":true,"href":"https:\/\/exceltic.serquo.com\/en\/wp-json\/wp\/v2\/users\/1"}],"replies":[{"embeddable":true,"href":"https:\/\/exceltic.serquo.com\/en\/wp-json\/wp\/v2\/comments?post=830"}],"version-history":[{"count":12,"href":"https:\/\/exceltic.serquo.com\/en\/wp-json\/wp\/v2\/pages\/830\/revisions"}],"predecessor-version":[{"id":2403,"href":"https:\/\/exceltic.serquo.com\/en\/wp-json\/wp\/v2\/pages\/830\/revisions\/2403"}],"wp:attachment":[{"href":"https:\/\/exceltic.serquo.com\/en\/wp-json\/wp\/v2\/media?parent=830"}],"curies":[{"name":"wp","href":"https:\/\/api.w.org\/{rel}","templated":true}]}}