{"id":875,"date":"2022-04-22T12:35:33","date_gmt":"2022-04-22T12:35:33","guid":{"rendered":"https:\/\/exceltic.serquo.com\/?page_id=875"},"modified":"2026-03-18T13:57:14","modified_gmt":"2026-03-18T12:57:14","slug":"transicion-energetica","status":"publish","type":"page","link":"https:\/\/exceltic.serquo.com\/en\/energy-services\/","title":{"rendered":"energy transition"},"content":{"rendered":"","protected":false},"excerpt":{"rendered":"","protected":false},"author":1,"featured_media":2521,"parent":0,"menu_order":0,"comment_status":"closed","ping_status":"closed","template":"servicios-energeticos","meta":{"footnotes":""},"class_list":["post-875","page","type-page","status-publish","has-post-thumbnail","hentry"],"yoast_head":"<!-- This site is optimized with the Yoast SEO plugin v26.9 - https:\/\/yoast.com\/product\/yoast-seo-wordpress\/ -->\n<title>transici\u00f3n energ\u00e9tica -<\/title>\n<meta name=\"description\" content=\"Para 2040, se espera que la demanda de energ\u00eda haya aumentado un 60%, mientras que la generaci\u00f3n de energ\u00eda renovable se habr\u00e1 cuadriplicado\" \/>\n<meta name=\"robots\" content=\"index, follow, max-snippet:-1, max-image-preview:large, max-video-preview:-1\" \/>\n<link rel=\"canonical\" href=\"https:\/\/exceltic.serquo.com\/en\/energy-services\/\" \/>\n<meta property=\"og:locale\" content=\"en_GB\" \/>\n<meta property=\"og:type\" content=\"article\" \/>\n<meta property=\"og:title\" content=\"transici\u00f3n energ\u00e9tica -\" \/>\n<meta property=\"og:description\" content=\"Para 2040, se espera que la demanda de energ\u00eda haya aumentado un 60%, mientras que la generaci\u00f3n de energ\u00eda renovable se habr\u00e1 cuadriplicado\" \/>\n<meta property=\"og:url\" content=\"https:\/\/exceltic.serquo.com\/en\/energy-services\/\" \/>\n<meta property=\"article:publisher\" content=\"https:\/\/www.facebook.com\/exceltic\/\" \/>\n<meta property=\"article:modified_time\" content=\"2026-03-18T12:57:14+00:00\" \/>\n<meta property=\"og:image\" content=\"https:\/\/exceltic.serquo.com\/wp-content\/uploads\/2022\/12\/Servicios-energeticos.jpg\" \/>\n\t<meta property=\"og:image:width\" content=\"2560\" \/>\n\t<meta property=\"og:image:height\" content=\"1775\" \/>\n\t<meta property=\"og:image:type\" content=\"image\/jpeg\" \/>\n<meta name=\"twitter:card\" content=\"summary_large_image\" \/>\n<meta name=\"twitter:site\" content=\"@exceltic\" \/>\n<script type=\"application\/ld+json\" class=\"yoast-schema-graph\">{\"@context\":\"https:\/\/schema.org\",\"@graph\":[{\"@type\":\"WebPage\",\"@id\":\"https:\/\/exceltic.serquo.com\/transicion-energetica\/\",\"url\":\"https:\/\/exceltic.serquo.com\/transicion-energetica\/\",\"name\":\"transici\u00f3n energ\u00e9tica -\",\"isPartOf\":{\"@id\":\"https:\/\/exceltic.serquo.com\/#website\"},\"primaryImageOfPage\":{\"@id\":\"https:\/\/exceltic.serquo.com\/transicion-energetica\/#primaryimage\"},\"image\":{\"@id\":\"https:\/\/exceltic.serquo.com\/transicion-energetica\/#primaryimage\"},\"thumbnailUrl\":\"https:\/\/exceltic.serquo.com\/wp-content\/uploads\/2022\/12\/Servicios-energeticos.jpg\",\"datePublished\":\"2022-04-22T12:35:33+00:00\",\"dateModified\":\"2026-03-18T12:57:14+00:00\",\"description\":\"Para 2040, se espera que la demanda de energ\u00eda haya aumentado un 60%, mientras que la generaci\u00f3n de energ\u00eda renovable se habr\u00e1 cuadriplicado\",\"breadcrumb\":{\"@id\":\"https:\/\/exceltic.serquo.com\/transicion-energetica\/#breadcrumb\"},\"inLanguage\":\"en-GB\",\"potentialAction\":[{\"@type\":\"ReadAction\",\"target\":[\"https:\/\/exceltic.serquo.com\/transicion-energetica\/\"]}]},{\"@type\":\"ImageObject\",\"inLanguage\":\"en-GB\",\"@id\":\"https:\/\/exceltic.serquo.com\/transicion-energetica\/#primaryimage\",\"url\":\"https:\/\/exceltic.serquo.com\/wp-content\/uploads\/2022\/12\/Servicios-energeticos.jpg\",\"contentUrl\":\"https:\/\/exceltic.serquo.com\/wp-content\/uploads\/2022\/12\/Servicios-energeticos.jpg\",\"width\":2560,\"height\":1775,\"caption\":\"Servicios-energeticos\"},{\"@type\":\"BreadcrumbList\",\"@id\":\"https:\/\/exceltic.serquo.com\/transicion-energetica\/#breadcrumb\",\"itemListElement\":[{\"@type\":\"ListItem\",\"position\":1,\"name\":\"Portada\",\"item\":\"https:\/\/exceltic.serquo.com\/\"},{\"@type\":\"ListItem\",\"position\":2,\"name\":\"transici\u00f3n energ\u00e9tica\"}]},{\"@type\":\"WebSite\",\"@id\":\"https:\/\/exceltic.serquo.com\/#website\",\"url\":\"https:\/\/exceltic.serquo.com\/\",\"name\":\"\",\"description\":\"Ingenier\u00eda y Consultor\u00eda\",\"potentialAction\":[{\"@type\":\"SearchAction\",\"target\":{\"@type\":\"EntryPoint\",\"urlTemplate\":\"https:\/\/exceltic.serquo.com\/?s={search_term_string}\"},\"query-input\":{\"@type\":\"PropertyValueSpecification\",\"valueRequired\":true,\"valueName\":\"search_term_string\"}}],\"inLanguage\":\"en-GB\"}]}<\/script>\n<!-- \/ Yoast SEO plugin. -->","yoast_head_json":{"title":"transici\u00f3n energ\u00e9tica -","description":"By 2040, energy demand is expected to have increased by 60%, while renewable energy generation will have quadrupled.","robots":{"index":"index","follow":"follow","max-snippet":"max-snippet:-1","max-image-preview":"max-image-preview:large","max-video-preview":"max-video-preview:-1"},"canonical":"https:\/\/exceltic.serquo.com\/en\/energy-services\/","og_locale":"en_GB","og_type":"article","og_title":"transici\u00f3n energ\u00e9tica -","og_description":"Para 2040, se espera que la demanda de energ\u00eda haya aumentado un 60%, mientras que la generaci\u00f3n de energ\u00eda renovable se habr\u00e1 cuadriplicado","og_url":"https:\/\/exceltic.serquo.com\/en\/energy-services\/","article_publisher":"https:\/\/www.facebook.com\/exceltic\/","article_modified_time":"2026-03-18T12:57:14+00:00","og_image":[{"width":2560,"height":1775,"url":"https:\/\/exceltic.serquo.com\/wp-content\/uploads\/2022\/12\/Servicios-energeticos.jpg","type":"image\/jpeg"}],"twitter_card":"summary_large_image","twitter_site":"@exceltic","schema":{"@context":"https:\/\/schema.org","@graph":[{"@type":"WebPage","@id":"https:\/\/exceltic.serquo.com\/transicion-energetica\/","url":"https:\/\/exceltic.serquo.com\/transicion-energetica\/","name":"transici\u00f3n energ\u00e9tica -","isPartOf":{"@id":"https:\/\/exceltic.serquo.com\/#website"},"primaryImageOfPage":{"@id":"https:\/\/exceltic.serquo.com\/transicion-energetica\/#primaryimage"},"image":{"@id":"https:\/\/exceltic.serquo.com\/transicion-energetica\/#primaryimage"},"thumbnailUrl":"https:\/\/exceltic.serquo.com\/wp-content\/uploads\/2022\/12\/Servicios-energeticos.jpg","datePublished":"2022-04-22T12:35:33+00:00","dateModified":"2026-03-18T12:57:14+00:00","description":"By 2040, energy demand is expected to have increased by 60%, while renewable energy generation will have quadrupled.","breadcrumb":{"@id":"https:\/\/exceltic.serquo.com\/transicion-energetica\/#breadcrumb"},"inLanguage":"en-GB","potentialAction":[{"@type":"ReadAction","target":["https:\/\/exceltic.serquo.com\/transicion-energetica\/"]}]},{"@type":"ImageObject","inLanguage":"en-GB","@id":"https:\/\/exceltic.serquo.com\/transicion-energetica\/#primaryimage","url":"https:\/\/exceltic.serquo.com\/wp-content\/uploads\/2022\/12\/Servicios-energeticos.jpg","contentUrl":"https:\/\/exceltic.serquo.com\/wp-content\/uploads\/2022\/12\/Servicios-energeticos.jpg","width":2560,"height":1775,"caption":"Servicios-energeticos"},{"@type":"BreadcrumbList","@id":"https:\/\/exceltic.serquo.com\/transicion-energetica\/#breadcrumb","itemListElement":[{"@type":"ListItem","position":1,"name":"Portada","item":"https:\/\/exceltic.serquo.com\/"},{"@type":"ListItem","position":2,"name":"transici\u00f3n energ\u00e9tica"}]},{"@type":"WebSite","@id":"https:\/\/exceltic.serquo.com\/#website","url":"https:\/\/exceltic.serquo.com\/","name":"","description":"Engineering and Consulting","potentialAction":[{"@type":"SearchAction","target":{"@type":"EntryPoint","urlTemplate":"https:\/\/exceltic.serquo.com\/?s={search_term_string}"},"query-input":{"@type":"PropertyValueSpecification","valueRequired":true,"valueName":"search_term_string"}}],"inLanguage":"en-GB"}]}},"_links":{"self":[{"href":"https:\/\/exceltic.serquo.com\/en\/wp-json\/wp\/v2\/pages\/875","targetHints":{"allow":["GET"]}}],"collection":[{"href":"https:\/\/exceltic.serquo.com\/en\/wp-json\/wp\/v2\/pages"}],"about":[{"href":"https:\/\/exceltic.serquo.com\/en\/wp-json\/wp\/v2\/types\/page"}],"author":[{"embeddable":true,"href":"https:\/\/exceltic.serquo.com\/en\/wp-json\/wp\/v2\/users\/1"}],"replies":[{"embeddable":true,"href":"https:\/\/exceltic.serquo.com\/en\/wp-json\/wp\/v2\/comments?post=875"}],"version-history":[{"count":2,"href":"https:\/\/exceltic.serquo.com\/en\/wp-json\/wp\/v2\/pages\/875\/revisions"}],"predecessor-version":[{"id":5259,"href":"https:\/\/exceltic.serquo.com\/en\/wp-json\/wp\/v2\/pages\/875\/revisions\/5259"}],"wp:featuredmedia":[{"embeddable":true,"href":"https:\/\/exceltic.serquo.com\/en\/wp-json\/wp\/v2\/media\/2521"}],"wp:attachment":[{"href":"https:\/\/exceltic.serquo.com\/en\/wp-json\/wp\/v2\/media?parent=875"}],"curies":[{"name":"wp","href":"https:\/\/api.w.org\/{rel}","templated":true}]}}