{"id":910,"date":"2022-04-22T12:54:21","date_gmt":"2022-04-22T12:54:21","guid":{"rendered":"https:\/\/exceltic.serquo.com\/?page_id=910"},"modified":"2024-03-13T11:50:37","modified_gmt":"2024-03-13T11:50:37","slug":"mission-critical","status":"publish","type":"page","link":"https:\/\/exceltic.serquo.com\/en\/mission-critical\/","title":{"rendered":"Mission critical"},"content":{"rendered":"","protected":false},"excerpt":{"rendered":"","protected":false},"author":1,"featured_media":2498,"parent":0,"menu_order":0,"comment_status":"closed","ping_status":"closed","template":"wp-custom-template-mission-critical-2","meta":{"footnotes":""},"class_list":["post-910","page","type-page","status-publish","has-post-thumbnail","hentry"],"yoast_head":"<!-- This site is optimized with the Yoast SEO plugin v26.9 - https:\/\/yoast.com\/product\/yoast-seo-wordpress\/ -->\n<title>Mission critical -<\/title>\n<meta name=\"description\" content=\"Somos especialista en soluciones de testing y de Misi\u00f3n cr\u00edtica, con amplia experiencia en soluciones de testing din\u00e1mico y est\u00e1tico.\" \/>\n<meta name=\"robots\" content=\"index, follow, max-snippet:-1, max-image-preview:large, max-video-preview:-1\" \/>\n<link rel=\"canonical\" href=\"https:\/\/exceltic.serquo.com\/en\/mission-critical\/\" \/>\n<meta property=\"og:locale\" content=\"en_GB\" \/>\n<meta property=\"og:type\" content=\"article\" \/>\n<meta property=\"og:title\" content=\"Mission critical -\" \/>\n<meta property=\"og:description\" content=\"Somos especialista en soluciones de testing y de Misi\u00f3n cr\u00edtica, con amplia experiencia en soluciones de testing din\u00e1mico y est\u00e1tico.\" \/>\n<meta property=\"og:url\" content=\"https:\/\/exceltic.serquo.com\/en\/mission-critical\/\" \/>\n<meta property=\"article:publisher\" content=\"https:\/\/www.facebook.com\/exceltic\/\" \/>\n<meta property=\"article:modified_time\" content=\"2024-03-13T11:50:37+00:00\" \/>\n<meta property=\"og:image\" content=\"https:\/\/exceltic.serquo.com\/wp-content\/uploads\/2022\/12\/Mission-Critical.jpg\" \/>\n\t<meta property=\"og:image:width\" content=\"2560\" \/>\n\t<meta property=\"og:image:height\" content=\"1709\" \/>\n\t<meta property=\"og:image:type\" content=\"image\/jpeg\" \/>\n<meta name=\"twitter:card\" content=\"summary_large_image\" \/>\n<meta name=\"twitter:site\" content=\"@exceltic\" \/>\n<script type=\"application\/ld+json\" class=\"yoast-schema-graph\">{\"@context\":\"https:\/\/schema.org\",\"@graph\":[{\"@type\":\"WebPage\",\"@id\":\"https:\/\/exceltic.serquo.com\/mission-critical\/\",\"url\":\"https:\/\/exceltic.serquo.com\/mission-critical\/\",\"name\":\"Mission critical -\",\"isPartOf\":{\"@id\":\"https:\/\/exceltic.serquo.com\/#website\"},\"primaryImageOfPage\":{\"@id\":\"https:\/\/exceltic.serquo.com\/mission-critical\/#primaryimage\"},\"image\":{\"@id\":\"https:\/\/exceltic.serquo.com\/mission-critical\/#primaryimage\"},\"thumbnailUrl\":\"https:\/\/exceltic.serquo.com\/wp-content\/uploads\/2022\/12\/Mission-Critical.jpg\",\"datePublished\":\"2022-04-22T12:54:21+00:00\",\"dateModified\":\"2024-03-13T11:50:37+00:00\",\"description\":\"Somos especialista en soluciones de testing y de Misi\u00f3n cr\u00edtica, con amplia experiencia en soluciones de testing din\u00e1mico y est\u00e1tico.\",\"breadcrumb\":{\"@id\":\"https:\/\/exceltic.serquo.com\/mission-critical\/#breadcrumb\"},\"inLanguage\":\"en-GB\",\"potentialAction\":[{\"@type\":\"ReadAction\",\"target\":[\"https:\/\/exceltic.serquo.com\/mission-critical\/\"]}]},{\"@type\":\"ImageObject\",\"inLanguage\":\"en-GB\",\"@id\":\"https:\/\/exceltic.serquo.com\/mission-critical\/#primaryimage\",\"url\":\"https:\/\/exceltic.serquo.com\/wp-content\/uploads\/2022\/12\/Mission-Critical.jpg\",\"contentUrl\":\"https:\/\/exceltic.serquo.com\/wp-content\/uploads\/2022\/12\/Mission-Critical.jpg\",\"width\":2560,\"height\":1709,\"caption\":\"Mission Critical\"},{\"@type\":\"BreadcrumbList\",\"@id\":\"https:\/\/exceltic.serquo.com\/mission-critical\/#breadcrumb\",\"itemListElement\":[{\"@type\":\"ListItem\",\"position\":1,\"name\":\"Portada\",\"item\":\"https:\/\/exceltic.serquo.com\/\"},{\"@type\":\"ListItem\",\"position\":2,\"name\":\"Mission critical\"}]},{\"@type\":\"WebSite\",\"@id\":\"https:\/\/exceltic.serquo.com\/#website\",\"url\":\"https:\/\/exceltic.serquo.com\/\",\"name\":\"\",\"description\":\"Ingenier\u00eda y Consultor\u00eda\",\"potentialAction\":[{\"@type\":\"SearchAction\",\"target\":{\"@type\":\"EntryPoint\",\"urlTemplate\":\"https:\/\/exceltic.serquo.com\/?s={search_term_string}\"},\"query-input\":{\"@type\":\"PropertyValueSpecification\",\"valueRequired\":true,\"valueName\":\"search_term_string\"}}],\"inLanguage\":\"en-GB\"}]}<\/script>\n<!-- \/ Yoast SEO plugin. -->","yoast_head_json":{"title":"Mission critical -","description":"We are specialists in testing and mission critical solutions, with extensive experience in dynamic and static testing solutions.","robots":{"index":"index","follow":"follow","max-snippet":"max-snippet:-1","max-image-preview":"max-image-preview:large","max-video-preview":"max-video-preview:-1"},"canonical":"https:\/\/exceltic.serquo.com\/en\/mission-critical\/","og_locale":"en_GB","og_type":"article","og_title":"Mission critical -","og_description":"Somos especialista en soluciones de testing y de Misi\u00f3n cr\u00edtica, con amplia experiencia en soluciones de testing din\u00e1mico y est\u00e1tico.","og_url":"https:\/\/exceltic.serquo.com\/en\/mission-critical\/","article_publisher":"https:\/\/www.facebook.com\/exceltic\/","article_modified_time":"2024-03-13T11:50:37+00:00","og_image":[{"width":2560,"height":1709,"url":"https:\/\/exceltic.serquo.com\/wp-content\/uploads\/2022\/12\/Mission-Critical.jpg","type":"image\/jpeg"}],"twitter_card":"summary_large_image","twitter_site":"@exceltic","schema":{"@context":"https:\/\/schema.org","@graph":[{"@type":"WebPage","@id":"https:\/\/exceltic.serquo.com\/mission-critical\/","url":"https:\/\/exceltic.serquo.com\/mission-critical\/","name":"Mission critical -","isPartOf":{"@id":"https:\/\/exceltic.serquo.com\/#website"},"primaryImageOfPage":{"@id":"https:\/\/exceltic.serquo.com\/mission-critical\/#primaryimage"},"image":{"@id":"https:\/\/exceltic.serquo.com\/mission-critical\/#primaryimage"},"thumbnailUrl":"https:\/\/exceltic.serquo.com\/wp-content\/uploads\/2022\/12\/Mission-Critical.jpg","datePublished":"2022-04-22T12:54:21+00:00","dateModified":"2024-03-13T11:50:37+00:00","description":"We are specialists in testing and mission critical solutions, with extensive experience in dynamic and static testing solutions.","breadcrumb":{"@id":"https:\/\/exceltic.serquo.com\/mission-critical\/#breadcrumb"},"inLanguage":"en-GB","potentialAction":[{"@type":"ReadAction","target":["https:\/\/exceltic.serquo.com\/mission-critical\/"]}]},{"@type":"ImageObject","inLanguage":"en-GB","@id":"https:\/\/exceltic.serquo.com\/mission-critical\/#primaryimage","url":"https:\/\/exceltic.serquo.com\/wp-content\/uploads\/2022\/12\/Mission-Critical.jpg","contentUrl":"https:\/\/exceltic.serquo.com\/wp-content\/uploads\/2022\/12\/Mission-Critical.jpg","width":2560,"height":1709,"caption":"Mission Critical"},{"@type":"BreadcrumbList","@id":"https:\/\/exceltic.serquo.com\/mission-critical\/#breadcrumb","itemListElement":[{"@type":"ListItem","position":1,"name":"Portada","item":"https:\/\/exceltic.serquo.com\/"},{"@type":"ListItem","position":2,"name":"Mission critical"}]},{"@type":"WebSite","@id":"https:\/\/exceltic.serquo.com\/#website","url":"https:\/\/exceltic.serquo.com\/","name":"","description":"Engineering and Consulting","potentialAction":[{"@type":"SearchAction","target":{"@type":"EntryPoint","urlTemplate":"https:\/\/exceltic.serquo.com\/?s={search_term_string}"},"query-input":{"@type":"PropertyValueSpecification","valueRequired":true,"valueName":"search_term_string"}}],"inLanguage":"en-GB"}]}},"_links":{"self":[{"href":"https:\/\/exceltic.serquo.com\/en\/wp-json\/wp\/v2\/pages\/910","targetHints":{"allow":["GET"]}}],"collection":[{"href":"https:\/\/exceltic.serquo.com\/en\/wp-json\/wp\/v2\/pages"}],"about":[{"href":"https:\/\/exceltic.serquo.com\/en\/wp-json\/wp\/v2\/types\/page"}],"author":[{"embeddable":true,"href":"https:\/\/exceltic.serquo.com\/en\/wp-json\/wp\/v2\/users\/1"}],"replies":[{"embeddable":true,"href":"https:\/\/exceltic.serquo.com\/en\/wp-json\/wp\/v2\/comments?post=910"}],"version-history":[{"count":1,"href":"https:\/\/exceltic.serquo.com\/en\/wp-json\/wp\/v2\/pages\/910\/revisions"}],"predecessor-version":[{"id":2499,"href":"https:\/\/exceltic.serquo.com\/en\/wp-json\/wp\/v2\/pages\/910\/revisions\/2499"}],"wp:featuredmedia":[{"embeddable":true,"href":"https:\/\/exceltic.serquo.com\/en\/wp-json\/wp\/v2\/media\/2498"}],"wp:attachment":[{"href":"https:\/\/exceltic.serquo.com\/en\/wp-json\/wp\/v2\/media?parent=910"}],"curies":[{"name":"wp","href":"https:\/\/api.w.org\/{rel}","templated":true}]}}