{"id":3622,"date":"2025-05-19T13:13:44","date_gmt":"2025-05-19T11:13:44","guid":{"rendered":"https:\/\/exceltic.com\/?page_id=3622"},"modified":"2025-05-19T13:13:45","modified_gmt":"2025-05-19T11:13:45","slug":"politique-environnementale","status":"publish","type":"page","link":"https:\/\/exceltic.serquo.com\/fr\/politique-environnementale\/","title":{"rendered":"Politique de l'environnement"},"content":{"rendered":"<p>La direction d'EXCELTIC, engag\u00e9e dans le respect de l'environnement dans ses activit\u00e9s de :<\/p>\n\n\n\n<p class=\"has-text-align-center\"><br><strong>\"ASSISTANCE TECHNIQUE, SERVICES D'ING\u00c9NIERIE ET D\u00c9VELOPPEMENT DE PROJETS TECHNOLOGIQUES\". <\/strong><\/p>\n\n\n\n<p>Elle a \u00e9tabli cette politique environnementale, soutenue par sa gestion strat\u00e9gique, conform\u00e9ment \u00e0 la norme UNE-EN-ISO 14001, sur la base des principes\/engagements suivants :<\/p>\n\n\n\n<p><br>Engagement \u00e0 respecter toutes les exigences applicables \u00e0 notre activit\u00e9 (l\u00e9gales et r\u00e9glementaires) conform\u00e9ment \u00e0 la norme UNE EN ISO 14001.<\/p>\n\n\n\n<p><br>Engagement \u00e0 am\u00e9liorer continuellement le syst\u00e8me de gestion de l'environnement afin d'am\u00e9liorer ses performances et les impacts environnementaux qui peuvent \u00eatre caus\u00e9s par nos produits, nos services et nos processus.<\/p>\n\n\n\n<p><br>Engagement \u00e0 d\u00e9finir la politique environnementale de notre organisation, \u00e0 promouvoir sa connaissance, sa compr\u00e9hension et son application par le personnel de l'organisation.<\/p>\n\n\n\n<p><br>\u2713 Engagement \u00e0 promouvoir l'implication et la sensibilisation du personnel aux questions environnementales par le biais d'une formation continue de ses employ\u00e9s.<\/p>\n\n\n\n<p><br>Engagement en faveur de la protection de l'environnement, par des actions visant \u00e0 pr\u00e9venir la pollution et \u00e0 pr\u00e9server les ressources environnementales.<\/p>\n\n\n\n<p><br>L'engagement en faveur de l'att\u00e9nuation du changement climatique (r\u00e9duction des causes du changement climatique), en s'engageant \u00e0 r\u00e9duire activement notre empreinte carbone par la mise en \u0153uvre de mesures visant \u00e0 r\u00e9duire les \u00e9missions de gaz \u00e0 effet de serre dans nos activit\u00e9s, nos produits et nos services. Il s'agit notamment de promouvoir des technologies plus propres, d'optimiser les processus et d'encourager les pratiques durables tout au long de notre cha\u00eene de valeur.<\/p>\n\n\n\n<p><br>Engagement en faveur de l'adaptation au changement climatique (pr\u00e9paration aux effets du changement climatique), ax\u00e9 sur le renforcement de la r\u00e9silience de notre organisation aux effets du changement climatique par l'identification et la gestion des risques associ\u00e9s aux \u00e9v\u00e9nements m\u00e9t\u00e9orologiques extr\u00eames. Nous mettons en \u0153uvre des strat\u00e9gies qui prot\u00e8gent nos op\u00e9rations, nos ressources et nos infrastructures, garantissant ainsi la continuit\u00e9 des activit\u00e9s et la viabilit\u00e9 \u00e0 long terme.<\/p>\n\n\n\n<p><br>Engagement en faveur de l'efficacit\u00e9 \u00e9nerg\u00e9tique, de la promotion de l'utilisation rationnelle et efficace de l'\u00e9nergie dans tous nos processus, installations et op\u00e9rations, par la mise en \u0153uvre d'am\u00e9liorations technologiques, l'optimisation des ressources et la sensibilisation continue du personnel \u00e0 la r\u00e9duction de la consommation d'\u00e9nergie et des impacts environnementaux associ\u00e9s.<\/p>\n\n\n\n<p><br>Engagement \u00e0 att\u00e9nuer et \u00e0 contr\u00f4ler les impacts n\u00e9gatifs li\u00e9s \u00e0 la pollution de l'air, de l'eau et du sol, en mettant en \u0153uvre des proc\u00e9dures et des mesures correctives qui minimisent leur impact sur l'environnement.<\/p>\n\n\n\n<p><br>Engagement en faveur de la minimisation et de la substitution des substances polluantes, en encourageant l'utilisation d'alternatives plus durables et plus s\u00fbres.<\/p>\n\n\n\n<p><br>Engagement en faveur d'une consommation et d'une utilisation efficaces et responsables de l'eau dans nos op\u00e9rations et notre cha\u00eene de valeur, car les activit\u00e9s d'EXCELTIC se d\u00e9roulent dans des zones soumises \u00e0 un stress hydrique.<\/p>\n\n\n\n<p><br>Engagement \u00e0 pr\u00e9venir les incidents et les situations d'urgence et, s'ils se produisent, engagement \u00e0 contr\u00f4ler et \u00e0 limiter leur impact sur l'environnement et\/ou la soci\u00e9t\u00e9 civile, par le biais de plans d'urgence, de proc\u00e9dures d'intervention rapide et d'une formation continue de notre personnel sur ces questions.<\/p>\n\n\n\n<p><br>Engagement en faveur de l'\u00e9conomie circulaire, promotion de l'optimisation de l'utilisation des ressources dans la prestation de nos services, r\u00e9duction de la production de d\u00e9chets et encouragement de leur r\u00e9utilisation, de leur recyclage et de leur r\u00e9cup\u00e9ration.<br>Cette politique fournit un cadre pour l'\u00e9tablissement d'objectifs environnementaux, ax\u00e9s sur l'am\u00e9lioration continue et la satisfaction des clients. La direction d'EXCELTIC fournira \u00e0 ses employ\u00e9s les moyens et les ressources n\u00e9cessaires pour se conformer \u00e0 cette politique.<\/p>\n\n\n\n<p><\/p>\n\n\n\n<p><br>\u00c0 Madrid, le 25 f\u00e9vrier 2025<br>M. Jos\u00e9 Antonio Su\u00e1rez et M. Eduardo Requejo<br>EXCELTIC Gestion g\u00e9n\u00e9rale<\/p>\n\n\n\n<p><\/p>\n\n\n\n<p><\/p>\n\n\n\n<div class=\"wp-block-columns is-layout-flex wp-container-core-columns-is-layout-e0659f76 wp-block-columns-is-layout-flex\" style=\"padding-top:50px\">\n<div class=\"wp-block-column is-layout-flow wp-block-column-is-layout-flow\" style=\"padding-right:0px;flex-basis:120px\">\n<figure class=\"wp-block-image aligncenter size-full is-resized\"><img loading=\"lazy\" decoding=\"async\" width=\"530\" height=\"925\" src=\"https:\/\/exceltic.com\/wp-content\/uploads\/2022\/08\/ISO_14001_RGB.png\" alt=\"\" class=\"wp-image-2030\" style=\"width:99px;height:172px\" srcset=\"https:\/\/exceltic.serquo.com\/wp-content\/uploads\/2022\/08\/ISO_14001_RGB.png 530w, https:\/\/exceltic.serquo.com\/wp-content\/uploads\/2022\/08\/ISO_14001_RGB-172x300.png 172w, https:\/\/exceltic.serquo.com\/wp-content\/uploads\/2022\/08\/ISO_14001_RGB-7x12.png 7w\" sizes=\"auto, (max-width: 530px) 100vw, 530px\" \/><\/figure>\n<\/div>\n\n\n\n<div class=\"wp-block-column is-layout-flow wp-block-column-is-layout-flow\">\n<p><strong>EXCELTIC S.L. est titulaire du certificat de Syst\u00e8me de Gestion Environnementale selon la Norme UNE-EN ISO 14001:2015 pour l'activit\u00e9 de :&nbsp;<\/strong>Assistance technique Services d'ing\u00e9nierie et d\u00e9veloppement de projets technologiques<\/p>\n\n\n\n<p>Derni\u00e8re mise \u00e0 jour : 8 novembre 2021<\/p>\n<\/div>\n<\/div>","protected":false},"excerpt":{"rendered":"<p>La Direction d'EXCELTIC, engag\u00e9e dans le respect de l'environnement dans ses activit\u00e9s de : \" SERVICES D'ING\u00c9NIERIE D'ASSISTANCE TECHNIQUE ET D\u00c9VELOPPEMENT DE PROJETS TECHNOLOGIQUES \" a \u00e9tabli cette Politique Environnementale, soutenue par sa Direction Strat\u00e9gique, conform\u00e9ment \u00e0 la Norme UNE-EN-ISO 14001 sur la base des principes\/engagements suivants : \u2713 Engagement \u00e0 respecter [...]<\/p>","protected":false},"author":1,"featured_media":0,"parent":0,"menu_order":0,"comment_status":"closed","ping_status":"closed","template":"politica-de-medio-ambiente","meta":{"footnotes":""},"class_list":["post-3622","page","type-page","status-publish","hentry"],"yoast_head":"<!-- This site is optimized with the Yoast SEO plugin v26.9 - https:\/\/yoast.com\/product\/yoast-seo-wordpress\/ -->\n<title>Pol\u00edtica de Medio Ambiente -<\/title>\n<meta name=\"robots\" content=\"index, follow, max-snippet:-1, max-image-preview:large, max-video-preview:-1\" \/>\n<link rel=\"canonical\" href=\"https:\/\/exceltic.serquo.com\/fr\/politique-environnementale\/\" \/>\n<meta property=\"og:locale\" content=\"fr_FR\" \/>\n<meta property=\"og:type\" content=\"article\" \/>\n<meta property=\"og:title\" content=\"Pol\u00edtica de Medio Ambiente -\" \/>\n<meta property=\"og:description\" content=\"La Direcci\u00f3n de EXCELTIC, comprometida con el respeto al medio ambiente en sus actividades de: \u201cSERVICIOS DE INGENIER\u00cdA DE ASISTENCIA T\u00c9CNICA Y DESARROLLO DE PROYECTOS TECNOL\u00d3GICOS\u201d Ha establecido la presente Pol\u00edtica de Medio Ambiente, apoyada en su Direcci\u00f3n Estrat\u00e9gica, de acuerdo con la Norma UNE-EN-ISO 14001 basada en los siguientes principios\/compromisos: \u2713 Compromiso de cumplir [&hellip;]\" \/>\n<meta property=\"og:url\" content=\"https:\/\/exceltic.serquo.com\/fr\/politique-environnementale\/\" \/>\n<meta property=\"article:publisher\" content=\"https:\/\/www.facebook.com\/exceltic\/\" \/>\n<meta property=\"article:modified_time\" content=\"2025-05-19T11:13:45+00:00\" \/>\n<meta property=\"og:image\" content=\"https:\/\/exceltic.com\/wp-content\/uploads\/2022\/08\/ISO_14001_RGB.png\" \/>\n<meta name=\"twitter:card\" content=\"summary_large_image\" \/>\n<meta name=\"twitter:site\" content=\"@exceltic\" \/>\n<meta name=\"twitter:label1\" content=\"Dur\u00e9e de lecture estim\u00e9e\" \/>\n\t<meta name=\"twitter:data1\" content=\"3 minutes\" \/>\n<script type=\"application\/ld+json\" class=\"yoast-schema-graph\">{\"@context\":\"https:\/\/schema.org\",\"@graph\":[{\"@type\":\"WebPage\",\"@id\":\"https:\/\/exceltic.serquo.com\/politica-de-medio-ambiente\/\",\"url\":\"https:\/\/exceltic.serquo.com\/politica-de-medio-ambiente\/\",\"name\":\"Pol\u00edtica de Medio Ambiente -\",\"isPartOf\":{\"@id\":\"https:\/\/exceltic.serquo.com\/#website\"},\"primaryImageOfPage\":{\"@id\":\"https:\/\/exceltic.serquo.com\/politica-de-medio-ambiente\/#primaryimage\"},\"image\":{\"@id\":\"https:\/\/exceltic.serquo.com\/politica-de-medio-ambiente\/#primaryimage\"},\"thumbnailUrl\":\"https:\/\/exceltic.com\/wp-content\/uploads\/2022\/08\/ISO_14001_RGB.png\",\"datePublished\":\"2025-05-19T11:13:44+00:00\",\"dateModified\":\"2025-05-19T11:13:45+00:00\",\"breadcrumb\":{\"@id\":\"https:\/\/exceltic.serquo.com\/politica-de-medio-ambiente\/#breadcrumb\"},\"inLanguage\":\"fr-FR\",\"potentialAction\":[{\"@type\":\"ReadAction\",\"target\":[\"https:\/\/exceltic.serquo.com\/politica-de-medio-ambiente\/\"]}]},{\"@type\":\"ImageObject\",\"inLanguage\":\"fr-FR\",\"@id\":\"https:\/\/exceltic.serquo.com\/politica-de-medio-ambiente\/#primaryimage\",\"url\":\"https:\/\/exceltic.com\/wp-content\/uploads\/2022\/08\/ISO_14001_RGB.png\",\"contentUrl\":\"https:\/\/exceltic.com\/wp-content\/uploads\/2022\/08\/ISO_14001_RGB.png\"},{\"@type\":\"BreadcrumbList\",\"@id\":\"https:\/\/exceltic.serquo.com\/politica-de-medio-ambiente\/#breadcrumb\",\"itemListElement\":[{\"@type\":\"ListItem\",\"position\":1,\"name\":\"Portada\",\"item\":\"https:\/\/exceltic.serquo.com\/\"},{\"@type\":\"ListItem\",\"position\":2,\"name\":\"Pol\u00edtica de Medio Ambiente\"}]},{\"@type\":\"WebSite\",\"@id\":\"https:\/\/exceltic.serquo.com\/#website\",\"url\":\"https:\/\/exceltic.serquo.com\/\",\"name\":\"\",\"description\":\"Ingenier\u00eda y Consultor\u00eda\",\"potentialAction\":[{\"@type\":\"SearchAction\",\"target\":{\"@type\":\"EntryPoint\",\"urlTemplate\":\"https:\/\/exceltic.serquo.com\/?s={search_term_string}\"},\"query-input\":{\"@type\":\"PropertyValueSpecification\",\"valueRequired\":true,\"valueName\":\"search_term_string\"}}],\"inLanguage\":\"fr-FR\"}]}<\/script>\n<!-- \/ Yoast SEO plugin. -->","yoast_head_json":{"title":"Politique de l'environnement -","robots":{"index":"index","follow":"follow","max-snippet":"max-snippet:-1","max-image-preview":"max-image-preview:large","max-video-preview":"max-video-preview:-1"},"canonical":"https:\/\/exceltic.serquo.com\/fr\/politique-environnementale\/","og_locale":"fr_FR","og_type":"article","og_title":"Pol\u00edtica de Medio Ambiente -","og_description":"La Direcci\u00f3n de EXCELTIC, comprometida con el respeto al medio ambiente en sus actividades de: \u201cSERVICIOS DE INGENIER\u00cdA DE ASISTENCIA T\u00c9CNICA Y DESARROLLO DE PROYECTOS TECNOL\u00d3GICOS\u201d Ha establecido la presente Pol\u00edtica de Medio Ambiente, apoyada en su Direcci\u00f3n Estrat\u00e9gica, de acuerdo con la Norma UNE-EN-ISO 14001 basada en los siguientes principios\/compromisos: \u2713 Compromiso de cumplir [&hellip;]","og_url":"https:\/\/exceltic.serquo.com\/fr\/politique-environnementale\/","article_publisher":"https:\/\/www.facebook.com\/exceltic\/","article_modified_time":"2025-05-19T11:13:45+00:00","og_image":[{"url":"https:\/\/exceltic.com\/wp-content\/uploads\/2022\/08\/ISO_14001_RGB.png","type":"","width":"","height":""}],"twitter_card":"summary_large_image","twitter_site":"@exceltic","twitter_misc":{"Dur\u00e9e de lecture estim\u00e9e":"3 minutes"},"schema":{"@context":"https:\/\/schema.org","@graph":[{"@type":"WebPage","@id":"https:\/\/exceltic.serquo.com\/politica-de-medio-ambiente\/","url":"https:\/\/exceltic.serquo.com\/politica-de-medio-ambiente\/","name":"Politique de l'environnement -","isPartOf":{"@id":"https:\/\/exceltic.serquo.com\/#website"},"primaryImageOfPage":{"@id":"https:\/\/exceltic.serquo.com\/politica-de-medio-ambiente\/#primaryimage"},"image":{"@id":"https:\/\/exceltic.serquo.com\/politica-de-medio-ambiente\/#primaryimage"},"thumbnailUrl":"https:\/\/exceltic.com\/wp-content\/uploads\/2022\/08\/ISO_14001_RGB.png","datePublished":"2025-05-19T11:13:44+00:00","dateModified":"2025-05-19T11:13:45+00:00","breadcrumb":{"@id":"https:\/\/exceltic.serquo.com\/politica-de-medio-ambiente\/#breadcrumb"},"inLanguage":"fr-FR","potentialAction":[{"@type":"ReadAction","target":["https:\/\/exceltic.serquo.com\/politica-de-medio-ambiente\/"]}]},{"@type":"ImageObject","inLanguage":"fr-FR","@id":"https:\/\/exceltic.serquo.com\/politica-de-medio-ambiente\/#primaryimage","url":"https:\/\/exceltic.com\/wp-content\/uploads\/2022\/08\/ISO_14001_RGB.png","contentUrl":"https:\/\/exceltic.com\/wp-content\/uploads\/2022\/08\/ISO_14001_RGB.png"},{"@type":"BreadcrumbList","@id":"https:\/\/exceltic.serquo.com\/politica-de-medio-ambiente\/#breadcrumb","itemListElement":[{"@type":"ListItem","position":1,"name":"Portada","item":"https:\/\/exceltic.serquo.com\/"},{"@type":"ListItem","position":2,"name":"Pol\u00edtica de Medio Ambiente"}]},{"@type":"WebSite","@id":"https:\/\/exceltic.serquo.com\/#website","url":"https:\/\/exceltic.serquo.com\/","name":"","description":"Ing\u00e9nierie et conseil","potentialAction":[{"@type":"SearchAction","target":{"@type":"EntryPoint","urlTemplate":"https:\/\/exceltic.serquo.com\/?s={search_term_string}"},"query-input":{"@type":"PropertyValueSpecification","valueRequired":true,"valueName":"search_term_string"}}],"inLanguage":"fr-FR"}]}},"_links":{"self":[{"href":"https:\/\/exceltic.serquo.com\/fr\/wp-json\/wp\/v2\/pages\/3622","targetHints":{"allow":["GET"]}}],"collection":[{"href":"https:\/\/exceltic.serquo.com\/fr\/wp-json\/wp\/v2\/pages"}],"about":[{"href":"https:\/\/exceltic.serquo.com\/fr\/wp-json\/wp\/v2\/types\/page"}],"author":[{"embeddable":true,"href":"https:\/\/exceltic.serquo.com\/fr\/wp-json\/wp\/v2\/users\/1"}],"replies":[{"embeddable":true,"href":"https:\/\/exceltic.serquo.com\/fr\/wp-json\/wp\/v2\/comments?post=3622"}],"version-history":[{"count":3,"href":"https:\/\/exceltic.serquo.com\/fr\/wp-json\/wp\/v2\/pages\/3622\/revisions"}],"predecessor-version":[{"id":3625,"href":"https:\/\/exceltic.serquo.com\/fr\/wp-json\/wp\/v2\/pages\/3622\/revisions\/3625"}],"wp:attachment":[{"href":"https:\/\/exceltic.serquo.com\/fr\/wp-json\/wp\/v2\/media?parent=3622"}],"curies":[{"name":"wp","href":"https:\/\/api.w.org\/{rel}","templated":true}]}}