{"id":830,"date":"2022-04-22T10:22:14","date_gmt":"2022-04-22T10:22:14","guid":{"rendered":"https:\/\/exceltic.serquo.com\/?page_id=830"},"modified":"2025-05-19T11:49:49","modified_gmt":"2025-05-19T09:49:49","slug":"politique-en-matiere-de-cookies","status":"publish","type":"page","link":"https:\/\/exceltic.serquo.com\/fr\/politique-en-matiere-de-cookies\/","title":{"rendered":"Politique en mati\u00e8re de cookies"},"content":{"rendered":"<p class=\"has-primary-color has-text-color has-x-large-font-size\">Que sont les cookies et pourquoi les utilisons-nous ?<\/p>\n\n\n\n<p>Le site web <a rel=\"noreferrer noopener\" href=\"https:\/\/www.exceltic.com\/\" target=\"_blank\">https:\/\/exceltic.com\/ <\/a>est la responsabilit\u00e9 d'EXCELTIC, S.L., dont le si\u00e8ge social est situ\u00e9 Calle de los Hermanos Garc\u00eda Noblejas 41 1\u00baPlanta 28037 Madrid et l'adresse \u00e9lectronique privacidad@exceltic.com.<\/p>\n\n\n\n<p>Chez Exceltic, nous utilisons des cookies dans le but de fournir un meilleur service et de vous offrir une meilleure exp\u00e9rience de navigation et nous appliquons la pr\u00e9sente \"Politique d'utilisation des cookies\" qui a \u00e9t\u00e9 \u00e9labor\u00e9e afin que l'utilisateur soit inform\u00e9 des diff\u00e9rentes utilisations qui sont faites de ces dispositifs et puisse consentir \u00e0 leur traitement de mani\u00e8re \u00e9clair\u00e9e, conform\u00e9ment aux dispositions de la l\u00e9gislation en vigueur.<\/p>\n\n\n\n<p class=\"has-secondary-color has-text-color\">Que sont les cookies ?<\/p>\n\n\n\n<p>Un \"cookie\" est un petit fichier qui est stock\u00e9 sur l'ordinateur, la tablette, le smartphone ou tout autre appareil de l'utilisateur avec des informations sur la navigation.<\/p>\n\n\n\n<p>Les cookies nous aident \u00e0 am\u00e9liorer la qualit\u00e9 de notre site web.<\/p>\n\n\n\n<p>Les cookies sont indispensables au fonctionnement d'Internet, ils offrent d'innombrables avantages, facilitent la navigation et la convivialit\u00e9 de notre site web, et en aucun cas ils ne peuvent endommager votre ordinateur. D'autre part, le fait qu'ils soient actifs nous aide \u00e0 conna\u00eetre les performances du site web, ce que nous devons modifier et les probl\u00e8mes qui peuvent survenir.<\/p>\n\n\n\n<p class=\"has-secondary-color has-text-color\">Quel type d'information est stock\u00e9 ?<\/p>\n\n\n\n<p>En g\u00e9n\u00e9ral, les cookies ne stockent pas d'informations sensibles vous concernant, telles que des donn\u00e9es de carte de cr\u00e9dit ou de banque, des photographies, votre carte d'identit\u00e9 ou des informations personnelles, etc. Les donn\u00e9es qu'ils stockent sont de nature technique, des pr\u00e9f\u00e9rences personnelles, la personnalisation du contenu, etc. Ce n'est pas le serveur web qui vous associe en tant que personne mais votre navigateur web. En fait, si vous naviguez habituellement avec Internet Explorer et que vous essayez de naviguer sur le m\u00eame site web avec Firefox ou Chrome, vous verrez que le web ne se rend pas compte que vous \u00eates la m\u00eame personne car il associe en fait le navigateur et non la personne.<\/p>\n\n\n\n<p class=\"has-secondary-color has-text-color\">Quels types de cookies existe-t-il ?<\/p>\n\n\n\n<ul class=\"wp-block-list\">\n<li>Selon l'entit\u00e9 qui les g\u00e8re<\/li>\n<\/ul>\n\n\n\n<ul class=\"wp-block-list\">\n<li><strong>Propres cookies<\/strong>sont ceux qui sont envoy\u00e9s \u00e0 votre ordinateur depuis nos propres ordinateurs ou domaines et \u00e0 partir desquels nous fournissons le service que vous demandez.<\/li>\n<\/ul>\n\n\n\n<ul class=\"wp-block-list\">\n<li><strong>Cookies de tiers<\/strong>sont ceux qui sont envoy\u00e9s \u00e0 votre ordinateur depuis un ordinateur ou un domaine qui n'est pas g\u00e9r\u00e9 par nous, mais par une autre entit\u00e9 collaboratrice. Par exemple, ceux utilis\u00e9s par les r\u00e9seaux sociaux, ou des contenus externes tels que Google Maps.<\/li>\n<\/ul>\n\n\n\n<ul class=\"wp-block-list\">\n<li>Selon le temps qu'ils restent activ\u00e9s<\/li>\n<\/ul>\n\n\n\n<ul class=\"wp-block-list\">\n<li><strong>Cookies de session<\/strong>Cookies temporaires : il s'agit de cookies temporaires qui restent dans le fichier de cookies de votre navigateur jusqu'\u00e0 ce que vous quittiez le site web, de sorte qu'aucun d'entre eux n'est stock\u00e9 sur le disque dur de votre ordinateur. Les informations obtenues gr\u00e2ce \u00e0 ces cookies sont utilis\u00e9es pour analyser les mod\u00e8les de trafic web. En fin de compte, cela nous permet d'offrir une meilleure exp\u00e9rience pour am\u00e9liorer le contenu et le rendre plus facile \u00e0 utiliser.<\/li>\n<\/ul>\n\n\n\n<ul class=\"wp-block-list\">\n<li><strong>Cookies persistants<\/strong>Les cookies sont stock\u00e9s sur votre disque dur et sont lus par notre site web chaque fois que vous le visitez. Un cookie permanent a une date d'expiration sp\u00e9cifique. Le cookie cessera de fonctionner apr\u00e8s cette date ou lorsque vous le supprimerez. Nous utilisons g\u00e9n\u00e9ralement ces cookies pour faciliter les services d'achat et d'enregistrement.<\/li>\n<\/ul>\n\n\n\n<ul class=\"wp-block-list\">\n<li>En fonction de leur objectif<\/li>\n<\/ul>\n\n\n\n<ul class=\"wp-block-list\">\n<li><strong>Cookies n\u00e9cessaires<\/strong>cookies : il s'agit de cookies qui contribuent \u00e0 rendre un site web utilisable en permettant des fonctions de base telles que la navigation dans les pages et l'acc\u00e8s aux zones s\u00e9curis\u00e9es du site web. Le site web ne peut pas fonctionner correctement sans ces cookies.<\/li>\n<\/ul>\n\n\n\n<ul class=\"wp-block-list\">\n<li><strong>Cookies techniques<\/strong>Les cookies : sont ceux qui permettent \u00e0 l'utilisateur de naviguer sur un site web, une plateforme ou une application et d'utiliser les diff\u00e9rentes options ou services qui y existent, comme, par exemple, le contr\u00f4le du trafic et de la communication des donn\u00e9es, l'identification de la session, l'acc\u00e8s aux zones d'acc\u00e8s restreint, la m\u00e9morisation des \u00e9l\u00e9ments qui composent une commande, la r\u00e9alisation du processus d'achat d'une commande, la demande d'inscription ou la participation \u00e0 un \u00e9v\u00e9nement, l'utilisation d'\u00e9l\u00e9ments de s\u00e9curit\u00e9 pendant la navigation, le stockage de contenus pour la diffusion de vid\u00e9os ou de sons ou le partage de contenus \u00e0 travers les r\u00e9seaux sociaux.<\/li>\n<\/ul>\n\n\n\n<ul class=\"wp-block-list\">\n<li><strong>Cookies de personnalisation<\/strong>Ce sont celles qui permettent \u00e0 l'utilisateur d'acc\u00e9der au service avec certaines caract\u00e9ristiques g\u00e9n\u00e9rales pr\u00e9d\u00e9finies en fonction d'une s\u00e9rie de crit\u00e8res dans le terminal de l'utilisateur, comme la langue, le type de navigateur \u00e0 travers lequel l'utilisateur acc\u00e8de au service, la configuration r\u00e9gionale depuis laquelle l'utilisateur acc\u00e8de au service, etc.<\/li>\n<\/ul>\n\n\n\n<ul class=\"wp-block-list\">\n<li><strong>Cookies d'analyse<\/strong>Cookies : sont ceux qui permettent l'\u00c9diteur de la m\u00eame, le suivi et l'analyse du comportement des utilisateurs des sites web auxquels ils sont li\u00e9s. Les informations recueillies par ce type de cookies sont utilis\u00e9es pour mesurer l'activit\u00e9 des sites web, de l'application ou de la plateforme et pour l'\u00e9laboration de profils de navigation des utilisateurs de ces sites, applications et plateformes, afin d'introduire des am\u00e9liorations bas\u00e9es sur l'analyse des donn\u00e9es sur l'utilisation faite par les utilisateurs du service.<\/li>\n<\/ul>\n\n\n\n<ul class=\"wp-block-list\">\n<li><strong>Cookies publicitaires<\/strong>Ce sont celles qui permettent de g\u00e9rer, de la mani\u00e8re la plus efficace possible, les espaces publicitaires que, le cas \u00e9ch\u00e9ant, l'\u00e9diteur a inclus sur un site web, une application ou une plateforme \u00e0 partir desquels il fournit le service demand\u00e9, en fonction de crit\u00e8res tels que le contenu \u00e9dit\u00e9 ou la fr\u00e9quence d'affichage des publicit\u00e9s.<\/li>\n<\/ul>\n\n\n\n<ul class=\"wp-block-list\">\n<li><strong>Cookies de publicit\u00e9 comportementale<\/strong>cookies : sont ceux qui permettent la gestion, de la mani\u00e8re la plus efficace possible, des espaces publicitaires que, le cas \u00e9ch\u00e9ant, l'\u00e9diteur a inclus sur un site web, une application ou une plateforme \u00e0 partir de laquelle le service demand\u00e9 est fourni. Ces cookies stockent des informations sur le comportement des utilisateurs obtenues par l'observation continue de leurs habitudes de navigation, ce qui permet de d\u00e9velopper un profil sp\u00e9cifique pour afficher des publicit\u00e9s bas\u00e9es sur le m\u00eame, sur la base d'une d\u00e9cision automatis\u00e9e.<\/li>\n<\/ul>\n\n\n\n<p class=\"has-primary-color has-text-color has-x-large-font-size\">Objectif de chacun des cookies utilis\u00e9s<\/p>\n\n\n\n<p>Nous d\u00e9taillons ci-dessous les cookies utilis\u00e9s sur notre site web et leur objectif.<\/p>\n\n\n\n<p class=\"has-secondary-color has-text-color\">Propres cookies<\/p>\n\n\n\n<figure class=\"wp-block-table is-style-regular has-small-font-size\"><table class=\"has-border-color has-tertiary-border-color\"><tbody><tr><td>Fournisseur<\/td><td>Nom<\/td><td>Type<\/td><td>Cat\u00e9gorie<\/td><td>Description<\/td><td>Date d'expiration<\/td><\/tr><tr><td>exceltic.com<\/td><td>_ga<\/td><td>HTTP<\/td><td>Statistiques<\/td><td>Il enregistre un identifiant unique qui est utilis\u00e9 pour g\u00e9n\u00e9rer des donn\u00e9es statistiques sur la fa\u00e7on dont le visiteur utilise le site web.<\/td><td>2 ans<\/td><\/tr><tr><td>exceltic.com<\/td><td>_gat<\/td><td>HTTP<\/td><td>Statistiques<\/td><td>Utilis\u00e9 par Google Analytics pour surveiller les taux de demande<\/td><td>1 jour<\/td><\/tr><tr><td>exceltic.com<\/td><td>_gid<\/td><td>HTTP<\/td><td>Statistiques<\/td><td>Il enregistre un identifiant unique qui est utilis\u00e9 pour g\u00e9n\u00e9rer des donn\u00e9es statistiques sur la fa\u00e7on dont le visiteur utilise le site web.<\/td><td>1 jour<\/td><\/tr><tr><td>carri\u00e8res.exceltic.com<\/td><td>ASP.NET_SessionId<\/td><td>HTTP<\/td><td>N\u00e9cessaire<\/td><td>Conserver les statuts de l'utilisateur pour toutes les demandes de la page.<\/td><td>Session<\/td><\/tr><tr><td>carri\u00e8res.exceltic.com<\/td><td>ASPSESSIONID<strong>#<\/strong><\/td><td>HTTP<\/td><td>N\u00e9cessaire<\/td><td>Conserver les statuts de l'utilisateur pour toutes les demandes de la page.<\/td><td>Session<\/td><\/tr><\/tbody><\/table><\/figure>\n\n\n\n<p class=\"has-secondary-color has-text-color\">Cookies de tiers<\/p>\n\n\n\n<figure class=\"wp-block-table is-style-regular has-small-font-size\"><table class=\"has-border-color has-tertiary-border-color\"><tbody><tr><td>Fournisseur<\/td><td>Nom<\/td><td>Type<\/td><td>Cat\u00e9gorie<\/td><td>Description<\/td><td>Date d'expiration<\/td><\/tr><tr><td>cdn.syndication.twimg.com<\/td><td>Lang<\/td><td>HTTP<\/td><td>Pr\u00e9f\u00e9rences<\/td><td>Il m\u00e9morise la langue s\u00e9lectionn\u00e9e par un utilisateur pour afficher une page web.<\/td><td>Session<\/td><\/tr><tr><td>twitter.com<\/td><td>__widgetsettings<\/td><td>HTML<\/td><td>Marketing<\/td><td>Utilis\u00e9 par Twitter pour \u00e9tablir des statistiques<\/td><td>Persistant<\/td><\/tr><tr><td>twitter.com<\/td><td>Local_storage<br>_support_test<\/td><td>HTML<\/td><td>Marketing<\/td><td>Le cookie est utilis\u00e9 en relation avec la fonction de stockage local du navigateur. Cette fonction permet au site web de se charger plus rapidement en pr\u00e9chargeant certaines proc\u00e9dures.<\/td><td>Persistant<\/td><\/tr><tr><td>doubleclick.net<\/td><td>IDE<\/td><td>HTML<\/td><td>Marketing<\/td><td>Utilis\u00e9 par Google DoubleClick pour enregistrer et rapporter les actions de l'utilisateur sur le site web apr\u00e8s avoir vu ou cliqu\u00e9 sur l'une des annonces de l'annonceur dans le but de mesurer l'efficacit\u00e9 d'une annonce et de pr\u00e9senter des annonces cibl\u00e9es \u00e0 l'utilisateur.<\/td><td>1 an<\/td><\/tr><tr><td>doubleclick.net<\/td><td>test_cookie<\/td><td>HTTP<\/td><td>Marketing<\/td><td>Utilis\u00e9 pour v\u00e9rifier si le navigateur de l'utilisateur accepte les cookies.<\/td><td>1 an<\/td><\/tr><tr><td>youtube.com<\/td><td>GPS<\/td><td>HTTP<\/td><td>Marketing<\/td><td>Enregistre un identifiant unique sur les appareils mobiles pour permettre le suivi de la g\u00e9olocalisation par GPS.<\/td><td>1 jour<\/td><\/tr><tr><td>youtube.com<\/td><td>PREF<\/td><td>HTML<\/td><td>Marketing<\/td><td>Il enregistre un identifiant unique utilis\u00e9 par Google pour \u00e9tablir des statistiques sur l'utilisation des vid\u00e9os YouTube par les visiteurs de diff\u00e9rents sites Web.<\/td><td>8 mois<\/td><\/tr><tr><td>youtube.com<\/td><td>VISITEUR_INFO1<br>VIVRE<\/td><td>HTTP<\/td><td>Marketing<\/td><td>Cookie qui garde la trace des vid\u00e9os visit\u00e9es int\u00e9gr\u00e9es dans le site web.<\/td><td>179 jours<\/td><\/tr><tr><td>youtube.com<\/td><td>YSC<\/td><td>HTTP<\/td><td>Marketing<\/td><td>Cookie qui mesure le nombre de visionnages de vid\u00e9os effectu\u00e9s par l'utilisateur afin de tenir des statistiques.<\/td><td>Session<\/td><\/tr><tr><td>youtube.com<\/td><td>yt-remote-cast-installed<\/td><td>HTML<\/td><td>Marketing<\/td><td>Enregistre les pr\u00e9f\u00e9rences de l'utilisateur en mati\u00e8re de lecteur vid\u00e9o lorsqu'il regarde des vid\u00e9os YouTube int\u00e9gr\u00e9es.<\/td><td>Session<\/td><\/tr><tr><td>youtube.com<\/td><td>yt-remote-connected-devices<\/td><td>HTML<\/td><td>Marketing<\/td><td>Enregistre les pr\u00e9f\u00e9rences de l'utilisateur en mati\u00e8re de lecteur vid\u00e9o lorsqu'il regarde des vid\u00e9os YouTube int\u00e9gr\u00e9es.<\/td><td>Persistant<\/td><\/tr><tr><td>youtube.com<\/td><td>yt-remote-device-id<\/td><td>HTML<\/td><td>Marketing<\/td><td>Enregistre les pr\u00e9f\u00e9rences de l'utilisateur en mati\u00e8re de lecteur vid\u00e9o lorsqu'il regarde des vid\u00e9os YouTube int\u00e9gr\u00e9es.<\/td><td>Persistant<\/td><\/tr><tr><td>youtube.com<\/td><td>yt-remote-fast-check-period<\/td><td>HTML<\/td><td>Marketing<\/td><td>Enregistre les pr\u00e9f\u00e9rences de l'utilisateur en mati\u00e8re de lecteur vid\u00e9o lorsqu'il regarde des vid\u00e9os YouTube int\u00e9gr\u00e9es.<\/td><td>Session<\/td><\/tr><tr><td>youtube.com<\/td><td>yt-remote-session-app<\/td><td>HTML<\/td><td>Marketing<\/td><td>Enregistre les pr\u00e9f\u00e9rences de l'utilisateur en mati\u00e8re de lecteur vid\u00e9o lorsqu'il regarde des vid\u00e9os YouTube int\u00e9gr\u00e9es.<\/td><td>Session<\/td><\/tr><tr><td>youtube.com<\/td><td>yt-remote-session-name<\/td><td>HTML<\/td><td>Marketing<\/td><td>Enregistre les pr\u00e9f\u00e9rences de l'utilisateur en mati\u00e8re de lecteur vid\u00e9o lorsqu'il regarde des vid\u00e9os YouTube int\u00e9gr\u00e9es.<\/td><td>Session<\/td><\/tr><\/tbody><\/table><\/figure>\n\n\n\n<p class=\"has-primary-color has-text-color has-x-large-font-size\">Comment nous obtenons votre consentement \u00e0 l'installation de cookies et comment vous pouvez le r\u00e9voquer.<\/p>\n\n\n\n<p>Lorsque vous acc\u00e9dez au site web pour la premi\u00e8re fois, vous recevrez un avis sur l'utilisation des cookies. Dans cette premi\u00e8re couche, vous serez inform\u00e9 du type de cookies que nous utilisons, des fins pour lesquelles nous les utilisons, et vous recevrez un lien vers la pr\u00e9sente politique en mati\u00e8re de cookies, o\u00f9 vous pourrez trouver des informations plus d\u00e9taill\u00e9es. Si vous poursuivez votre navigation, vous consentez \u00e0 ce que nous installions des cookies comme d\u00e9crit dans cette politique.<\/p>\n\n\n\n<p class=\"has-primary-color has-text-color has-x-large-font-size\">Comment r\u00e9voquer ou d\u00e9sactiver les cookies dans le navigateur ?<\/p>\n\n\n\n<p>La plupart des navigateurs permettent aujourd'hui \u00e0 l'utilisateur de configurer l'acceptation ou non des cookies, ainsi que leur nature. Ces param\u00e8tres se trouvent g\u00e9n\u00e9ralement dans le menu \"options\" ou \"pr\u00e9f\u00e9rences\" de votre navigateur.<\/p>\n\n\n\n<p>Voici les instructions pour configurer les cookies dans les principaux navigateurs :<\/p>\n\n\n\n<ul class=\"wp-block-list\">\n<li><strong>Chrome<\/strong>: Param\u00e8tres &gt; Afficher les options avanc\u00e9es &gt; Confidentialit\u00e9 &gt; Param\u00e8tres de contenu. Pour plus d'informations, vous pouvez consulter le support Google ou l'aide du navigateur.<\/li>\n<\/ul>\n\n\n\n<ul class=\"wp-block-list\">\n<li><strong>Firefox<\/strong>: Outils &gt; Options &gt; Confidentialit\u00e9 &gt; Historique &gt; Param\u00e8tres personnalis\u00e9s. Pour plus d'informations, vous pouvez consulter l'assistance Mozilla ou l'aide du navigateur.<\/li>\n<\/ul>\n\n\n\n<ul class=\"wp-block-list\">\n<li><strong>Internet Explorer<\/strong>Outils &gt; Options Internet &gt; Confidentialit\u00e9 &gt; Param\u00e8tres. Pour plus d'informations, vous pouvez consulter le support Microsoft ou l'aide du navigateur.<\/li>\n<\/ul>\n\n\n\n<ul class=\"wp-block-list\">\n<li><strong>Safari<\/strong>Pr\u00e9f\u00e9rences &gt; S\u00e9curit\u00e9. Pour plus d'informations, vous pouvez consulter l'assistance Apple ou l'aide du navigateur.<\/li>\n<\/ul>\n\n\n\n<p>Si vous avez des questions sur notre utilisation des cookies ou sur la configuration ou la r\u00e9vocation du consentement, vous pouvez nous contacter en nous envoyant un courrier \u00e9lectronique \u00e0 l'adresse suivante <a href=\"mailto:privacidad@exceltic.com\">privacidad@exceltic.com<\/a>.<\/p>\n\n\n\n<p class=\"has-text-align-right\">Derni\u00e8re modification : 23 octobre 2019<\/p>","protected":false},"excerpt":{"rendered":"<p>Que sont les cookies et pourquoi nous les utilisons Le site web https:\/\/exceltic.com\/ est sous la responsabilit\u00e9 d'EXCELTIC, S.L. dont l'adresse est Calle de los Hermanos Garc\u00eda Noblejas 41 1\u00baPlanta 28037 Madrid et l'adresse \u00e9lectronique privacidad@exceltic.com. Chez Exceltic, nous utilisons des cookies afin de vous fournir un meilleur service et de vous offrir une meilleure exp\u00e9rience sur notre site web.<\/p>","protected":false},"author":1,"featured_media":0,"parent":0,"menu_order":0,"comment_status":"closed","ping_status":"closed","template":"politica-de-cookies","meta":{"footnotes":""},"class_list":["post-830","page","type-page","status-publish","hentry"],"yoast_head":"<!-- This site is optimized with the Yoast SEO plugin v26.9 - https:\/\/yoast.com\/product\/yoast-seo-wordpress\/ -->\n<title>Pol\u00edtica de cookies -<\/title>\n<meta name=\"robots\" content=\"noindex, nofollow\" \/>\n<meta property=\"og:locale\" content=\"fr_FR\" \/>\n<meta property=\"og:type\" content=\"article\" \/>\n<meta property=\"og:title\" content=\"Pol\u00edtica de cookies -\" \/>\n<meta property=\"og:description\" content=\"Qu\u00e9 son las cookies y por qu\u00e9 las utilizamos La p\u00e1gina web https:\/\/exceltic.com\/ es responsabilidad de EXCELTIC, S.L. con domicilio en Calle de los Hermanos Garc\u00eda Noblejas 41 1\u00baPlanta 28037 Madrid y direcci\u00f3n de correo electr\u00f3nico privacidad@exceltic.com En Exceltic utilizamos cookies con el objetivo de prestar un mejor servicio y proporcionarte una mejor experiencia en [&hellip;]\" \/>\n<meta property=\"og:url\" content=\"https:\/\/exceltic.serquo.com\/fr\/politique-en-matiere-de-cookies\/\" \/>\n<meta property=\"article:publisher\" content=\"https:\/\/www.facebook.com\/exceltic\/\" \/>\n<meta property=\"article:modified_time\" content=\"2025-05-19T09:49:49+00:00\" \/>\n<meta name=\"twitter:card\" content=\"summary_large_image\" \/>\n<meta name=\"twitter:site\" content=\"@exceltic\" \/>\n<meta name=\"twitter:label1\" content=\"Dur\u00e9e de lecture estim\u00e9e\" \/>\n\t<meta name=\"twitter:data1\" content=\"8 minutes\" \/>\n<script type=\"application\/ld+json\" class=\"yoast-schema-graph\">{\"@context\":\"https:\/\/schema.org\",\"@graph\":[{\"@type\":\"WebPage\",\"@id\":\"https:\/\/exceltic.serquo.com\/politica-de-cookies\/\",\"url\":\"https:\/\/exceltic.serquo.com\/politica-de-cookies\/\",\"name\":\"Pol\u00edtica de cookies -\",\"isPartOf\":{\"@id\":\"https:\/\/exceltic.serquo.com\/#website\"},\"datePublished\":\"2022-04-22T10:22:14+00:00\",\"dateModified\":\"2025-05-19T09:49:49+00:00\",\"breadcrumb\":{\"@id\":\"https:\/\/exceltic.serquo.com\/politica-de-cookies\/#breadcrumb\"},\"inLanguage\":\"fr-FR\",\"potentialAction\":[{\"@type\":\"ReadAction\",\"target\":[\"https:\/\/exceltic.serquo.com\/politica-de-cookies\/\"]}]},{\"@type\":\"BreadcrumbList\",\"@id\":\"https:\/\/exceltic.serquo.com\/politica-de-cookies\/#breadcrumb\",\"itemListElement\":[{\"@type\":\"ListItem\",\"position\":1,\"name\":\"Portada\",\"item\":\"https:\/\/exceltic.serquo.com\/\"},{\"@type\":\"ListItem\",\"position\":2,\"name\":\"Pol\u00edtica de cookies\"}]},{\"@type\":\"WebSite\",\"@id\":\"https:\/\/exceltic.serquo.com\/#website\",\"url\":\"https:\/\/exceltic.serquo.com\/\",\"name\":\"\",\"description\":\"Ingenier\u00eda y Consultor\u00eda\",\"potentialAction\":[{\"@type\":\"SearchAction\",\"target\":{\"@type\":\"EntryPoint\",\"urlTemplate\":\"https:\/\/exceltic.serquo.com\/?s={search_term_string}\"},\"query-input\":{\"@type\":\"PropertyValueSpecification\",\"valueRequired\":true,\"valueName\":\"search_term_string\"}}],\"inLanguage\":\"fr-FR\"}]}<\/script>\n<!-- \/ Yoast SEO plugin. -->","yoast_head_json":{"title":"Politique en mati\u00e8re de cookies -","robots":{"index":"noindex","follow":"nofollow"},"og_locale":"fr_FR","og_type":"article","og_title":"Pol\u00edtica de cookies -","og_description":"Qu\u00e9 son las cookies y por qu\u00e9 las utilizamos La p\u00e1gina web https:\/\/exceltic.com\/ es responsabilidad de EXCELTIC, S.L. con domicilio en Calle de los Hermanos Garc\u00eda Noblejas 41 1\u00baPlanta 28037 Madrid y direcci\u00f3n de correo electr\u00f3nico privacidad@exceltic.com En Exceltic utilizamos cookies con el objetivo de prestar un mejor servicio y proporcionarte una mejor experiencia en [&hellip;]","og_url":"https:\/\/exceltic.serquo.com\/fr\/politique-en-matiere-de-cookies\/","article_publisher":"https:\/\/www.facebook.com\/exceltic\/","article_modified_time":"2025-05-19T09:49:49+00:00","twitter_card":"summary_large_image","twitter_site":"@exceltic","twitter_misc":{"Dur\u00e9e de lecture estim\u00e9e":"8 minutes"},"schema":{"@context":"https:\/\/schema.org","@graph":[{"@type":"WebPage","@id":"https:\/\/exceltic.serquo.com\/politica-de-cookies\/","url":"https:\/\/exceltic.serquo.com\/politica-de-cookies\/","name":"Politique en mati\u00e8re de cookies -","isPartOf":{"@id":"https:\/\/exceltic.serquo.com\/#website"},"datePublished":"2022-04-22T10:22:14+00:00","dateModified":"2025-05-19T09:49:49+00:00","breadcrumb":{"@id":"https:\/\/exceltic.serquo.com\/politica-de-cookies\/#breadcrumb"},"inLanguage":"fr-FR","potentialAction":[{"@type":"ReadAction","target":["https:\/\/exceltic.serquo.com\/politica-de-cookies\/"]}]},{"@type":"BreadcrumbList","@id":"https:\/\/exceltic.serquo.com\/politica-de-cookies\/#breadcrumb","itemListElement":[{"@type":"ListItem","position":1,"name":"Portada","item":"https:\/\/exceltic.serquo.com\/"},{"@type":"ListItem","position":2,"name":"Pol\u00edtica de cookies"}]},{"@type":"WebSite","@id":"https:\/\/exceltic.serquo.com\/#website","url":"https:\/\/exceltic.serquo.com\/","name":"","description":"Ing\u00e9nierie et conseil","potentialAction":[{"@type":"SearchAction","target":{"@type":"EntryPoint","urlTemplate":"https:\/\/exceltic.serquo.com\/?s={search_term_string}"},"query-input":{"@type":"PropertyValueSpecification","valueRequired":true,"valueName":"search_term_string"}}],"inLanguage":"fr-FR"}]}},"_links":{"self":[{"href":"https:\/\/exceltic.serquo.com\/fr\/wp-json\/wp\/v2\/pages\/830","targetHints":{"allow":["GET"]}}],"collection":[{"href":"https:\/\/exceltic.serquo.com\/fr\/wp-json\/wp\/v2\/pages"}],"about":[{"href":"https:\/\/exceltic.serquo.com\/fr\/wp-json\/wp\/v2\/types\/page"}],"author":[{"embeddable":true,"href":"https:\/\/exceltic.serquo.com\/fr\/wp-json\/wp\/v2\/users\/1"}],"replies":[{"embeddable":true,"href":"https:\/\/exceltic.serquo.com\/fr\/wp-json\/wp\/v2\/comments?post=830"}],"version-history":[{"count":12,"href":"https:\/\/exceltic.serquo.com\/fr\/wp-json\/wp\/v2\/pages\/830\/revisions"}],"predecessor-version":[{"id":2403,"href":"https:\/\/exceltic.serquo.com\/fr\/wp-json\/wp\/v2\/pages\/830\/revisions\/2403"}],"wp:attachment":[{"href":"https:\/\/exceltic.serquo.com\/fr\/wp-json\/wp\/v2\/media?parent=830"}],"curies":[{"name":"wp","href":"https:\/\/api.w.org\/{rel}","templated":true}]}}