{"id":834,"date":"2022-04-22T10:22:14","date_gmt":"2022-04-22T10:22:14","guid":{"rendered":"https:\/\/exceltic.serquo.com\/?page_id=834"},"modified":"2025-05-19T11:01:02","modified_gmt":"2025-05-19T09:01:02","slug":"politique-de-confidentialite","status":"publish","type":"page","link":"https:\/\/exceltic.serquo.com\/fr\/politique-de-confidentialite\/","title":{"rendered":"Politique de confidentialit\u00e9"},"content":{"rendered":"<p class=\"has-primary-color has-text-color has-x-large-font-size\">Responsable<\/p>\n\n\n\n<p class=\"has-secondary-color has-text-color has-medium-font-size\">Qui est le responsable du traitement de vos donn\u00e9es ?<\/p>\n\n\n\n<p><strong>Identit\u00e9 : EXCELTIC, S.L.<br>Adresse postale : Calle de los Hermanos Garc\u00eda Noblejas 41 1\u00baPlanta 28037 Madrid<br>T\u00e9l\u00e9phone : 91 7875720<br>Contact : privacidad@exceltic.com<\/strong><\/p>\n\n\n\n<p class=\"has-primary-color has-text-color has-x-large-font-size\">Objectifs<\/p>\n\n\n\n<p class=\"has-secondary-color has-text-color has-medium-font-size\">\u00c0 quelles fins traitons-nous vos donn\u00e9es personnelles ?<\/p>\n\n\n\n<p>Chez EXCELTIC S.L. nous traitons les informations qui nous sont fournies par les personnes int\u00e9ress\u00e9es afin de g\u00e9rer correctement le service demand\u00e9. Dans ce sens, les donn\u00e9es que vous nous fournissez aussi bien lorsque vous cr\u00e9ez votre compte avec nous que lorsque vous cr\u00e9ez votre profil seront trait\u00e9es dans les buts suivants :<\/p>\n\n\n\n<ul class=\"wp-block-list\">\n<li>Pour vous offrir nos services de recherche et de s\u00e9lection ainsi que des services connexes afin de faciliter le processus.<\/li>\n<\/ul>\n\n\n\n<ul class=\"wp-block-list\">\n<li>G\u00e9rer les demandes faites par le biais du site web, soit au moyen d'un formulaire de contact ou de tout autre type de formulaire en ligne, soit au moyen d'une demande par courrier \u00e9lectronique. Ces demandes peuvent \u00eatre, mais ne sont pas limit\u00e9es \u00e0,<\/li>\n<\/ul>\n\n\n\n<ul class=\"wp-block-list\">\n<li>R\u00e9pondre \u00e0 une demande d'informations commerciales, afin de pouvoir r\u00e9pondre \u00e0 vos requ\u00eates ou questions.<\/li>\n<\/ul>\n\n\n\n<p>Demande d'emploi :<\/p>\n\n\n\n<ul class=\"wp-block-list\">\n<li>Pour que vous puissiez nous envoyer votre CV ou cr\u00e9er des alertes d'emploi afin que nous puissions vous avertir lorsque des postes sont vacants.<\/li>\n<\/ul>\n\n\n\n<ul class=\"wp-block-list\">\n<li>Pour que vous puissiez postuler \u00e0 des emplois et que nous puissions envoyer votre profil \u00e0 nos clients.<\/li>\n<\/ul>\n\n\n\n<ul class=\"wp-block-list\">\n<li>Faire correspondre vos donn\u00e9es avec les offres d'emploi qui correspondent \u00e0 votre profil afin d'\u00e9valuer votre candidature.<\/li>\n<\/ul>\n\n\n\n<ul class=\"wp-block-list\">\n<li>L'inscription aux bulletins d'information de l'entreprise et vous informer des derni\u00e8res nouvelles du secteur et nous pouvons vous envoyer des informations sur les \u00e9v\u00e9nements, les promotions et les concours. ainsi que toute autre interaction entre l'utilisateur du site Web EXCELTIC S.L. qui tend \u00e0 satisfaire le besoin de l'utilisateur. Toutes les donn\u00e9es demand\u00e9es sont n\u00e9cessaires pour pouvoir traiter la demande.<\/li>\n<\/ul>\n\n\n\n<p>De m\u00eame, les donn\u00e9es fournies seront \u00e9galement trait\u00e9es pour vous envoyer des informations commerciales sur nos produits et services susceptibles de vous int\u00e9resser, par courrier postal, courrier \u00e9lectronique, SMS, ou tout autre moyen de communication \u00e9lectronique \u00e9quivalent. Dans le cas o\u00f9 vous ne souhaiteriez pas recevoir de communications commerciales, vous aurez la possibilit\u00e9 de vous opposer \u00e0 la r\u00e9ception de communications commerciales en ne cochant pas la case correspondante sur le formulaire d'information ou de contact lui-m\u00eame, ou encore en exer\u00e7ant votre droit d'opposition \u00e0 l'adresse susmentionn\u00e9e.<\/p>\n\n\n\n<p class=\"has-secondary-color has-text-color\">Que devez-vous nous garantir lorsque vous nous fournissez vos donn\u00e9es personnelles ?<\/p>\n\n\n\n<ul class=\"wp-block-list\">\n<li>L'utilisateur garantit que les donn\u00e9es personnelles fournies sont vraies, exactes, compl\u00e8tes et \u00e0 jour. L'utilisateur est responsable de tout dommage, direct ou indirect, caus\u00e9 par le non-respect de cette obligation.<\/li>\n<\/ul>\n\n\n\n<ul class=\"wp-block-list\">\n<li>Dans le cas o\u00f9 l'utilisateur fournit des donn\u00e9es personnelles de tiers, l'utilisateur garantit avoir inform\u00e9 ces tiers du contenu de la pr\u00e9sente politique et avoir obtenu leur consentement pr\u00e9alable pour nous fournir leurs donn\u00e9es aux fins du traitement en question.<\/li>\n<\/ul>\n\n\n\n<ul class=\"wp-block-list\">\n<li>Pour fournir vos donn\u00e9es personnelles, vous devez \u00eatre \u00e2g\u00e9 de plus de 16 ans. Les utilisateurs qui fournissent des donn\u00e9es personnelles par le biais de nos sites web d\u00e9clarent et garantissent qu'ils ont plus de 16 ans et sont pleinement responsables de cette d\u00e9claration.<\/li>\n<\/ul>\n\n\n\n<ul class=\"wp-block-list\">\n<li>L'utilisateur d\u00e9clare que toutes les informations fournies par lui sont vraies et correctes, et s'engage \u00e0 les maintenir \u00e0 jour, en communiquant tout changement \u00e0 Exceltic S.L. EXCELTIC S.L. sera exempt de toute responsabilit\u00e9 pour le non-respect de ces exigences par l'utilisateur.<\/li>\n<\/ul>\n\n\n\n<p class=\"has-secondary-color has-text-color\">Combien de temps conservons-nous vos donn\u00e9es ?<\/p>\n\n\n\n<p>Vos donn\u00e9es seront conserv\u00e9es pendant toute la dur\u00e9e de la relation contractuelle et commerciale avec nous, aussi longtemps que vous demanderez leur suppression, ainsi que pendant le temps n\u00e9cessaire pour respecter les obligations l\u00e9gales en cas de r\u00e9clamation que nous pourrions recevoir d'organismes officiels.<\/p>\n\n\n\n<p>Les donn\u00e9es personnelles fournies dans le but de participer au processus de s\u00e9lection seront conserv\u00e9es pendant une p\u00e9riode de 5 ans \u00e0 compter de la derni\u00e8re confirmation d'int\u00e9r\u00eat. Apr\u00e8s cette p\u00e9riode, vos donn\u00e9es seront supprim\u00e9es. Si vous \u00eates toujours int\u00e9ress\u00e9 par la participation \u00e0 nos processus de s\u00e9lection, vous devez nous envoyer vos donn\u00e9es actualis\u00e9es.<\/p>\n\n\n\n<p class=\"has-secondary-color has-text-color\">Quelle est la l\u00e9gitimit\u00e9 du traitement de vos donn\u00e9es ?<\/p>\n\n\n\n<p>La base juridique du traitement de vos donn\u00e9es est l'ex\u00e9cution de la relation commerciale \u00e0 laquelle vous \u00eates partie, afin que nous puissions g\u00e9rer, d\u00e9velopper et contr\u00f4ler la relation commerciale et contractuelle correspondante. Toutes les donn\u00e9es que nous vous demandons sont obligatoires, de sorte que le d\u00e9faut de fourniture de certaines d'entre elles peut rendre impossible la prestation des services que nous offrons \u00e0 travers notre site web.<\/p>\n\n\n\n<p>En ce qui concerne l'envoi de communications commerciales par voie \u00e9lectronique - en raison d'une relation contractuelle ant\u00e9rieure - la base juridique est l'int\u00e9r\u00eat l\u00e9gitime d'EXCELTIC S.L. en vertu de l'article 21.2 de la Loi sur les services de la soci\u00e9t\u00e9 de l'information (Ley de Servicios de la Sociedad de la Informaci\u00f3n).<\/p>\n\n\n\n<p>En ce qui concerne l'envoi de communications commerciales par tout moyen, y compris \u00e9lectronique - en dehors de toute relation contractuelle, mais sur la base d'un int\u00e9r\u00eat l\u00e9gitime puisque vous vous adressez \u00e0 l'entit\u00e9 - la base l\u00e9gale est le consentement que nous vous demandons \u00e0 ce moment-l\u00e0 et que vous accordez librement. Dans le cas o\u00f9 votre consentement ne serait pas obtenu, EXCELTIC S.L. s'engage \u00e0 ne pas traiter vos donn\u00e9es \u00e0 des fins publicitaires.<\/p>\n\n\n\n<p>En ce qui concerne le traitement li\u00e9 \u00e0 la gestion des candidatures dans les processus de s\u00e9lection ouverts dans l'entit\u00e9, la base juridique du traitement de vos donn\u00e9es est le consentement expr\u00e8s de la partie int\u00e9ress\u00e9e ainsi que l'int\u00e9r\u00eat l\u00e9gitime qui d\u00e9coule de votre propre initiative d'envoyer votre CV. De m\u00eame, dans le cas o\u00f9 la gestion correcte de la candidature requiert le transfert de vos donn\u00e9es personnelles \u00e0 des tiers, par exemple des clients, nous vous demanderons toujours votre consentement expr\u00e8s.<\/p>\n\n\n\n<p class=\"has-secondary-color has-text-color\">Quelle est l'origine des donn\u00e9es ?<\/p>\n\n\n\n<p>Exceltic collecte des donn\u00e9es personnelles directement aupr\u00e8s de vous. Par exemple, nous collectons des donn\u00e9es personnelles lorsque :<\/p>\n\n\n\n<ul class=\"wp-block-list\">\n<li>Vous contactez un membre d'Exceltic, par t\u00e9l\u00e9phone, lettre, fax, email ou via notre site web.<\/li>\n<\/ul>\n\n\n\n<ul class=\"wp-block-list\">\n<li>Vous postulez \u00e0 un emploi ou enregistrez votre CV sur notre site web.<\/li>\n<\/ul>\n\n\n\n<ul class=\"wp-block-list\">\n<li>Vous remplissez et nous envoyez un formulaire d'inscription.<\/li>\n<\/ul>\n\n\n\n<ul class=\"wp-block-list\">\n<li>Vous nous envoyez toute autre information en rapport avec votre candidature ou votre inscription \u00e0 un emploi.<\/li>\n<\/ul>\n\n\n\n<p>Vos donn\u00e9es personnelles peuvent \u00e9galement \u00eatre collect\u00e9es par des tiers qu'Exceltic contacte \u00e0 des fins de v\u00e9rification. Dans ce cas, vous garantissez avoir inform\u00e9 ces tiers du contenu de la pr\u00e9sente politique et avoir obtenu leur consentement pr\u00e9alable \u00e0 nous fournir leurs donn\u00e9es aux fins du traitement en question. Par exemple, lorsqu'Exceltic :<\/p>\n\n\n\n<ul class=\"wp-block-list\">\n<li>Demandez des r\u00e9f\u00e9rences sur vous-m\u00eame.<\/li>\n<\/ul>\n\n\n\n<ul class=\"wp-block-list\">\n<li>Demandez des r\u00e9f\u00e9rences aupr\u00e8s d'employeurs ou d'employeurs potentiels, de coll\u00e8gues, d'organismes professionnels ou d'organismes de certification\/r\u00e9glementation.<\/li>\n<\/ul>\n\n\n\n<ul class=\"wp-block-list\">\n<li>Les \u00e9valuations de performance (positives ou n\u00e9gatives).<\/li>\n<\/ul>\n\n\n\n<ul class=\"wp-block-list\">\n<li>Plaintes de votre employeur actuel ou \u00e0 votre sujet.<\/li>\n<\/ul>\n\n\n\n<p class=\"has-secondary-color has-text-color\">A quels destinataires vos donn\u00e9es seront-elles communiqu\u00e9es ?<\/p>\n\n\n\n<p>Nous ne vendons pas, ne louons pas et ne divulguons pas de donn\u00e9es personnelles \u00e0 des tiers. Vos donn\u00e9es personnelles ne peuvent \u00eatre divulgu\u00e9es qu'aux administrations publiques comp\u00e9tentes en la mati\u00e8re et dans le cas o\u00f9 il existe une obligation l\u00e9gale de le faire.<\/p>\n\n\n\n<p>Cependant, si \u00e0 tout moment de la relation commerciale, il est n\u00e9cessaire de communiquer vos donn\u00e9es \u00e0 des tiers \u00e0 de nouvelles fins, cette communication se fera lorsque EXCELTIC S.L. aura votre consentement pr\u00e9alable pour le faire et de la mani\u00e8re l\u00e9galement requise.<\/p>\n\n\n\n<p>Il peut \u00e9galement y avoir des tiers qui, en raison des services fournis \u00e0 EXCELTIC S.L., peuvent avoir acc\u00e8s \u00e0 vos donn\u00e9es personnelles.<\/p>\n\n\n\n<p>Nous vous informons \u00e9galement qu'afin de vous fournir un service appropri\u00e9, il existe des fournisseurs situ\u00e9s en dehors de l'Espace \u00e9conomique europ\u00e9en qui peuvent acc\u00e9der \u00e0 vos donn\u00e9es personnelles au nom d'EXCELTIC S.L. et que cela peut impliquer l'existence de transferts internationaux. \u00c0 cette fin, les garanties appropri\u00e9es ont \u00e9t\u00e9 convenues, assurant qu'elles seront trait\u00e9es avec un niveau de protection conforme \u00e0 la r\u00e9glementation europ\u00e9enne. Plus pr\u00e9cis\u00e9ment, nous travaillons avec Mailchimp, la plateforme que nous utilisons pour envoyer des mises \u00e0 jour sur nos publications, \u00e9v\u00e9nements, bulletins d'information, promotions et nouvelles.<\/p>\n\n\n\n<p><\/p>\n\n\n\n<p>Une liste compl\u00e8te des entit\u00e9s certifi\u00e9es est disponible sur le site web du Privacy Shield : https:\/\/www.privacyshield.gov\/list.<\/p>\n\n\n\n<p>Vous pouvez lire les conditions d'utilisation (version anglaise) et la politique de confidentialit\u00e9 (version anglaise) de Mailchimp en cliquant sur les liens.<\/p>\n\n\n\n<p class=\"has-secondary-color has-text-color\">Quels sont vos droits lorsque vous nous fournissez vos donn\u00e9es et comment pouvez-vous les exercer ?<\/p>\n\n\n\n<p>Vous avez le droit d'obtenir la confirmation qu'Exceltic, S.L. traite ou non vos donn\u00e9es personnelles. EXCELTIC S.L. vous informe que vous disposez des droits suivants sur vos donn\u00e9es personnelles :<\/p>\n\n\n\n<ul class=\"wp-block-list\">\n<li><strong>Acc\u00e9dez \u00e0 vos donn\u00e9es :<\/strong> Vous avez le droit d'acc\u00e9der \u00e0 vos donn\u00e9es pour savoir quelles donn\u00e9es personnelles nous traitons \u00e0 votre sujet.<\/li>\n<\/ul>\n\n\n\n<ul class=\"wp-block-list\">\n<li><strong>Demander la rectification ou la suppression de leurs donn\u00e9es : <\/strong>Dans certaines circonstances, vous avez le droit de rectifier les donn\u00e9es personnelles que vous consid\u00e9rez comme inexactes et qui vous concernent, et qui sont trait\u00e9es par Exceltic, ainsi que le droit de demander l'effacement de vos donn\u00e9es lorsque, entre autres raisons, les donn\u00e9es ne sont plus n\u00e9cessaires aux fins pour lesquelles elles ont \u00e9t\u00e9 collect\u00e9es.<\/li>\n<\/ul>\n\n\n\n<ul class=\"wp-block-list\">\n<li><strong>Demander la restriction du traitement de vos donn\u00e9es : <\/strong>Dans certaines circonstances, vous avez le droit de nous demander de restreindre le traitement de vos donn\u00e9es, auquel cas nous ne conserverons les donn\u00e9es pour lesquelles vous avez demand\u00e9 la restriction du traitement que dans le but de poursuivre ou de d\u00e9fendre des r\u00e9clamations.<\/li>\n<\/ul>\n\n\n\n<ul class=\"wp-block-list\">\n<li><strong>\u00e0 la portabilit\u00e9 de leurs donn\u00e9es : <\/strong>Dans certaines circonstances, vous avez le droit de recevoir les donn\u00e9es personnelles vous concernant que vous nous avez fournies dans un format structur\u00e9, couramment utilis\u00e9 et lisible par machine et de les faire transf\u00e9rer par Exceltic \u00e0 un autre contr\u00f4leur de donn\u00e9es.<\/li>\n<\/ul>\n\n\n\n<ul class=\"wp-block-list\">\n<li><strong>s'opposer au traitement de vos donn\u00e9es : <\/strong>Dans certaines circonstances et pour des raisons li\u00e9es \u00e0 votre situation particuli\u00e8re, vous avez le droit de vous opposer au traitement de vos donn\u00e9es, auquel cas nous cesserons de traiter vos donn\u00e9es, sauf si nous devons continuer \u00e0 le faire pour des raisons l\u00e9gitimes imp\u00e9rieuses ou pour l'exercice ou la d\u00e9fense de toute r\u00e9clamation.<\/li>\n<\/ul>\n\n\n\n<p>Conform\u00e9ment aux dispositions du RGPD, les utilisateurs peuvent exercer leurs droits d'acc\u00e8s, de rectification, d'annulation\/suppression, d'opposition, de limitation ou de portabilit\u00e9. Pour ce faire, veuillez nous contacter \u00e0 Avenida Instituci\u00f3n Libre de Ense\u00f1anza 41 1\u00baPlanta 28037 Madrid ou \u00e0 privacidad@exceltic.com.<\/p>\n\n\n\n<p>Enfin, nous vous informons que vous pouvez adresser toute r\u00e9clamation d\u00e9coulant du traitement de vos donn\u00e9es personnelles \u00e0 l'Agence espagnole de protection des donn\u00e9es et aux autres organismes publics comp\u00e9tents.<\/p>\n\n\n\n<p class=\"has-secondary-color has-text-color\">Informations compl\u00e9mentaires<\/p>\n\n\n\n<p>EXCELTIC S.L. a adopt\u00e9 les niveaux de s\u00e9curit\u00e9 l\u00e9galement requis pour la protection des Donn\u00e9es Personnelles, et a install\u00e9 tous les moyens et mesures techniques disponibles selon l'\u00e9tat de la technologie pour \u00e9viter la perte, la mauvaise utilisation, l'alt\u00e9ration, l'acc\u00e8s non autoris\u00e9 et le vol des Donn\u00e9es Personnelles fournies.<\/p>\n\n\n\n<p>L'utilisateur est soumis \u00e0 la confidentialit\u00e9 et au devoir de secret des employ\u00e9s d'EXCELTIC S.L. et de tous ceux qui traitent les donn\u00e9es au nom et pour le compte de cette derni\u00e8re. Sans pr\u00e9judice de ce qui pr\u00e9c\u00e8de, l'utilisateur est conscient de la possibilit\u00e9 que la s\u00e9curit\u00e9 des communications sur le r\u00e9seau ne soit pas invuln\u00e9rable.<\/p>\n\n\n\n<p class=\"has-secondary-color has-text-color\">Politique en mati\u00e8re de cookies<\/p>\n\n\n\n<p>Pour conna\u00eetre les cookies que nous utilisons sur ce site web\/application mobile, n'oubliez pas que vous pouvez acc\u00e9der \u00e0 notre page <a href=\"https:\/\/exceltic.com\/politica-de-cookies\/\">Politique en mati\u00e8re de cookies<\/a>.<\/p>\n\n\n\n<p class=\"has-secondary-color has-text-color\">Contact<\/p>\n\n\n\n<p>Si vous avez des commentaires, des questions et des suggestions concernant les informations contenues dans cette politique de confidentialit\u00e9 ou tout autre aspect relatif au traitement de vos donn\u00e9es, veuillez contacter : Exceltic, Calle Hermanos Garc\u00eda Noblejas, 41 1\u00baPlanta 28037 Madrid ou \u00e0 l'adresse suivante <a href=\"mailto:privacidad@exceltic.com\">privacidad@exceltic.com<\/a> <\/p>\n\n\n\n<p class=\"has-text-align-right\">Derni\u00e8re modification : 26 mai 2022<\/p>","protected":false},"excerpt":{"rendered":"<p>Responsable Qui est responsable du traitement de vos donn\u00e9es ? Identit\u00e9 : EXCELTIC, S.L.Adresse postale : Calle de los Hermanos Garc\u00eda Noblejas 41 1\u00baPlanta 28037 MadridT\u00e9l\u00e9phone : 91 7875720Contact : privacidad@exceltic.com Finalit\u00e9s Dans quel but traitons-nous vos donn\u00e9es personnelles ? EXCELTIC S.L. traite les informations fournies par les int\u00e9ress\u00e9s afin de g\u00e9rer correctement le service demand\u00e9. [...]<\/p>","protected":false},"author":1,"featured_media":0,"parent":0,"menu_order":0,"comment_status":"closed","ping_status":"closed","template":"politica-de-privacidad","meta":{"footnotes":""},"class_list":["post-834","page","type-page","status-publish","hentry"],"yoast_head":"<!-- This site is optimized with the Yoast SEO plugin v26.9 - https:\/\/yoast.com\/product\/yoast-seo-wordpress\/ -->\n<title>Pol\u00edtica de privacidad -<\/title>\n<meta name=\"robots\" content=\"noindex, nofollow\" \/>\n<meta property=\"og:locale\" content=\"fr_FR\" \/>\n<meta property=\"og:type\" content=\"article\" \/>\n<meta property=\"og:title\" content=\"Pol\u00edtica de privacidad -\" \/>\n<meta property=\"og:description\" content=\"Responsable \u00bfQui\u00e9n es el Responsable del tratamiento de tus datos? Identidad: EXCELTIC, S.L.Direcci\u00f3n postal: Calle de los Hermanos Garc\u00eda Noblejas 41 1\u00baPlanta 28037 MadridTel\u00e9fono: 91 7875720Contacto: privacidad@exceltic.com Finalidades \u00bfCon qu\u00e9 finalidad tratamos tus datos personales? En EXCELTIC S.L. tratamos la informaci\u00f3n que nos facilitan las personas interesadas para realizar una correcta gesti\u00f3n del servicio solicitado. [&hellip;]\" \/>\n<meta property=\"og:url\" content=\"https:\/\/exceltic.serquo.com\/fr\/politique-de-confidentialite\/\" \/>\n<meta property=\"article:publisher\" content=\"https:\/\/www.facebook.com\/exceltic\/\" \/>\n<meta property=\"article:modified_time\" content=\"2025-05-19T09:01:02+00:00\" \/>\n<meta name=\"twitter:card\" content=\"summary_large_image\" \/>\n<meta name=\"twitter:site\" content=\"@exceltic\" \/>\n<meta name=\"twitter:label1\" content=\"Dur\u00e9e de lecture estim\u00e9e\" \/>\n\t<meta name=\"twitter:data1\" content=\"9 minutes\" \/>\n<script type=\"application\/ld+json\" class=\"yoast-schema-graph\">{\"@context\":\"https:\/\/schema.org\",\"@graph\":[{\"@type\":\"WebPage\",\"@id\":\"https:\/\/exceltic.serquo.com\/politica-de-privacidad\/\",\"url\":\"https:\/\/exceltic.serquo.com\/politica-de-privacidad\/\",\"name\":\"Pol\u00edtica de privacidad -\",\"isPartOf\":{\"@id\":\"https:\/\/exceltic.serquo.com\/#website\"},\"datePublished\":\"2022-04-22T10:22:14+00:00\",\"dateModified\":\"2025-05-19T09:01:02+00:00\",\"breadcrumb\":{\"@id\":\"https:\/\/exceltic.serquo.com\/politica-de-privacidad\/#breadcrumb\"},\"inLanguage\":\"fr-FR\",\"potentialAction\":[{\"@type\":\"ReadAction\",\"target\":[\"https:\/\/exceltic.serquo.com\/politica-de-privacidad\/\"]}]},{\"@type\":\"BreadcrumbList\",\"@id\":\"https:\/\/exceltic.serquo.com\/politica-de-privacidad\/#breadcrumb\",\"itemListElement\":[{\"@type\":\"ListItem\",\"position\":1,\"name\":\"Portada\",\"item\":\"https:\/\/exceltic.serquo.com\/\"},{\"@type\":\"ListItem\",\"position\":2,\"name\":\"Pol\u00edtica de privacidad\"}]},{\"@type\":\"WebSite\",\"@id\":\"https:\/\/exceltic.serquo.com\/#website\",\"url\":\"https:\/\/exceltic.serquo.com\/\",\"name\":\"\",\"description\":\"Ingenier\u00eda y Consultor\u00eda\",\"potentialAction\":[{\"@type\":\"SearchAction\",\"target\":{\"@type\":\"EntryPoint\",\"urlTemplate\":\"https:\/\/exceltic.serquo.com\/?s={search_term_string}\"},\"query-input\":{\"@type\":\"PropertyValueSpecification\",\"valueRequired\":true,\"valueName\":\"search_term_string\"}}],\"inLanguage\":\"fr-FR\"}]}<\/script>\n<!-- \/ Yoast SEO plugin. -->","yoast_head_json":{"title":"Politique de confidentialit\u00e9 -","robots":{"index":"noindex","follow":"nofollow"},"og_locale":"fr_FR","og_type":"article","og_title":"Pol\u00edtica de privacidad -","og_description":"Responsable \u00bfQui\u00e9n es el Responsable del tratamiento de tus datos? Identidad: EXCELTIC, S.L.Direcci\u00f3n postal: Calle de los Hermanos Garc\u00eda Noblejas 41 1\u00baPlanta 28037 MadridTel\u00e9fono: 91 7875720Contacto: privacidad@exceltic.com Finalidades \u00bfCon qu\u00e9 finalidad tratamos tus datos personales? En EXCELTIC S.L. tratamos la informaci\u00f3n que nos facilitan las personas interesadas para realizar una correcta gesti\u00f3n del servicio solicitado. [&hellip;]","og_url":"https:\/\/exceltic.serquo.com\/fr\/politique-de-confidentialite\/","article_publisher":"https:\/\/www.facebook.com\/exceltic\/","article_modified_time":"2025-05-19T09:01:02+00:00","twitter_card":"summary_large_image","twitter_site":"@exceltic","twitter_misc":{"Dur\u00e9e de lecture estim\u00e9e":"9 minutes"},"schema":{"@context":"https:\/\/schema.org","@graph":[{"@type":"WebPage","@id":"https:\/\/exceltic.serquo.com\/politica-de-privacidad\/","url":"https:\/\/exceltic.serquo.com\/politica-de-privacidad\/","name":"Politique de confidentialit\u00e9 -","isPartOf":{"@id":"https:\/\/exceltic.serquo.com\/#website"},"datePublished":"2022-04-22T10:22:14+00:00","dateModified":"2025-05-19T09:01:02+00:00","breadcrumb":{"@id":"https:\/\/exceltic.serquo.com\/politica-de-privacidad\/#breadcrumb"},"inLanguage":"fr-FR","potentialAction":[{"@type":"ReadAction","target":["https:\/\/exceltic.serquo.com\/politica-de-privacidad\/"]}]},{"@type":"BreadcrumbList","@id":"https:\/\/exceltic.serquo.com\/politica-de-privacidad\/#breadcrumb","itemListElement":[{"@type":"ListItem","position":1,"name":"Portada","item":"https:\/\/exceltic.serquo.com\/"},{"@type":"ListItem","position":2,"name":"Pol\u00edtica de privacidad"}]},{"@type":"WebSite","@id":"https:\/\/exceltic.serquo.com\/#website","url":"https:\/\/exceltic.serquo.com\/","name":"","description":"Ing\u00e9nierie et conseil","potentialAction":[{"@type":"SearchAction","target":{"@type":"EntryPoint","urlTemplate":"https:\/\/exceltic.serquo.com\/?s={search_term_string}"},"query-input":{"@type":"PropertyValueSpecification","valueRequired":true,"valueName":"search_term_string"}}],"inLanguage":"fr-FR"}]}},"_links":{"self":[{"href":"https:\/\/exceltic.serquo.com\/fr\/wp-json\/wp\/v2\/pages\/834","targetHints":{"allow":["GET"]}}],"collection":[{"href":"https:\/\/exceltic.serquo.com\/fr\/wp-json\/wp\/v2\/pages"}],"about":[{"href":"https:\/\/exceltic.serquo.com\/fr\/wp-json\/wp\/v2\/types\/page"}],"author":[{"embeddable":true,"href":"https:\/\/exceltic.serquo.com\/fr\/wp-json\/wp\/v2\/users\/1"}],"replies":[{"embeddable":true,"href":"https:\/\/exceltic.serquo.com\/fr\/wp-json\/wp\/v2\/comments?post=834"}],"version-history":[{"count":12,"href":"https:\/\/exceltic.serquo.com\/fr\/wp-json\/wp\/v2\/pages\/834\/revisions"}],"predecessor-version":[{"id":3634,"href":"https:\/\/exceltic.serquo.com\/fr\/wp-json\/wp\/v2\/pages\/834\/revisions\/3634"}],"wp:attachment":[{"href":"https:\/\/exceltic.serquo.com\/fr\/wp-json\/wp\/v2\/media?parent=834"}],"curies":[{"name":"wp","href":"https:\/\/api.w.org\/{rel}","templated":true}]}}