{"id":877,"date":"2022-04-22T12:36:46","date_gmt":"2022-04-22T12:36:46","guid":{"rendered":"https:\/\/exceltic.serquo.com\/?page_id=877"},"modified":"2026-03-18T16:10:58","modified_gmt":"2026-03-18T15:10:58","slug":"diseno-y-desarrollo-de-producto-industrial","status":"publish","type":"page","link":"https:\/\/exceltic.serquo.com\/fr\/digital-twin\/","title":{"rendered":"Conception et d\u00e9veloppement de produits industriels"},"content":{"rendered":"","protected":false},"excerpt":{"rendered":"","protected":false},"author":1,"featured_media":1610,"parent":0,"menu_order":0,"comment_status":"closed","ping_status":"closed","template":"digital-twin","meta":{"footnotes":""},"class_list":["post-877","page","type-page","status-publish","has-post-thumbnail","hentry"],"yoast_head":"<!-- This site is optimized with the Yoast SEO plugin v26.9 - https:\/\/yoast.com\/product\/yoast-seo-wordpress\/ -->\n<title>Dise\u00f1o y Desarrollo de Producto Industrial -<\/title>\n<meta name=\"description\" content=\"Podr\u00e1s representar virtualmente tu fabrica, tu servicio o un producto f\u00edsico, consiguiendo los mejores resultados.\" \/>\n<meta name=\"robots\" content=\"index, follow, max-snippet:-1, max-image-preview:large, max-video-preview:-1\" \/>\n<link rel=\"canonical\" href=\"https:\/\/exceltic.serquo.com\/fr\/digital-twin\/\" \/>\n<meta property=\"og:locale\" content=\"fr_FR\" \/>\n<meta property=\"og:type\" content=\"article\" \/>\n<meta property=\"og:title\" content=\"Dise\u00f1o y Desarrollo de Producto Industrial -\" \/>\n<meta property=\"og:description\" content=\"Podr\u00e1s representar virtualmente tu fabrica, tu servicio o un producto f\u00edsico, consiguiendo los mejores resultados.\" \/>\n<meta property=\"og:url\" content=\"https:\/\/exceltic.serquo.com\/fr\/digital-twin\/\" \/>\n<meta property=\"article:publisher\" content=\"https:\/\/www.facebook.com\/exceltic\/\" \/>\n<meta property=\"article:modified_time\" content=\"2026-03-18T15:10:58+00:00\" \/>\n<meta property=\"og:image\" content=\"https:\/\/exceltic.serquo.com\/wp-content\/uploads\/2022\/04\/digital-twin-general-electric-1100x619-2.png\" \/>\n\t<meta property=\"og:image:width\" content=\"1100\" \/>\n\t<meta property=\"og:image:height\" content=\"619\" \/>\n\t<meta property=\"og:image:type\" content=\"image\/png\" \/>\n<meta name=\"twitter:card\" content=\"summary_large_image\" \/>\n<meta name=\"twitter:site\" content=\"@exceltic\" \/>\n<script type=\"application\/ld+json\" class=\"yoast-schema-graph\">{\"@context\":\"https:\/\/schema.org\",\"@graph\":[{\"@type\":\"WebPage\",\"@id\":\"https:\/\/exceltic.serquo.com\/diseno-y-desarrollo-de-producto-industrial\/\",\"url\":\"https:\/\/exceltic.serquo.com\/diseno-y-desarrollo-de-producto-industrial\/\",\"name\":\"Dise\u00f1o y Desarrollo de Producto Industrial -\",\"isPartOf\":{\"@id\":\"https:\/\/exceltic.serquo.com\/#website\"},\"primaryImageOfPage\":{\"@id\":\"https:\/\/exceltic.serquo.com\/diseno-y-desarrollo-de-producto-industrial\/#primaryimage\"},\"image\":{\"@id\":\"https:\/\/exceltic.serquo.com\/diseno-y-desarrollo-de-producto-industrial\/#primaryimage\"},\"thumbnailUrl\":\"https:\/\/exceltic.serquo.com\/wp-content\/uploads\/2022\/04\/digital-twin-general-electric-1100x619-2.png\",\"datePublished\":\"2022-04-22T12:36:46+00:00\",\"dateModified\":\"2026-03-18T15:10:58+00:00\",\"description\":\"Podr\u00e1s representar virtualmente tu fabrica, tu servicio o un producto f\u00edsico, consiguiendo los mejores resultados.\",\"breadcrumb\":{\"@id\":\"https:\/\/exceltic.serquo.com\/diseno-y-desarrollo-de-producto-industrial\/#breadcrumb\"},\"inLanguage\":\"fr-FR\",\"potentialAction\":[{\"@type\":\"ReadAction\",\"target\":[\"https:\/\/exceltic.serquo.com\/diseno-y-desarrollo-de-producto-industrial\/\"]}]},{\"@type\":\"ImageObject\",\"inLanguage\":\"fr-FR\",\"@id\":\"https:\/\/exceltic.serquo.com\/diseno-y-desarrollo-de-producto-industrial\/#primaryimage\",\"url\":\"https:\/\/exceltic.serquo.com\/wp-content\/uploads\/2022\/04\/digital-twin-general-electric-1100x619-2.png\",\"contentUrl\":\"https:\/\/exceltic.serquo.com\/wp-content\/uploads\/2022\/04\/digital-twin-general-electric-1100x619-2.png\",\"width\":1100,\"height\":619},{\"@type\":\"BreadcrumbList\",\"@id\":\"https:\/\/exceltic.serquo.com\/diseno-y-desarrollo-de-producto-industrial\/#breadcrumb\",\"itemListElement\":[{\"@type\":\"ListItem\",\"position\":1,\"name\":\"Portada\",\"item\":\"https:\/\/exceltic.serquo.com\/\"},{\"@type\":\"ListItem\",\"position\":2,\"name\":\"Dise\u00f1o y Desarrollo de Producto Industrial\"}]},{\"@type\":\"WebSite\",\"@id\":\"https:\/\/exceltic.serquo.com\/#website\",\"url\":\"https:\/\/exceltic.serquo.com\/\",\"name\":\"\",\"description\":\"Ingenier\u00eda y Consultor\u00eda\",\"potentialAction\":[{\"@type\":\"SearchAction\",\"target\":{\"@type\":\"EntryPoint\",\"urlTemplate\":\"https:\/\/exceltic.serquo.com\/?s={search_term_string}\"},\"query-input\":{\"@type\":\"PropertyValueSpecification\",\"valueRequired\":true,\"valueName\":\"search_term_string\"}}],\"inLanguage\":\"fr-FR\"}]}<\/script>\n<!-- \/ Yoast SEO plugin. -->","yoast_head_json":{"title":"Dise\u00f1o y Desarrollo de Producto Industrial -","description":"Vous serez en mesure de repr\u00e9senter virtuellement votre usine, votre service ou un produit physique, en obtenant les meilleurs r\u00e9sultats.","robots":{"index":"index","follow":"follow","max-snippet":"max-snippet:-1","max-image-preview":"max-image-preview:large","max-video-preview":"max-video-preview:-1"},"canonical":"https:\/\/exceltic.serquo.com\/fr\/digital-twin\/","og_locale":"fr_FR","og_type":"article","og_title":"Dise\u00f1o y Desarrollo de Producto Industrial -","og_description":"Podr\u00e1s representar virtualmente tu fabrica, tu servicio o un producto f\u00edsico, consiguiendo los mejores resultados.","og_url":"https:\/\/exceltic.serquo.com\/fr\/digital-twin\/","article_publisher":"https:\/\/www.facebook.com\/exceltic\/","article_modified_time":"2026-03-18T15:10:58+00:00","og_image":[{"width":1100,"height":619,"url":"https:\/\/exceltic.serquo.com\/wp-content\/uploads\/2022\/04\/digital-twin-general-electric-1100x619-2.png","type":"image\/png"}],"twitter_card":"summary_large_image","twitter_site":"@exceltic","schema":{"@context":"https:\/\/schema.org","@graph":[{"@type":"WebPage","@id":"https:\/\/exceltic.serquo.com\/diseno-y-desarrollo-de-producto-industrial\/","url":"https:\/\/exceltic.serquo.com\/diseno-y-desarrollo-de-producto-industrial\/","name":"Dise\u00f1o y Desarrollo de Producto Industrial -","isPartOf":{"@id":"https:\/\/exceltic.serquo.com\/#website"},"primaryImageOfPage":{"@id":"https:\/\/exceltic.serquo.com\/diseno-y-desarrollo-de-producto-industrial\/#primaryimage"},"image":{"@id":"https:\/\/exceltic.serquo.com\/diseno-y-desarrollo-de-producto-industrial\/#primaryimage"},"thumbnailUrl":"https:\/\/exceltic.serquo.com\/wp-content\/uploads\/2022\/04\/digital-twin-general-electric-1100x619-2.png","datePublished":"2022-04-22T12:36:46+00:00","dateModified":"2026-03-18T15:10:58+00:00","description":"Vous serez en mesure de repr\u00e9senter virtuellement votre usine, votre service ou un produit physique, en obtenant les meilleurs r\u00e9sultats.","breadcrumb":{"@id":"https:\/\/exceltic.serquo.com\/diseno-y-desarrollo-de-producto-industrial\/#breadcrumb"},"inLanguage":"fr-FR","potentialAction":[{"@type":"ReadAction","target":["https:\/\/exceltic.serquo.com\/diseno-y-desarrollo-de-producto-industrial\/"]}]},{"@type":"ImageObject","inLanguage":"fr-FR","@id":"https:\/\/exceltic.serquo.com\/diseno-y-desarrollo-de-producto-industrial\/#primaryimage","url":"https:\/\/exceltic.serquo.com\/wp-content\/uploads\/2022\/04\/digital-twin-general-electric-1100x619-2.png","contentUrl":"https:\/\/exceltic.serquo.com\/wp-content\/uploads\/2022\/04\/digital-twin-general-electric-1100x619-2.png","width":1100,"height":619},{"@type":"BreadcrumbList","@id":"https:\/\/exceltic.serquo.com\/diseno-y-desarrollo-de-producto-industrial\/#breadcrumb","itemListElement":[{"@type":"ListItem","position":1,"name":"Portada","item":"https:\/\/exceltic.serquo.com\/"},{"@type":"ListItem","position":2,"name":"Dise\u00f1o y Desarrollo de Producto Industrial"}]},{"@type":"WebSite","@id":"https:\/\/exceltic.serquo.com\/#website","url":"https:\/\/exceltic.serquo.com\/","name":"","description":"Ing\u00e9nierie et conseil","potentialAction":[{"@type":"SearchAction","target":{"@type":"EntryPoint","urlTemplate":"https:\/\/exceltic.serquo.com\/?s={search_term_string}"},"query-input":{"@type":"PropertyValueSpecification","valueRequired":true,"valueName":"search_term_string"}}],"inLanguage":"fr-FR"}]}},"_links":{"self":[{"href":"https:\/\/exceltic.serquo.com\/fr\/wp-json\/wp\/v2\/pages\/877","targetHints":{"allow":["GET"]}}],"collection":[{"href":"https:\/\/exceltic.serquo.com\/fr\/wp-json\/wp\/v2\/pages"}],"about":[{"href":"https:\/\/exceltic.serquo.com\/fr\/wp-json\/wp\/v2\/types\/page"}],"author":[{"embeddable":true,"href":"https:\/\/exceltic.serquo.com\/fr\/wp-json\/wp\/v2\/users\/1"}],"replies":[{"embeddable":true,"href":"https:\/\/exceltic.serquo.com\/fr\/wp-json\/wp\/v2\/comments?post=877"}],"version-history":[{"count":2,"href":"https:\/\/exceltic.serquo.com\/fr\/wp-json\/wp\/v2\/pages\/877\/revisions"}],"predecessor-version":[{"id":5262,"href":"https:\/\/exceltic.serquo.com\/fr\/wp-json\/wp\/v2\/pages\/877\/revisions\/5262"}],"wp:featuredmedia":[{"embeddable":true,"href":"https:\/\/exceltic.serquo.com\/fr\/wp-json\/wp\/v2\/media\/1610"}],"wp:attachment":[{"href":"https:\/\/exceltic.serquo.com\/fr\/wp-json\/wp\/v2\/media?parent=877"}],"curies":[{"name":"wp","href":"https:\/\/api.w.org\/{rel}","templated":true}]}}