{"id":879,"date":"2022-04-22T12:37:53","date_gmt":"2022-04-22T12:37:53","guid":{"rendered":"https:\/\/exceltic.serquo.com\/?page_id=879"},"modified":"2026-03-18T13:54:17","modified_gmt":"2026-03-18T12:54:17","slug":"infraestructura-civil","status":"publish","type":"page","link":"https:\/\/exceltic.serquo.com\/fr\/cad-y-bim\/","title":{"rendered":"Infraestructura civil"},"content":{"rendered":"","protected":false},"excerpt":{"rendered":"","protected":false},"author":1,"featured_media":1624,"parent":0,"menu_order":0,"comment_status":"closed","ping_status":"closed","template":"cad-bim","meta":{"footnotes":""},"class_list":["post-879","page","type-page","status-publish","has-post-thumbnail","hentry"],"yoast_head":"<!-- This site is optimized with the Yoast SEO plugin v26.9 - https:\/\/yoast.com\/product\/yoast-seo-wordpress\/ -->\n<title>Infraestructura civil -<\/title>\n<meta name=\"description\" content=\"Mediante CAD y BIM realizamos la elaboraci\u00f3n y dise\u00f1o de planos de detalle, redacci\u00f3n del proyecto As-Built y obras complementarias.\" \/>\n<meta name=\"robots\" content=\"index, follow, max-snippet:-1, max-image-preview:large, max-video-preview:-1\" \/>\n<link rel=\"canonical\" href=\"https:\/\/exceltic.serquo.com\/fr\/cad-y-bim\/\" \/>\n<meta property=\"og:locale\" content=\"fr_FR\" \/>\n<meta property=\"og:type\" content=\"article\" \/>\n<meta property=\"og:title\" content=\"Infraestructura civil -\" \/>\n<meta property=\"og:description\" content=\"Mediante CAD y BIM realizamos la elaboraci\u00f3n y dise\u00f1o de planos de detalle, redacci\u00f3n del proyecto As-Built y obras complementarias.\" \/>\n<meta property=\"og:url\" content=\"https:\/\/exceltic.serquo.com\/fr\/cad-y-bim\/\" \/>\n<meta property=\"article:publisher\" content=\"https:\/\/www.facebook.com\/exceltic\/\" \/>\n<meta property=\"article:modified_time\" content=\"2026-03-18T12:54:17+00:00\" \/>\n<meta property=\"og:image\" content=\"https:\/\/exceltic.serquo.com\/wp-content\/uploads\/2022\/04\/top-view-of-unrecognizable-person-making-corrections-to-the-blueprint-sketch-scaled-1-1024x684.jpg\" \/>\n\t<meta property=\"og:image:width\" content=\"1024\" \/>\n\t<meta property=\"og:image:height\" content=\"684\" \/>\n\t<meta property=\"og:image:type\" content=\"image\/jpeg\" \/>\n<meta name=\"twitter:card\" content=\"summary_large_image\" \/>\n<meta name=\"twitter:site\" content=\"@exceltic\" \/>\n<script type=\"application\/ld+json\" class=\"yoast-schema-graph\">{\"@context\":\"https:\/\/schema.org\",\"@graph\":[{\"@type\":\"WebPage\",\"@id\":\"https:\/\/exceltic.serquo.com\/infraestructura-civil\/\",\"url\":\"https:\/\/exceltic.serquo.com\/infraestructura-civil\/\",\"name\":\"Infraestructura civil -\",\"isPartOf\":{\"@id\":\"https:\/\/exceltic.serquo.com\/#website\"},\"primaryImageOfPage\":{\"@id\":\"https:\/\/exceltic.serquo.com\/infraestructura-civil\/#primaryimage\"},\"image\":{\"@id\":\"https:\/\/exceltic.serquo.com\/infraestructura-civil\/#primaryimage\"},\"thumbnailUrl\":\"https:\/\/exceltic.serquo.com\/wp-content\/uploads\/2022\/04\/top-view-of-unrecognizable-person-making-corrections-to-the-blueprint-sketch-scaled-1.jpg\",\"datePublished\":\"2022-04-22T12:37:53+00:00\",\"dateModified\":\"2026-03-18T12:54:17+00:00\",\"description\":\"Mediante CAD y BIM realizamos la elaboraci\u00f3n y dise\u00f1o de planos de detalle, redacci\u00f3n del proyecto As-Built y obras complementarias.\",\"breadcrumb\":{\"@id\":\"https:\/\/exceltic.serquo.com\/infraestructura-civil\/#breadcrumb\"},\"inLanguage\":\"fr-FR\",\"potentialAction\":[{\"@type\":\"ReadAction\",\"target\":[\"https:\/\/exceltic.serquo.com\/infraestructura-civil\/\"]}]},{\"@type\":\"ImageObject\",\"inLanguage\":\"fr-FR\",\"@id\":\"https:\/\/exceltic.serquo.com\/infraestructura-civil\/#primaryimage\",\"url\":\"https:\/\/exceltic.serquo.com\/wp-content\/uploads\/2022\/04\/top-view-of-unrecognizable-person-making-corrections-to-the-blueprint-sketch-scaled-1.jpg\",\"contentUrl\":\"https:\/\/exceltic.serquo.com\/wp-content\/uploads\/2022\/04\/top-view-of-unrecognizable-person-making-corrections-to-the-blueprint-sketch-scaled-1.jpg\",\"width\":2560,\"height\":1709,\"caption\":\"CAD-BIM\"},{\"@type\":\"BreadcrumbList\",\"@id\":\"https:\/\/exceltic.serquo.com\/infraestructura-civil\/#breadcrumb\",\"itemListElement\":[{\"@type\":\"ListItem\",\"position\":1,\"name\":\"Portada\",\"item\":\"https:\/\/exceltic.serquo.com\/\"},{\"@type\":\"ListItem\",\"position\":2,\"name\":\"Infraestructura civil\"}]},{\"@type\":\"WebSite\",\"@id\":\"https:\/\/exceltic.serquo.com\/#website\",\"url\":\"https:\/\/exceltic.serquo.com\/\",\"name\":\"\",\"description\":\"Ingenier\u00eda y Consultor\u00eda\",\"potentialAction\":[{\"@type\":\"SearchAction\",\"target\":{\"@type\":\"EntryPoint\",\"urlTemplate\":\"https:\/\/exceltic.serquo.com\/?s={search_term_string}\"},\"query-input\":{\"@type\":\"PropertyValueSpecification\",\"valueRequired\":true,\"valueName\":\"search_term_string\"}}],\"inLanguage\":\"fr-FR\"}]}<\/script>\n<!-- \/ Yoast SEO plugin. -->","yoast_head_json":{"title":"Infraestructura civil -","description":"Au moyen de la CAO et du BIM, nous r\u00e9alisons la pr\u00e9paration et la conception de plans d\u00e9taill\u00e9s, la r\u00e9daction du projet As-Built et les travaux compl\u00e9mentaires.","robots":{"index":"index","follow":"follow","max-snippet":"max-snippet:-1","max-image-preview":"max-image-preview:large","max-video-preview":"max-video-preview:-1"},"canonical":"https:\/\/exceltic.serquo.com\/fr\/cad-y-bim\/","og_locale":"fr_FR","og_type":"article","og_title":"Infraestructura civil -","og_description":"Mediante CAD y BIM realizamos la elaboraci\u00f3n y dise\u00f1o de planos de detalle, redacci\u00f3n del proyecto As-Built y obras complementarias.","og_url":"https:\/\/exceltic.serquo.com\/fr\/cad-y-bim\/","article_publisher":"https:\/\/www.facebook.com\/exceltic\/","article_modified_time":"2026-03-18T12:54:17+00:00","og_image":[{"width":1024,"height":684,"url":"https:\/\/exceltic.serquo.com\/wp-content\/uploads\/2022\/04\/top-view-of-unrecognizable-person-making-corrections-to-the-blueprint-sketch-scaled-1-1024x684.jpg","type":"image\/jpeg"}],"twitter_card":"summary_large_image","twitter_site":"@exceltic","schema":{"@context":"https:\/\/schema.org","@graph":[{"@type":"WebPage","@id":"https:\/\/exceltic.serquo.com\/infraestructura-civil\/","url":"https:\/\/exceltic.serquo.com\/infraestructura-civil\/","name":"Infraestructura civil -","isPartOf":{"@id":"https:\/\/exceltic.serquo.com\/#website"},"primaryImageOfPage":{"@id":"https:\/\/exceltic.serquo.com\/infraestructura-civil\/#primaryimage"},"image":{"@id":"https:\/\/exceltic.serquo.com\/infraestructura-civil\/#primaryimage"},"thumbnailUrl":"https:\/\/exceltic.serquo.com\/wp-content\/uploads\/2022\/04\/top-view-of-unrecognizable-person-making-corrections-to-the-blueprint-sketch-scaled-1.jpg","datePublished":"2022-04-22T12:37:53+00:00","dateModified":"2026-03-18T12:54:17+00:00","description":"Au moyen de la CAO et du BIM, nous r\u00e9alisons la pr\u00e9paration et la conception de plans d\u00e9taill\u00e9s, la r\u00e9daction du projet As-Built et les travaux compl\u00e9mentaires.","breadcrumb":{"@id":"https:\/\/exceltic.serquo.com\/infraestructura-civil\/#breadcrumb"},"inLanguage":"fr-FR","potentialAction":[{"@type":"ReadAction","target":["https:\/\/exceltic.serquo.com\/infraestructura-civil\/"]}]},{"@type":"ImageObject","inLanguage":"fr-FR","@id":"https:\/\/exceltic.serquo.com\/infraestructura-civil\/#primaryimage","url":"https:\/\/exceltic.serquo.com\/wp-content\/uploads\/2022\/04\/top-view-of-unrecognizable-person-making-corrections-to-the-blueprint-sketch-scaled-1.jpg","contentUrl":"https:\/\/exceltic.serquo.com\/wp-content\/uploads\/2022\/04\/top-view-of-unrecognizable-person-making-corrections-to-the-blueprint-sketch-scaled-1.jpg","width":2560,"height":1709,"caption":"CAD-BIM"},{"@type":"BreadcrumbList","@id":"https:\/\/exceltic.serquo.com\/infraestructura-civil\/#breadcrumb","itemListElement":[{"@type":"ListItem","position":1,"name":"Portada","item":"https:\/\/exceltic.serquo.com\/"},{"@type":"ListItem","position":2,"name":"Infraestructura civil"}]},{"@type":"WebSite","@id":"https:\/\/exceltic.serquo.com\/#website","url":"https:\/\/exceltic.serquo.com\/","name":"","description":"Ing\u00e9nierie et conseil","potentialAction":[{"@type":"SearchAction","target":{"@type":"EntryPoint","urlTemplate":"https:\/\/exceltic.serquo.com\/?s={search_term_string}"},"query-input":{"@type":"PropertyValueSpecification","valueRequired":true,"valueName":"search_term_string"}}],"inLanguage":"fr-FR"}]}},"_links":{"self":[{"href":"https:\/\/exceltic.serquo.com\/fr\/wp-json\/wp\/v2\/pages\/879","targetHints":{"allow":["GET"]}}],"collection":[{"href":"https:\/\/exceltic.serquo.com\/fr\/wp-json\/wp\/v2\/pages"}],"about":[{"href":"https:\/\/exceltic.serquo.com\/fr\/wp-json\/wp\/v2\/types\/page"}],"author":[{"embeddable":true,"href":"https:\/\/exceltic.serquo.com\/fr\/wp-json\/wp\/v2\/users\/1"}],"replies":[{"embeddable":true,"href":"https:\/\/exceltic.serquo.com\/fr\/wp-json\/wp\/v2\/comments?post=879"}],"version-history":[{"count":2,"href":"https:\/\/exceltic.serquo.com\/fr\/wp-json\/wp\/v2\/pages\/879\/revisions"}],"predecessor-version":[{"id":5258,"href":"https:\/\/exceltic.serquo.com\/fr\/wp-json\/wp\/v2\/pages\/879\/revisions\/5258"}],"wp:featuredmedia":[{"embeddable":true,"href":"https:\/\/exceltic.serquo.com\/fr\/wp-json\/wp\/v2\/media\/1624"}],"wp:attachment":[{"href":"https:\/\/exceltic.serquo.com\/fr\/wp-json\/wp\/v2\/media?parent=879"}],"curies":[{"name":"wp","href":"https:\/\/api.w.org\/{rel}","templated":true}]}}