{"id":897,"date":"2022-04-22T12:46:24","date_gmt":"2022-04-22T12:46:24","guid":{"rendered":"https:\/\/exceltic.serquo.com\/?page_id=897"},"modified":"2022-12-20T07:46:18","modified_gmt":"2022-12-20T07:46:18","slug":"vision-artificielle","status":"publish","type":"page","link":"https:\/\/exceltic.serquo.com\/fr\/vision-artificielle\/","title":{"rendered":"Vision artificielle"},"content":{"rendered":"","protected":false},"excerpt":{"rendered":"","protected":false},"author":1,"featured_media":2545,"parent":0,"menu_order":0,"comment_status":"closed","ping_status":"closed","template":"vision-artificial","meta":{"footnotes":""},"class_list":["post-897","page","type-page","status-publish","has-post-thumbnail","hentry"],"yoast_head":"<!-- This site is optimized with the Yoast SEO plugin v26.9 - https:\/\/yoast.com\/product\/yoast-seo-wordpress\/ -->\n<title>Visi\u00f3n artificial -<\/title>\n<meta name=\"description\" content=\"La redes neuronal convolucional mejora la calidad, optimiza el tiempo de mantenimiento e impulsa la trazabilidad de la cadena de valor\" \/>\n<meta name=\"robots\" content=\"index, follow, max-snippet:-1, max-image-preview:large, max-video-preview:-1\" \/>\n<link rel=\"canonical\" href=\"https:\/\/exceltic.serquo.com\/fr\/vision-artificielle\/\" \/>\n<meta property=\"og:locale\" content=\"fr_FR\" \/>\n<meta property=\"og:type\" content=\"article\" \/>\n<meta property=\"og:title\" content=\"Visi\u00f3n artificial -\" \/>\n<meta property=\"og:description\" content=\"La redes neuronal convolucional mejora la calidad, optimiza el tiempo de mantenimiento e impulsa la trazabilidad de la cadena de valor\" \/>\n<meta property=\"og:url\" content=\"https:\/\/exceltic.serquo.com\/fr\/vision-artificielle\/\" \/>\n<meta property=\"article:publisher\" content=\"https:\/\/www.facebook.com\/exceltic\/\" \/>\n<meta property=\"article:modified_time\" content=\"2022-12-20T07:46:18+00:00\" \/>\n<meta property=\"og:image\" content=\"https:\/\/exceltic.serquo.com\/wp-content\/uploads\/2022\/12\/vision-artificial.jpg\" \/>\n\t<meta property=\"og:image:width\" content=\"2560\" \/>\n\t<meta property=\"og:image:height\" content=\"1706\" \/>\n\t<meta property=\"og:image:type\" content=\"image\/jpeg\" \/>\n<meta name=\"twitter:card\" content=\"summary_large_image\" \/>\n<meta name=\"twitter:site\" content=\"@exceltic\" \/>\n<script type=\"application\/ld+json\" class=\"yoast-schema-graph\">{\"@context\":\"https:\/\/schema.org\",\"@graph\":[{\"@type\":\"WebPage\",\"@id\":\"https:\/\/exceltic.serquo.com\/vision-artificial\/\",\"url\":\"https:\/\/exceltic.serquo.com\/vision-artificial\/\",\"name\":\"Visi\u00f3n artificial -\",\"isPartOf\":{\"@id\":\"https:\/\/exceltic.serquo.com\/#website\"},\"primaryImageOfPage\":{\"@id\":\"https:\/\/exceltic.serquo.com\/vision-artificial\/#primaryimage\"},\"image\":{\"@id\":\"https:\/\/exceltic.serquo.com\/vision-artificial\/#primaryimage\"},\"thumbnailUrl\":\"https:\/\/exceltic.serquo.com\/wp-content\/uploads\/2022\/12\/vision-artificial.jpg\",\"datePublished\":\"2022-04-22T12:46:24+00:00\",\"dateModified\":\"2022-12-20T07:46:18+00:00\",\"description\":\"La redes neuronal convolucional mejora la calidad, optimiza el tiempo de mantenimiento e impulsa la trazabilidad de la cadena de valor\",\"breadcrumb\":{\"@id\":\"https:\/\/exceltic.serquo.com\/vision-artificial\/#breadcrumb\"},\"inLanguage\":\"fr-FR\",\"potentialAction\":[{\"@type\":\"ReadAction\",\"target\":[\"https:\/\/exceltic.serquo.com\/vision-artificial\/\"]}]},{\"@type\":\"ImageObject\",\"inLanguage\":\"fr-FR\",\"@id\":\"https:\/\/exceltic.serquo.com\/vision-artificial\/#primaryimage\",\"url\":\"https:\/\/exceltic.serquo.com\/wp-content\/uploads\/2022\/12\/vision-artificial.jpg\",\"contentUrl\":\"https:\/\/exceltic.serquo.com\/wp-content\/uploads\/2022\/12\/vision-artificial.jpg\",\"width\":2560,\"height\":1706,\"caption\":\"vision-artificial\"},{\"@type\":\"BreadcrumbList\",\"@id\":\"https:\/\/exceltic.serquo.com\/vision-artificial\/#breadcrumb\",\"itemListElement\":[{\"@type\":\"ListItem\",\"position\":1,\"name\":\"Portada\",\"item\":\"https:\/\/exceltic.serquo.com\/\"},{\"@type\":\"ListItem\",\"position\":2,\"name\":\"Visi\u00f3n artificial\"}]},{\"@type\":\"WebSite\",\"@id\":\"https:\/\/exceltic.serquo.com\/#website\",\"url\":\"https:\/\/exceltic.serquo.com\/\",\"name\":\"\",\"description\":\"Ingenier\u00eda y Consultor\u00eda\",\"potentialAction\":[{\"@type\":\"SearchAction\",\"target\":{\"@type\":\"EntryPoint\",\"urlTemplate\":\"https:\/\/exceltic.serquo.com\/?s={search_term_string}\"},\"query-input\":{\"@type\":\"PropertyValueSpecification\",\"valueRequired\":true,\"valueName\":\"search_term_string\"}}],\"inLanguage\":\"fr-FR\"}]}<\/script>\n<!-- \/ Yoast SEO plugin. -->","yoast_head_json":{"title":"Vision artificielle -","description":"Le r\u00e9seau neuronal convolutif am\u00e9liore la qualit\u00e9, optimise le temps de maintenance et renforce la tra\u00e7abilit\u00e9 de la cha\u00eene de valeur.","robots":{"index":"index","follow":"follow","max-snippet":"max-snippet:-1","max-image-preview":"max-image-preview:large","max-video-preview":"max-video-preview:-1"},"canonical":"https:\/\/exceltic.serquo.com\/fr\/vision-artificielle\/","og_locale":"fr_FR","og_type":"article","og_title":"Visi\u00f3n artificial -","og_description":"La redes neuronal convolucional mejora la calidad, optimiza el tiempo de mantenimiento e impulsa la trazabilidad de la cadena de valor","og_url":"https:\/\/exceltic.serquo.com\/fr\/vision-artificielle\/","article_publisher":"https:\/\/www.facebook.com\/exceltic\/","article_modified_time":"2022-12-20T07:46:18+00:00","og_image":[{"width":2560,"height":1706,"url":"https:\/\/exceltic.serquo.com\/wp-content\/uploads\/2022\/12\/vision-artificial.jpg","type":"image\/jpeg"}],"twitter_card":"summary_large_image","twitter_site":"@exceltic","schema":{"@context":"https:\/\/schema.org","@graph":[{"@type":"WebPage","@id":"https:\/\/exceltic.serquo.com\/vision-artificial\/","url":"https:\/\/exceltic.serquo.com\/vision-artificial\/","name":"Vision artificielle -","isPartOf":{"@id":"https:\/\/exceltic.serquo.com\/#website"},"primaryImageOfPage":{"@id":"https:\/\/exceltic.serquo.com\/vision-artificial\/#primaryimage"},"image":{"@id":"https:\/\/exceltic.serquo.com\/vision-artificial\/#primaryimage"},"thumbnailUrl":"https:\/\/exceltic.serquo.com\/wp-content\/uploads\/2022\/12\/vision-artificial.jpg","datePublished":"2022-04-22T12:46:24+00:00","dateModified":"2022-12-20T07:46:18+00:00","description":"Le r\u00e9seau neuronal convolutif am\u00e9liore la qualit\u00e9, optimise le temps de maintenance et renforce la tra\u00e7abilit\u00e9 de la cha\u00eene de valeur.","breadcrumb":{"@id":"https:\/\/exceltic.serquo.com\/vision-artificial\/#breadcrumb"},"inLanguage":"fr-FR","potentialAction":[{"@type":"ReadAction","target":["https:\/\/exceltic.serquo.com\/vision-artificial\/"]}]},{"@type":"ImageObject","inLanguage":"fr-FR","@id":"https:\/\/exceltic.serquo.com\/vision-artificial\/#primaryimage","url":"https:\/\/exceltic.serquo.com\/wp-content\/uploads\/2022\/12\/vision-artificial.jpg","contentUrl":"https:\/\/exceltic.serquo.com\/wp-content\/uploads\/2022\/12\/vision-artificial.jpg","width":2560,"height":1706,"caption":"vision-artificial"},{"@type":"BreadcrumbList","@id":"https:\/\/exceltic.serquo.com\/vision-artificial\/#breadcrumb","itemListElement":[{"@type":"ListItem","position":1,"name":"Portada","item":"https:\/\/exceltic.serquo.com\/"},{"@type":"ListItem","position":2,"name":"Visi\u00f3n artificial"}]},{"@type":"WebSite","@id":"https:\/\/exceltic.serquo.com\/#website","url":"https:\/\/exceltic.serquo.com\/","name":"","description":"Ing\u00e9nierie et conseil","potentialAction":[{"@type":"SearchAction","target":{"@type":"EntryPoint","urlTemplate":"https:\/\/exceltic.serquo.com\/?s={search_term_string}"},"query-input":{"@type":"PropertyValueSpecification","valueRequired":true,"valueName":"search_term_string"}}],"inLanguage":"fr-FR"}]}},"_links":{"self":[{"href":"https:\/\/exceltic.serquo.com\/fr\/wp-json\/wp\/v2\/pages\/897","targetHints":{"allow":["GET"]}}],"collection":[{"href":"https:\/\/exceltic.serquo.com\/fr\/wp-json\/wp\/v2\/pages"}],"about":[{"href":"https:\/\/exceltic.serquo.com\/fr\/wp-json\/wp\/v2\/types\/page"}],"author":[{"embeddable":true,"href":"https:\/\/exceltic.serquo.com\/fr\/wp-json\/wp\/v2\/users\/1"}],"replies":[{"embeddable":true,"href":"https:\/\/exceltic.serquo.com\/fr\/wp-json\/wp\/v2\/comments?post=897"}],"version-history":[{"count":1,"href":"https:\/\/exceltic.serquo.com\/fr\/wp-json\/wp\/v2\/pages\/897\/revisions"}],"predecessor-version":[{"id":2546,"href":"https:\/\/exceltic.serquo.com\/fr\/wp-json\/wp\/v2\/pages\/897\/revisions\/2546"}],"wp:featuredmedia":[{"embeddable":true,"href":"https:\/\/exceltic.serquo.com\/fr\/wp-json\/wp\/v2\/media\/2545"}],"wp:attachment":[{"href":"https:\/\/exceltic.serquo.com\/fr\/wp-json\/wp\/v2\/media?parent=897"}],"curies":[{"name":"wp","href":"https:\/\/api.w.org\/{rel}","templated":true}]}}