{"id":903,"date":"2022-04-22T12:48:05","date_gmt":"2022-04-22T12:48:05","guid":{"rendered":"https:\/\/exceltic.serquo.com\/?page_id=903"},"modified":"2026-03-18T16:14:49","modified_gmt":"2026-03-18T15:14:49","slug":"ingenierie-electrique-et-systemes-de-controle","status":"publish","type":"page","link":"https:\/\/exceltic.serquo.com\/fr\/ingenierie-electrique-et-systemes-de-controle\/","title":{"rendered":"G\u00e9nie \u00e9lectrique et syst\u00e8mes de contr\u00f4le"},"content":{"rendered":"","protected":false},"excerpt":{"rendered":"","protected":false},"author":1,"featured_media":1613,"parent":0,"menu_order":0,"comment_status":"closed","ping_status":"closed","template":"automatizacion-industrial","meta":{"footnotes":""},"class_list":["post-903","page","type-page","status-publish","has-post-thumbnail","hentry"],"yoast_head":"<!-- This site is optimized with the Yoast SEO plugin v26.9 - https:\/\/yoast.com\/product\/yoast-seo-wordpress\/ -->\n<title>Ingenier\u00eda El\u00e9ctrica y Sistemas de Control -<\/title>\n<meta name=\"description\" content=\"La Automatizaci\u00f3n Industrial mejorar\u00e1 tu capacidad productiva y competitiva gracias a las herramientas m\u00e1s disruptivas del mercado.\" \/>\n<meta name=\"robots\" content=\"index, follow, max-snippet:-1, max-image-preview:large, max-video-preview:-1\" \/>\n<link rel=\"canonical\" href=\"https:\/\/exceltic.serquo.com\/fr\/ingenierie-electrique-et-systemes-de-controle\/\" \/>\n<meta property=\"og:locale\" content=\"fr_FR\" \/>\n<meta property=\"og:type\" content=\"article\" \/>\n<meta property=\"og:title\" content=\"Ingenier\u00eda El\u00e9ctrica y Sistemas de Control -\" \/>\n<meta property=\"og:description\" content=\"La Automatizaci\u00f3n Industrial mejorar\u00e1 tu capacidad productiva y competitiva gracias a las herramientas m\u00e1s disruptivas del mercado.\" \/>\n<meta property=\"og:url\" content=\"https:\/\/exceltic.serquo.com\/fr\/ingenierie-electrique-et-systemes-de-controle\/\" \/>\n<meta property=\"article:publisher\" content=\"https:\/\/www.facebook.com\/exceltic\/\" \/>\n<meta property=\"article:modified_time\" content=\"2026-03-18T15:14:49+00:00\" \/>\n<meta property=\"og:image\" content=\"https:\/\/exceltic.serquo.com\/wp-content\/uploads\/2022\/04\/an-army-of-robots-efficiently-sorting-hundreds-of-parcels-per-hour-automated-guided-vehicle-agv-scaled-1-1024x576.jpg\" \/>\n\t<meta property=\"og:image:width\" content=\"1024\" \/>\n\t<meta property=\"og:image:height\" content=\"576\" \/>\n\t<meta property=\"og:image:type\" content=\"image\/jpeg\" \/>\n<meta name=\"twitter:card\" content=\"summary_large_image\" \/>\n<meta name=\"twitter:site\" content=\"@exceltic\" \/>\n<script type=\"application\/ld+json\" class=\"yoast-schema-graph\">{\"@context\":\"https:\/\/schema.org\",\"@graph\":[{\"@type\":\"WebPage\",\"@id\":\"https:\/\/exceltic.serquo.com\/ingenieria-electrica-y-sistemas-de-control\/\",\"url\":\"https:\/\/exceltic.serquo.com\/ingenieria-electrica-y-sistemas-de-control\/\",\"name\":\"Ingenier\u00eda El\u00e9ctrica y Sistemas de Control -\",\"isPartOf\":{\"@id\":\"https:\/\/exceltic.serquo.com\/#website\"},\"primaryImageOfPage\":{\"@id\":\"https:\/\/exceltic.serquo.com\/ingenieria-electrica-y-sistemas-de-control\/#primaryimage\"},\"image\":{\"@id\":\"https:\/\/exceltic.serquo.com\/ingenieria-electrica-y-sistemas-de-control\/#primaryimage\"},\"thumbnailUrl\":\"https:\/\/exceltic.serquo.com\/wp-content\/uploads\/2022\/04\/an-army-of-robots-efficiently-sorting-hundreds-of-parcels-per-hour-automated-guided-vehicle-agv-scaled-1.jpg\",\"datePublished\":\"2022-04-22T12:48:05+00:00\",\"dateModified\":\"2026-03-18T15:14:49+00:00\",\"description\":\"La Automatizaci\u00f3n Industrial mejorar\u00e1 tu capacidad productiva y competitiva gracias a las herramientas m\u00e1s disruptivas del mercado.\",\"breadcrumb\":{\"@id\":\"https:\/\/exceltic.serquo.com\/ingenieria-electrica-y-sistemas-de-control\/#breadcrumb\"},\"inLanguage\":\"fr-FR\",\"potentialAction\":[{\"@type\":\"ReadAction\",\"target\":[\"https:\/\/exceltic.serquo.com\/ingenieria-electrica-y-sistemas-de-control\/\"]}]},{\"@type\":\"ImageObject\",\"inLanguage\":\"fr-FR\",\"@id\":\"https:\/\/exceltic.serquo.com\/ingenieria-electrica-y-sistemas-de-control\/#primaryimage\",\"url\":\"https:\/\/exceltic.serquo.com\/wp-content\/uploads\/2022\/04\/an-army-of-robots-efficiently-sorting-hundreds-of-parcels-per-hour-automated-guided-vehicle-agv-scaled-1.jpg\",\"contentUrl\":\"https:\/\/exceltic.serquo.com\/wp-content\/uploads\/2022\/04\/an-army-of-robots-efficiently-sorting-hundreds-of-parcels-per-hour-automated-guided-vehicle-agv-scaled-1.jpg\",\"width\":2560,\"height\":1440,\"caption\":\"Automatizaci\u00f3n-industrial\"},{\"@type\":\"BreadcrumbList\",\"@id\":\"https:\/\/exceltic.serquo.com\/ingenieria-electrica-y-sistemas-de-control\/#breadcrumb\",\"itemListElement\":[{\"@type\":\"ListItem\",\"position\":1,\"name\":\"Portada\",\"item\":\"https:\/\/exceltic.serquo.com\/\"},{\"@type\":\"ListItem\",\"position\":2,\"name\":\"Ingenier\u00eda El\u00e9ctrica y Sistemas de Control\"}]},{\"@type\":\"WebSite\",\"@id\":\"https:\/\/exceltic.serquo.com\/#website\",\"url\":\"https:\/\/exceltic.serquo.com\/\",\"name\":\"\",\"description\":\"Ingenier\u00eda y Consultor\u00eda\",\"potentialAction\":[{\"@type\":\"SearchAction\",\"target\":{\"@type\":\"EntryPoint\",\"urlTemplate\":\"https:\/\/exceltic.serquo.com\/?s={search_term_string}\"},\"query-input\":{\"@type\":\"PropertyValueSpecification\",\"valueRequired\":true,\"valueName\":\"search_term_string\"}}],\"inLanguage\":\"fr-FR\"}]}<\/script>\n<!-- \/ Yoast SEO plugin. -->","yoast_head_json":{"title":"G\u00e9nie \u00e9lectrique et syst\u00e8mes de contr\u00f4le -","description":"L'automatisation industrielle am\u00e9liorera votre capacit\u00e9 productive et concurrentielle gr\u00e2ce aux outils les plus disruptifs du march\u00e9.","robots":{"index":"index","follow":"follow","max-snippet":"max-snippet:-1","max-image-preview":"max-image-preview:large","max-video-preview":"max-video-preview:-1"},"canonical":"https:\/\/exceltic.serquo.com\/fr\/ingenierie-electrique-et-systemes-de-controle\/","og_locale":"fr_FR","og_type":"article","og_title":"Ingenier\u00eda El\u00e9ctrica y Sistemas de Control -","og_description":"La Automatizaci\u00f3n Industrial mejorar\u00e1 tu capacidad productiva y competitiva gracias a las herramientas m\u00e1s disruptivas del mercado.","og_url":"https:\/\/exceltic.serquo.com\/fr\/ingenierie-electrique-et-systemes-de-controle\/","article_publisher":"https:\/\/www.facebook.com\/exceltic\/","article_modified_time":"2026-03-18T15:14:49+00:00","og_image":[{"width":1024,"height":576,"url":"https:\/\/exceltic.serquo.com\/wp-content\/uploads\/2022\/04\/an-army-of-robots-efficiently-sorting-hundreds-of-parcels-per-hour-automated-guided-vehicle-agv-scaled-1-1024x576.jpg","type":"image\/jpeg"}],"twitter_card":"summary_large_image","twitter_site":"@exceltic","schema":{"@context":"https:\/\/schema.org","@graph":[{"@type":"WebPage","@id":"https:\/\/exceltic.serquo.com\/ingenieria-electrica-y-sistemas-de-control\/","url":"https:\/\/exceltic.serquo.com\/ingenieria-electrica-y-sistemas-de-control\/","name":"G\u00e9nie \u00e9lectrique et syst\u00e8mes de contr\u00f4le -","isPartOf":{"@id":"https:\/\/exceltic.serquo.com\/#website"},"primaryImageOfPage":{"@id":"https:\/\/exceltic.serquo.com\/ingenieria-electrica-y-sistemas-de-control\/#primaryimage"},"image":{"@id":"https:\/\/exceltic.serquo.com\/ingenieria-electrica-y-sistemas-de-control\/#primaryimage"},"thumbnailUrl":"https:\/\/exceltic.serquo.com\/wp-content\/uploads\/2022\/04\/an-army-of-robots-efficiently-sorting-hundreds-of-parcels-per-hour-automated-guided-vehicle-agv-scaled-1.jpg","datePublished":"2022-04-22T12:48:05+00:00","dateModified":"2026-03-18T15:14:49+00:00","description":"L'automatisation industrielle am\u00e9liorera votre capacit\u00e9 productive et concurrentielle gr\u00e2ce aux outils les plus disruptifs du march\u00e9.","breadcrumb":{"@id":"https:\/\/exceltic.serquo.com\/ingenieria-electrica-y-sistemas-de-control\/#breadcrumb"},"inLanguage":"fr-FR","potentialAction":[{"@type":"ReadAction","target":["https:\/\/exceltic.serquo.com\/ingenieria-electrica-y-sistemas-de-control\/"]}]},{"@type":"ImageObject","inLanguage":"fr-FR","@id":"https:\/\/exceltic.serquo.com\/ingenieria-electrica-y-sistemas-de-control\/#primaryimage","url":"https:\/\/exceltic.serquo.com\/wp-content\/uploads\/2022\/04\/an-army-of-robots-efficiently-sorting-hundreds-of-parcels-per-hour-automated-guided-vehicle-agv-scaled-1.jpg","contentUrl":"https:\/\/exceltic.serquo.com\/wp-content\/uploads\/2022\/04\/an-army-of-robots-efficiently-sorting-hundreds-of-parcels-per-hour-automated-guided-vehicle-agv-scaled-1.jpg","width":2560,"height":1440,"caption":"Automatizaci\u00f3n-industrial"},{"@type":"BreadcrumbList","@id":"https:\/\/exceltic.serquo.com\/ingenieria-electrica-y-sistemas-de-control\/#breadcrumb","itemListElement":[{"@type":"ListItem","position":1,"name":"Portada","item":"https:\/\/exceltic.serquo.com\/"},{"@type":"ListItem","position":2,"name":"Ingenier\u00eda El\u00e9ctrica y Sistemas de Control"}]},{"@type":"WebSite","@id":"https:\/\/exceltic.serquo.com\/#website","url":"https:\/\/exceltic.serquo.com\/","name":"","description":"Ing\u00e9nierie et conseil","potentialAction":[{"@type":"SearchAction","target":{"@type":"EntryPoint","urlTemplate":"https:\/\/exceltic.serquo.com\/?s={search_term_string}"},"query-input":{"@type":"PropertyValueSpecification","valueRequired":true,"valueName":"search_term_string"}}],"inLanguage":"fr-FR"}]}},"_links":{"self":[{"href":"https:\/\/exceltic.serquo.com\/fr\/wp-json\/wp\/v2\/pages\/903","targetHints":{"allow":["GET"]}}],"collection":[{"href":"https:\/\/exceltic.serquo.com\/fr\/wp-json\/wp\/v2\/pages"}],"about":[{"href":"https:\/\/exceltic.serquo.com\/fr\/wp-json\/wp\/v2\/types\/page"}],"author":[{"embeddable":true,"href":"https:\/\/exceltic.serquo.com\/fr\/wp-json\/wp\/v2\/users\/1"}],"replies":[{"embeddable":true,"href":"https:\/\/exceltic.serquo.com\/fr\/wp-json\/wp\/v2\/comments?post=903"}],"version-history":[{"count":2,"href":"https:\/\/exceltic.serquo.com\/fr\/wp-json\/wp\/v2\/pages\/903\/revisions"}],"predecessor-version":[{"id":5263,"href":"https:\/\/exceltic.serquo.com\/fr\/wp-json\/wp\/v2\/pages\/903\/revisions\/5263"}],"wp:featuredmedia":[{"embeddable":true,"href":"https:\/\/exceltic.serquo.com\/fr\/wp-json\/wp\/v2\/media\/1613"}],"wp:attachment":[{"href":"https:\/\/exceltic.serquo.com\/fr\/wp-json\/wp\/v2\/media?parent=903"}],"curies":[{"name":"wp","href":"https:\/\/api.w.org\/{rel}","templated":true}]}}