{"id":932,"date":"2022-04-22T13:04:52","date_gmt":"2022-04-22T13:04:52","guid":{"rendered":"https:\/\/exceltic.serquo.com\/?page_id=932"},"modified":"2026-03-18T16:25:50","modified_gmt":"2026-03-18T15:25:50","slug":"tests-dassurance-qualite","status":"publish","type":"page","link":"https:\/\/exceltic.serquo.com\/fr\/tests-dassurance-qualite\/","title":{"rendered":"AQ et essais"},"content":{"rendered":"","protected":false},"excerpt":{"rendered":"","protected":false},"author":1,"featured_media":1629,"parent":0,"menu_order":0,"comment_status":"closed","ping_status":"closed","template":"energy-as-a-service","meta":{"footnotes":""},"class_list":["post-932","page","type-page","status-publish","has-post-thumbnail","hentry"],"yoast_head":"<!-- This site is optimized with the Yoast SEO plugin v26.9 - https:\/\/yoast.com\/product\/yoast-seo-wordpress\/ -->\n<title>QA &amp; Testing -<\/title>\n<meta name=\"description\" content=\"EaaS beneficia a una amplia gama de partes interesadas debido a la optimizaci\u00f3n de la infraestructura f\u00edsica, digital y de comunicaci\u00f3n.\" \/>\n<meta name=\"robots\" content=\"index, follow, max-snippet:-1, max-image-preview:large, max-video-preview:-1\" \/>\n<link rel=\"canonical\" href=\"https:\/\/exceltic.serquo.com\/fr\/tests-dassurance-qualite\/\" \/>\n<meta property=\"og:locale\" content=\"fr_FR\" \/>\n<meta property=\"og:type\" content=\"article\" \/>\n<meta property=\"og:title\" content=\"QA &amp; Testing -\" \/>\n<meta property=\"og:description\" content=\"EaaS beneficia a una amplia gama de partes interesadas debido a la optimizaci\u00f3n de la infraestructura f\u00edsica, digital y de comunicaci\u00f3n.\" \/>\n<meta property=\"og:url\" content=\"https:\/\/exceltic.serquo.com\/fr\/tests-dassurance-qualite\/\" \/>\n<meta property=\"article:publisher\" content=\"https:\/\/www.facebook.com\/exceltic\/\" \/>\n<meta property=\"article:modified_time\" content=\"2026-03-18T15:25:50+00:00\" \/>\n<meta property=\"og:image\" content=\"https:\/\/exceltic.serquo.com\/wp-content\/uploads\/2022\/04\/Freepik-businessman-with-light-bulb-in-his-hand-scaled-1-1024x621.jpg\" \/>\n\t<meta property=\"og:image:width\" content=\"1024\" \/>\n\t<meta property=\"og:image:height\" content=\"621\" \/>\n\t<meta property=\"og:image:type\" content=\"image\/jpeg\" \/>\n<meta name=\"twitter:card\" content=\"summary_large_image\" \/>\n<meta name=\"twitter:site\" content=\"@exceltic\" \/>\n<script type=\"application\/ld+json\" class=\"yoast-schema-graph\">{\"@context\":\"https:\/\/schema.org\",\"@graph\":[{\"@type\":\"WebPage\",\"@id\":\"https:\/\/exceltic.serquo.com\/qa-testing\/\",\"url\":\"https:\/\/exceltic.serquo.com\/qa-testing\/\",\"name\":\"QA & Testing -\",\"isPartOf\":{\"@id\":\"https:\/\/exceltic.serquo.com\/#website\"},\"primaryImageOfPage\":{\"@id\":\"https:\/\/exceltic.serquo.com\/qa-testing\/#primaryimage\"},\"image\":{\"@id\":\"https:\/\/exceltic.serquo.com\/qa-testing\/#primaryimage\"},\"thumbnailUrl\":\"https:\/\/exceltic.serquo.com\/wp-content\/uploads\/2022\/04\/Freepik-businessman-with-light-bulb-in-his-hand-scaled-1.jpg\",\"datePublished\":\"2022-04-22T13:04:52+00:00\",\"dateModified\":\"2026-03-18T15:25:50+00:00\",\"description\":\"EaaS beneficia a una amplia gama de partes interesadas debido a la optimizaci\u00f3n de la infraestructura f\u00edsica, digital y de comunicaci\u00f3n.\",\"breadcrumb\":{\"@id\":\"https:\/\/exceltic.serquo.com\/qa-testing\/#breadcrumb\"},\"inLanguage\":\"fr-FR\",\"potentialAction\":[{\"@type\":\"ReadAction\",\"target\":[\"https:\/\/exceltic.serquo.com\/qa-testing\/\"]}]},{\"@type\":\"ImageObject\",\"inLanguage\":\"fr-FR\",\"@id\":\"https:\/\/exceltic.serquo.com\/qa-testing\/#primaryimage\",\"url\":\"https:\/\/exceltic.serquo.com\/wp-content\/uploads\/2022\/04\/Freepik-businessman-with-light-bulb-in-his-hand-scaled-1.jpg\",\"contentUrl\":\"https:\/\/exceltic.serquo.com\/wp-content\/uploads\/2022\/04\/Freepik-businessman-with-light-bulb-in-his-hand-scaled-1.jpg\",\"width\":2560,\"height\":1552,\"caption\":\"Business man holding light bulb\"},{\"@type\":\"BreadcrumbList\",\"@id\":\"https:\/\/exceltic.serquo.com\/qa-testing\/#breadcrumb\",\"itemListElement\":[{\"@type\":\"ListItem\",\"position\":1,\"name\":\"Portada\",\"item\":\"https:\/\/exceltic.serquo.com\/\"},{\"@type\":\"ListItem\",\"position\":2,\"name\":\"QA &#038; Testing\"}]},{\"@type\":\"WebSite\",\"@id\":\"https:\/\/exceltic.serquo.com\/#website\",\"url\":\"https:\/\/exceltic.serquo.com\/\",\"name\":\"\",\"description\":\"Ingenier\u00eda y Consultor\u00eda\",\"potentialAction\":[{\"@type\":\"SearchAction\",\"target\":{\"@type\":\"EntryPoint\",\"urlTemplate\":\"https:\/\/exceltic.serquo.com\/?s={search_term_string}\"},\"query-input\":{\"@type\":\"PropertyValueSpecification\",\"valueRequired\":true,\"valueName\":\"search_term_string\"}}],\"inLanguage\":\"fr-FR\"}]}<\/script>\n<!-- \/ Yoast SEO plugin. -->","yoast_head_json":{"title":"AQ et essais -","description":"L'EaaS profite \u00e0 un large \u00e9ventail de parties prenantes gr\u00e2ce \u00e0 l'optimisation des infrastructures physiques, num\u00e9riques et de communication.","robots":{"index":"index","follow":"follow","max-snippet":"max-snippet:-1","max-image-preview":"max-image-preview:large","max-video-preview":"max-video-preview:-1"},"canonical":"https:\/\/exceltic.serquo.com\/fr\/tests-dassurance-qualite\/","og_locale":"fr_FR","og_type":"article","og_title":"QA & Testing -","og_description":"EaaS beneficia a una amplia gama de partes interesadas debido a la optimizaci\u00f3n de la infraestructura f\u00edsica, digital y de comunicaci\u00f3n.","og_url":"https:\/\/exceltic.serquo.com\/fr\/tests-dassurance-qualite\/","article_publisher":"https:\/\/www.facebook.com\/exceltic\/","article_modified_time":"2026-03-18T15:25:50+00:00","og_image":[{"width":1024,"height":621,"url":"https:\/\/exceltic.serquo.com\/wp-content\/uploads\/2022\/04\/Freepik-businessman-with-light-bulb-in-his-hand-scaled-1-1024x621.jpg","type":"image\/jpeg"}],"twitter_card":"summary_large_image","twitter_site":"@exceltic","schema":{"@context":"https:\/\/schema.org","@graph":[{"@type":"WebPage","@id":"https:\/\/exceltic.serquo.com\/qa-testing\/","url":"https:\/\/exceltic.serquo.com\/qa-testing\/","name":"AQ et essais -","isPartOf":{"@id":"https:\/\/exceltic.serquo.com\/#website"},"primaryImageOfPage":{"@id":"https:\/\/exceltic.serquo.com\/qa-testing\/#primaryimage"},"image":{"@id":"https:\/\/exceltic.serquo.com\/qa-testing\/#primaryimage"},"thumbnailUrl":"https:\/\/exceltic.serquo.com\/wp-content\/uploads\/2022\/04\/Freepik-businessman-with-light-bulb-in-his-hand-scaled-1.jpg","datePublished":"2022-04-22T13:04:52+00:00","dateModified":"2026-03-18T15:25:50+00:00","description":"L'EaaS profite \u00e0 un large \u00e9ventail de parties prenantes gr\u00e2ce \u00e0 l'optimisation des infrastructures physiques, num\u00e9riques et de communication.","breadcrumb":{"@id":"https:\/\/exceltic.serquo.com\/qa-testing\/#breadcrumb"},"inLanguage":"fr-FR","potentialAction":[{"@type":"ReadAction","target":["https:\/\/exceltic.serquo.com\/qa-testing\/"]}]},{"@type":"ImageObject","inLanguage":"fr-FR","@id":"https:\/\/exceltic.serquo.com\/qa-testing\/#primaryimage","url":"https:\/\/exceltic.serquo.com\/wp-content\/uploads\/2022\/04\/Freepik-businessman-with-light-bulb-in-his-hand-scaled-1.jpg","contentUrl":"https:\/\/exceltic.serquo.com\/wp-content\/uploads\/2022\/04\/Freepik-businessman-with-light-bulb-in-his-hand-scaled-1.jpg","width":2560,"height":1552,"caption":"Business man holding light bulb"},{"@type":"BreadcrumbList","@id":"https:\/\/exceltic.serquo.com\/qa-testing\/#breadcrumb","itemListElement":[{"@type":"ListItem","position":1,"name":"Portada","item":"https:\/\/exceltic.serquo.com\/"},{"@type":"ListItem","position":2,"name":"QA &#038; Testing"}]},{"@type":"WebSite","@id":"https:\/\/exceltic.serquo.com\/#website","url":"https:\/\/exceltic.serquo.com\/","name":"","description":"Ing\u00e9nierie et conseil","potentialAction":[{"@type":"SearchAction","target":{"@type":"EntryPoint","urlTemplate":"https:\/\/exceltic.serquo.com\/?s={search_term_string}"},"query-input":{"@type":"PropertyValueSpecification","valueRequired":true,"valueName":"search_term_string"}}],"inLanguage":"fr-FR"}]}},"_links":{"self":[{"href":"https:\/\/exceltic.serquo.com\/fr\/wp-json\/wp\/v2\/pages\/932","targetHints":{"allow":["GET"]}}],"collection":[{"href":"https:\/\/exceltic.serquo.com\/fr\/wp-json\/wp\/v2\/pages"}],"about":[{"href":"https:\/\/exceltic.serquo.com\/fr\/wp-json\/wp\/v2\/types\/page"}],"author":[{"embeddable":true,"href":"https:\/\/exceltic.serquo.com\/fr\/wp-json\/wp\/v2\/users\/1"}],"replies":[{"embeddable":true,"href":"https:\/\/exceltic.serquo.com\/fr\/wp-json\/wp\/v2\/comments?post=932"}],"version-history":[{"count":2,"href":"https:\/\/exceltic.serquo.com\/fr\/wp-json\/wp\/v2\/pages\/932\/revisions"}],"predecessor-version":[{"id":5271,"href":"https:\/\/exceltic.serquo.com\/fr\/wp-json\/wp\/v2\/pages\/932\/revisions\/5271"}],"wp:featuredmedia":[{"embeddable":true,"href":"https:\/\/exceltic.serquo.com\/fr\/wp-json\/wp\/v2\/media\/1629"}],"wp:attachment":[{"href":"https:\/\/exceltic.serquo.com\/fr\/wp-json\/wp\/v2\/media?parent=932"}],"curies":[{"name":"wp","href":"https:\/\/api.w.org\/{rel}","templated":true}]}}